{"id":10042,"date":"2022-06-22T06:17:17","date_gmt":"2022-06-22T11:17:17","guid":{"rendered":"https:\/\/petskinacademy.com\/inscripcion-de-estudiantes\/"},"modified":"2023-10-16T02:30:41","modified_gmt":"2023-10-16T07:30:41","slug":"inscripcion-de-estudiantes","status":"publish","type":"page","link":"https:\/\/petskinacademy.com\/es\/inscripcion-de-estudiantes\/","title":{"rendered":"Inscripci\u00f3n de estudiantes"},"content":{"rendered":"\n\n\t<div id=\"tutor-registration-wrap\">\n\n\t\t\n\t\t<form method=\"post\" enctype=\"multipart\/form-data\" id=\"tutor-registration-form\">\n\t\t\t<input type=\"hidden\" name=\"tutor_course_enroll_attempt\" value=\"\">\n\t\t\t\n\t\t\t<input type=\"hidden\" id=\"_tutor_nonce\" name=\"_tutor_nonce\" value=\"7e8ba3cb55\" \/><input type=\"hidden\" name=\"_wp_http_referer\" value=\"\/es\/wp-json\/wp\/v2\/pages\/10042\" \/>\t\t\t<input type=\"hidden\" value=\"tutor_register_student\" name=\"tutor_action\"\/>\n\n\t\t\t\n\t\t\t<div class=\"tutor-form-row\">\n\t\t\t\t<div class=\"tutor-form-col-6\">\n\t\t\t\t\t<div class=\"tutor-form-group\">\n\t\t\t\t\t\t<label>\n\t\t\t\t\t\t\tNombre\t\t\t\t\t\t<\/label>\n\n\t\t\t\t\t\t<input type=\"text\" name=\"first_name\" value=\"\" placeholder=\"Nombre\" required autocomplete=\"given-name\">\n\t\t\t\t\t<\/div>\n\t\t\t\t<\/div>\n\n\t\t\t\t<div class=\"tutor-form-col-6\">\n\t\t\t\t\t<div class=\"tutor-form-group\">\n\t\t\t\t\t\t<label>\n\t\t\t\t\t\t\tApellidos\t\t\t\t\t\t<\/label>\n\n\t\t\t\t\t\t<input type=\"text\" name=\"last_name\" value=\"\" placeholder=\"Apellidos\" required autocomplete=\"family-name\">\n\t\t\t\t\t<\/div>\n\t\t\t\t<\/div>\n\n\t\t\t<\/div>\n\n\t\t\t<div class=\"tutor-form-row\">\n\t\t\t\t<div class=\"tutor-form-col-6\">\n\t\t\t\t\t<div class=\"tutor-form-group\">\n\t\t\t\t\t\t<label>\n\t\t\t\t\t\t\tNombre de usuario\t\t\t\t\t\t<\/label>\n\n\t\t\t\t\t\t<input type=\"text\" name=\"user_login\" class=\"tutor_user_name\" value=\"\" placeholder=\"Nombre de usuario\" required autocomplete=\"username\">\n\t\t\t\t\t<\/div>\n\t\t\t\t<\/div>\n\n\t\t\t\t<div class=\"tutor-form-col-6\">\n\t\t\t\t\t<div class=\"tutor-form-group\">\n\t\t\t\t\t\t<label>\n\t\t\t\t\t\t\tCorreo electr\u00f3nico\t\t\t\t\t\t<\/label>\n\n\t\t\t\t\t\t<input type=\"text\" name=\"email\" value=\"\" placeholder=\"Correo electr\u00f3nico\" required autocomplete=\"email\">\n\t\t\t\t\t<\/div>\n\t\t\t\t<\/div>\n\n\t\t\t<\/div>\n\n\t\t\t<div class=\"tutor-form-row\">\n\t\t\t\t<div class=\"tutor-form-col-6\">\n\t\t\t\t\t<div class=\"tutor-form-group\">\n\t\t\t\t\t\t<div class=\"tutor-password-strength-checker\">\n\t\t\t\t\t\t\t<div class=\"tutor-password-field\">\n\t\t\t\t\t\t\t\t<label>\n\t\t\t\t\t\t\t\t\tContrase\u00f1a\t\t\t\t\t\t\t\t<\/label>\n\n\t\t\t\t\t\t\t\t<input class=\"password-checker\" id=\"tutor-new-password\" type=\"password\" name=\"password\" value=\"\" placeholder=\"Contrase\u00f1a\" required autocomplete=\"new-password\" style=\"margin-bottom: 0;\">\n\t\t\t\t\t\t\t\t<span class=\"show-hide-btn\"><\/span>\n\t\t\t\t\t\t\t<\/div>\n\n\t\t\t\t\t\t\t<div class=\"tutor-password-strength-hint\">\n\t\t\t\t\t\t\t\t<div class=\"indicator\">\n\t\t\t\t\t\t\t\t\t<span class=\"weak\"><\/span>\n\t\t\t\t\t\t\t\t\t<span class=\"medium\"><\/span>\n\t\t\t\t\t\t\t\t\t<span class=\"strong\"><\/span>\n\t\t\t\t\t\t\t\t<\/div>\n\t\t\t\t\t\t\t\t<div class=\"text tutor-fs-7 tutor-color-muted\"><\/div>\n\t\t\t\t\t\t\t<\/div>\n\t\t\t\t\t\t<\/div>\n\t\t\t\t\t<\/div>\n\t\t\t\t<\/div>\n\n\t\t\t\t<div class=\"tutor-form-col-6\">\n\t\t\t\t\t<div class=\"tutor-form-group\">\n\t\t\t\t\t\t<label>\n\t\t\t\t\t\t\tConfirmaci\u00f3n de contrase\u00f1a\t\t\t\t\t\t<\/label>\n\n\t\t\t\t\t\t<div class=\"tutor-form-wrap\">\n\t\t\t\t\t\t\t<span class=\"tutor-validation-icon tutor-icon-mark tutor-color-success tutor-form-icon tutor-form-icon-reverse\" style=\"display: none;\"><\/span>\n\t\t\t\t\t\t\t<input type=\"password\" name=\"password_confirmation\" value=\"\" placeholder=\"Confirmaci\u00f3n de contrase\u00f1a\" required autocomplete=\"new-password\" style=\"margin-bottom: 0;\">\n\t\t\t\t\t\t<\/div>\n\t\t\t\t\t<\/div>\n\t\t\t\t<\/div>\n\t\t\t<\/div>\n\n\n\t\t\t<div class=\"tutor-form-row\">\n\t\t\t\t<div class=\"tutor-form-col-12\">\n\t\t\t\t\t<div class=\"tutor-form-group\">\n\t\t\t\t\t<p style=\"display: none;\"><label>Introduce algo especial:<\/label><input name=\"aio_special_field\" type=\"text\" class=\"aio_special_field\" value=\"\" \/><\/p><div class=\"g-recaptcha-wrap\" style=\"padding:10px 0 10px 0\"><div  class=\"g-recaptcha\" data-sitekey=\"6Ld79yklAAAAAD6FIekP_jm57eDaJkseFOP4tTiE\"><\/div><\/div>\t\t\t\t\t<\/div>\n\t\t\t\t<\/div>\n\t\t\t<\/div>    \n\n\t\t\t\n\t\t\t\t\t\t\n\t\t\t<div>\n\t\t\t\t<button type=\"submit\" name=\"tutor_register_student_btn\" value=\"register\" class=\"tutor-btn tutor-btn-primary tutor-btn-block\">Reg\u00edstrate<\/button>\n\t\t\t<\/div>\n\t\t\t\t\t\t\n\t\t<\/form>\n\t\t\t\t\n\t<\/div>\n\t\n","protected":false},"excerpt":{"rendered":"Nombre Apellidos Nombre de usuario Correo electr\u00f3nico Contrase\u00f1a Confirmaci\u00f3n de contrase\u00f1a Introduce algo especial: Reg\u00edstrate","protected":false},"author":1,"featured_media":0,"parent":0,"menu_order":0,"comment_status":"closed","ping_status":"closed","template":"","meta":{"content-type":"","pmpro_default_level":"","_ppp_document_settings_meta":"","footnotes":""},"class_list":["post-10042","page","type-page","status-publish","hentry","pmpro-has-access"],"_links":{"self":[{"href":"https:\/\/petskinacademy.com\/es\/wp-json\/wp\/v2\/pages\/10042","targetHints":{"allow":["GET"]}}],"collection":[{"href":"https:\/\/petskinacademy.com\/es\/wp-json\/wp\/v2\/pages"}],"about":[{"href":"https:\/\/petskinacademy.com\/es\/wp-json\/wp\/v2\/types\/page"}],"author":[{"embeddable":true,"href":"https:\/\/petskinacademy.com\/es\/wp-json\/wp\/v2\/users\/1"}],"replies":[{"embeddable":true,"href":"https:\/\/petskinacademy.com\/es\/wp-json\/wp\/v2\/comments?post=10042"}],"version-history":[{"count":1,"href":"https:\/\/petskinacademy.com\/es\/wp-json\/wp\/v2\/pages\/10042\/revisions"}],"predecessor-version":[{"id":10413,"href":"https:\/\/petskinacademy.com\/es\/wp-json\/wp\/v2\/pages\/10042\/revisions\/10413"}],"wp:attachment":[{"href":"https:\/\/petskinacademy.com\/es\/wp-json\/wp\/v2\/media?parent=10042"}],"curies":[{"name":"wp","href":"https:\/\/api.w.org\/{rel}","templated":true}]}}