{"id":10051,"date":"2021-08-25T09:00:10","date_gmt":"2021-08-25T14:00:10","guid":{"rendered":"https:\/\/petskinacademy.com\/contacte-con-nosotros\/"},"modified":"2023-11-27T15:29:51","modified_gmt":"2023-11-27T20:29:51","slug":"contacte-con-nosotros","status":"publish","type":"page","link":"https:\/\/petskinacademy.com\/es\/contacte-con-nosotros\/","title":{"rendered":"Contacte con nosotros"},"content":{"rendered":"<div class=\"wpb-content-wrapper\"><p>[vc_row gap=&#8221;20&#8243; equal_height=&#8221;yes&#8221; content_placement=&#8221;middle&#8221; css=&#8221;.vc_custom_1637676166829{margin-top: 40px !important;}&#8221; woodmart_css_id=&#8221;619cf482aeeaf&#8221; responsive_spacing=&#8221;eyJwYXJhbV90eXBlIjoid29vZG1hcnRfcmVzcG9uc2l2ZV9zcGFjaW5nIiwic2VsZWN0b3JfaWQiOiI2MTljZjQ4MmFlZWFmIiwic2hvcnRjb2RlIjoidmNfcm93IiwiZGF0YSI6eyJ0YWJsZXQiOnt9LCJtb2JpbGUiOnt9fX0=&#8221; mobile_bg_img_hidden=&#8221;no&#8221; tablet_bg_img_hidden=&#8221;no&#8221; woodmart_parallax=&#8221;0&#8243; woodmart_gradient_switch=&#8221;no&#8221; woodmart_box_shadow=&#8221;no&#8221; wd_z_index=&#8221;no&#8221; woodmart_disable_overflow=&#8221;0&#8243; row_reverse_mobile=&#8221;0&#8243; row_reverse_tablet=&#8221;0&#8243;][vc_column width=&#8221;1\/3&#8243; woodmart_css_id=&#8221;619cef10e0ce3&#8243; parallax_scroll=&#8221;no&#8221; woodmart_sticky_column=&#8221;false&#8221; wd_collapsible_content_switcher=&#8221;no&#8221; mobile_bg_img_hidden=&#8221;no&#8221; tablet_bg_img_hidden=&#8221;no&#8221; woodmart_parallax=&#8221;0&#8243; woodmart_box_shadow=&#8221;no&#8221; mobile_reset_margin=&#8221;no&#8221; tablet_reset_margin=&#8221;no&#8221; wd_z_index=&#8221;no&#8221; responsive_spacing=&#8221;eyJwYXJhbV90eXBlIjoid29vZG1hcnRfcmVzcG9uc2l2ZV9zcGFjaW5nIiwic2VsZWN0b3JfaWQiOiI2MTljZWYxMGUwY2UzIiwic2hvcnRjb2RlIjoidmNfY29sdW1uIiwiZGF0YSI6eyJ0YWJsZXQiOnt9LCJtb2JpbGUiOnt9fX0=&#8221; css=&#8221;.vc_custom_1637674781348{padding: 20px !important;background-color: #f6f6f6 !important;}&#8221;]\n\t\t<div id=\"wd-62225fd8e1916\" class=\"title-wrapper wd-wpb wd-set-mb reset-last-child  wd-rs-62225fd8e1916 wd-title-color-default wd-title-style-default text-left  wd-underline-colored\">\n\t\t\t\n\t\t\t<div class=\"liner-continer\">\n\t\t\t\t<h4 class=\"woodmart-title-container title  wd-font-weight- wd-fontsize-l\" >LLAMAR o TEXTAR:<\/h4>\n\t\t\t\t\t\t\t<\/div>\n\t\t\t\n\t\t\t\n\t\t\t\n\t\t<\/div>\n\t\t\n\t\t[vc_column_text woodmart_inline=&#8221;no&#8221; text_larger=&#8221;no&#8221;]<a href=\"tel:8554648726\">855.464.8726<\/a>[\/vc_column_text][vc_column_text woodmart_inline=&#8221;no&#8221; text_larger=&#8221;no&#8221;]<span class=\"list-content\">Si inicia una conversaci\u00f3n por SMS con nosotros a nuestro n\u00famero (855-464-8726), est\u00e1 aceptando recibir SMS. No es necesario que se registre, a menos que desee que le enviemos mensajes. Si desea dejar de recibir SMS, env\u00ede la palabra &#8220;STOP&#8221; y dejaremos de enviarle mensajes.<\/span>[\/vc_column_text][vc_separator]\n\t\t<div id=\"wd-62225e291acae\" class=\"title-wrapper wd-wpb wd-set-mb reset-last-child  wd-rs-62225e291acae wd-title-color-default wd-title-style-default text-left  wd-underline-colored\">\n\t\t\t\n\t\t\t<div class=\"liner-continer\">\n\t\t\t\t<h4 class=\"woodmart-title-container title  wd-font-weight- wd-fontsize-l\" >Directorio de extensiones principales:<\/h4>\n\t\t\t\t\t\t\t<\/div>\n\t\t\t\n\t\t\t\n\t\t\t\n\t\t<\/div>\n\t\t\n\t\t[vc_column_text woodmart_inline=&#8221;no&#8221; text_larger=&#8221;no&#8221;]Atenci\u00f3n al cliente- Ext. 0<\/p>\n<p>Consulta (Costa Oeste)- Ext. 1<\/p>\n<p>Consulta (Costa Este)- Ext. 2[\/vc_column_text][vc_separator]\n\t\t<div id=\"wd-62225fe6e9a5e\" class=\"title-wrapper wd-wpb wd-set-mb reset-last-child  wd-rs-62225fe6e9a5e wd-title-color-default wd-title-style-default text-left  wd-underline-colored\">\n\t\t\t\n\t\t\t<div class=\"liner-continer\">\n\t\t\t\t<h4 class=\"woodmart-title-container title  wd-font-weight- wd-fontsize-l\" >CORREO ELECTR\u00d3NICO:<\/h4>\n\t\t\t\t\t\t\t<\/div>\n\t\t\t\n\t\t\t\n\t\t\t\n\t\t<\/div>\n\t\t\n\t\t[vc_column_text woodmart_inline=&#8221;no&#8221; text_larger=&#8221;no&#8221;]<a href=\"mailto:support@petskinacademy.com\">support@petskinacademy.com<\/a>[\/vc_column_text][vc_separator]\n\t\t<div id=\"wd-62225fff9d79f\" class=\"title-wrapper wd-wpb wd-set-mb reset-last-child  wd-rs-62225fff9d79f wd-title-color-default wd-title-style-default text-left  wd-underline-colored\">\n\t\t\t\n\t\t\t<div class=\"liner-continer\">\n\t\t\t\t<h4 class=\"woodmart-title-container title  wd-font-weight- wd-fontsize-l\" >HORARIO DE ATENCI\u00d3N AL CLIENTE:<\/h4>\n\t\t\t\t\t\t\t<\/div>\n\t\t\t\n\t\t\t\n\t\t\t\n\t\t<\/div>\n\t\t\n\t\t[vc_column_text woodmart_inline=&#8221;no&#8221; text_larger=&#8221;no&#8221;]<strong>Lunes<\/strong>: 9.00 h-17.00 h EST<br \/>\n<strong>Martes<\/strong>: 9.00 h-17.00 h EST<br \/>\n<strong>Mi\u00e9rcoles<\/strong>: 9.00 h-17.00 h EST<br \/>\n<strong>Jueves<\/strong>: 9.00 h-17.00 h EST<br \/>\n<strong>Viernes<\/strong>: 9.00 h-17.00 h EST<br \/>\n<strong>S\u00e1bado<\/strong>: Cerrado<br \/>\n<strong>Domingo<\/strong>: Cerrado[\/vc_column_text][\/vc_column][vc_column width=&#8221;2\/3&#8243;]\n\t\t<div id=\"wd-6310b7dce10d4\" class=\"title-wrapper wd-wpb wd-set-mb reset-last-child  wd-rs-6310b7dce10d4 wd-title-color-default wd-title-style-default text-left  wd-underline-colored\">\n\t\t\t\n\t\t\t<div class=\"liner-continer\">\n\t\t\t\t<h4 class=\"woodmart-title-container title  wd-font-weight- wd-fontsize-l\" >P\u00f3ngase en contacto con nosotros para cualquier consulta relacionada con el cuidado de la piel de los animales.<\/h4>\n\t\t\t\t\t\t\t<\/div>\n\t\t\t\n\t\t\t\n\t\t\t\n\t\t<\/div>\n\t\t\n\t\t[vc_raw_html]W3dwZm9ybXMgaWQ9Ijc3ODciXQ==[\/vc_raw_html][\/vc_column][\/vc_row]<\/p>\n<\/div>","protected":false},"excerpt":{"rendered":"<p>[vc_row gap=&#8221;20&#8243; equal_height=&#8221;yes&#8221; content_placement=&#8221;middle&#8221; css=&#8221;.vc_custom_1637676166829{margin-top: 40px !important;}&#8221; woodmart_css_id=&#8221;619cf482aeeaf&#8221; responsive_spacing=&#8221;eyJwYXJhbV90eXBlIjoid29vZG1hcnRfcmVzcG9uc2l2ZV9zcGFjaW5nIiwic2VsZWN0b3JfaWQiOiI2MTljZjQ4MmFlZWFmIiwic2hvcnRjb2RlIjoidmNfcm93IiwiZGF0YSI6eyJ0YWJsZXQiOnt9LCJtb2JpbGUiOnt9fX0=&#8221; mobile_bg_img_hidden=&#8221;no&#8221; tablet_bg_img_hidden=&#8221;no&#8221; woodmart_parallax=&#8221;0&#8243; woodmart_gradient_switch=&#8221;no&#8221; woodmart_box_shadow=&#8221;no&#8221; wd_z_index=&#8221;no&#8221; woodmart_disable_overflow=&#8221;0&#8243; row_reverse_mobile=&#8221;0&#8243; row_reverse_tablet=&#8221;0&#8243;][vc_column width=&#8221;1\/3&#8243; woodmart_css_id=&#8221;619cef10e0ce3&#8243;<\/p>\n","protected":false},"author":1,"featured_media":0,"parent":0,"menu_order":0,"comment_status":"closed","ping_status":"closed","template":"","meta":{"content-type":"","pmpro_default_level":"","_ppp_document_settings_meta":"","footnotes":""},"class_list":["post-10051","page","type-page","status-publish","hentry","pmpro-has-access"],"_links":{"self":[{"href":"https:\/\/petskinacademy.com\/es\/wp-json\/wp\/v2\/pages\/10051","targetHints":{"allow":["GET"]}}],"collection":[{"href":"https:\/\/petskinacademy.com\/es\/wp-json\/wp\/v2\/pages"}],"about":[{"href":"https:\/\/petskinacademy.com\/es\/wp-json\/wp\/v2\/types\/page"}],"author":[{"embeddable":true,"href":"https:\/\/petskinacademy.com\/es\/wp-json\/wp\/v2\/users\/1"}],"replies":[{"embeddable":true,"href":"https:\/\/petskinacademy.com\/es\/wp-json\/wp\/v2\/comments?post=10051"}],"version-history":[{"count":9,"href":"https:\/\/petskinacademy.com\/es\/wp-json\/wp\/v2\/pages\/10051\/revisions"}],"predecessor-version":[{"id":10617,"href":"https:\/\/petskinacademy.com\/es\/wp-json\/wp\/v2\/pages\/10051\/revisions\/10617"}],"wp:attachment":[{"href":"https:\/\/petskinacademy.com\/es\/wp-json\/wp\/v2\/media?parent=10051"}],"curies":[{"name":"wp","href":"https:\/\/api.w.org\/{rel}","templated":true}]}}