{"id":10052,"date":"2022-06-29T15:12:06","date_gmt":"2022-06-29T20:12:06","guid":{"rendered":"https:\/\/petskinacademy.com\/plan-gratuito\/"},"modified":"2024-07-12T03:14:37","modified_gmt":"2024-07-12T08:14:37","slug":"plan-gratuito","status":"publish","type":"page","link":"https:\/\/petskinacademy.com\/es\/plan-gratuito\/","title":{"rendered":"Plan gratuito"},"content":{"rendered":"<div class=\"wpb-content-wrapper\"><p>[vc_row][vc_column width=&#8221;1\/2&#8243;][vc_single_image image=&#8221;13585&#8243; img_size=&#8221;full&#8221; alignment=&#8221;center&#8221; css=&#8221;&#8221; parallax_scroll=&#8221;no&#8221; woodmart_inline=&#8221;no&#8221;][\/vc_column][vc_column width=&#8221;1\/2&#8243;]\n\t\t<div id=\"wd-631ae2502e6fe\" class=\"title-wrapper wd-wpb wd-set-mb reset-last-child  wd-rs-631ae2502e6fe wd-title-color-default wd-title-style-default text-left vc_custom_1662706262765 wd-underline-bordered\">\n\t\t\t\n\t\t\t<div class=\"liner-continer\">\n\t\t\t\t<h4 class=\"woodmart-title-container title  wd-font-weight-300 wd-fontsize-l\" >Descubra nuestro <strong><br \/>\n  <u>Plan gratuito<\/u><br \/>\n<\/strong>.<\/h4>\n\t\t\t\t\t\t\t<\/div>\n\t\t\t\n\t\t\t\n\t\t\t\n\t\t<\/div>\n\t\t\n\t\t\t\t<div id=\"wd-6647066667b4f\" class=\"wd-text-block wd-wpb reset-last-child wd-rs-6647066667b4f text-left wd-fontsize-custom \">\n\t\t\t<p>Accede a contenidos gratuitos como entradas de blog, art\u00edculos educativos y v\u00eddeos cortos.<br \/>\nPeri\u00f3dicamente se a\u00f1adir\u00e1n nuevos contenidos sobre una amplia gama de temas, como informaci\u00f3n para sacar el m\u00e1ximo partido al champ\u00fa, informaci\u00f3n sobre dolencias comunes de la piel, cuidados de mantenimiento, cuidados del caballo, \u00a1y mucho m\u00e1s!<\/p>\n\t\t<\/div>\n\t\t\t\t<div id=\"wd-664b7202a12bd\" class=\"wd-text-block wd-wpb reset-last-child wd-rs-664b7202a12bd text-left wd-fontsize-custom vc_custom_1716220652347\">\n\t\t\t<p style=\"text-align: center;\"> <a id=\"pmp-button\" href=\"\/my-dashboard\/\">\u00bfYa tienes una cuenta? Inicia sesi\u00f3n<\/a> <\/p>\n<p style=\"text-align: center;\"> <a href=\"https:\/\/petskinacademy.com\/es\/planes-de-afiliacion\/\">O descubre nuestros planes de afiliaci\u00f3n<\/a> <\/p>\n<p style=\"text-align: center;\"><\/p>\n\t\t<\/div>\n\t\t[\/vc_column][\/vc_row][vc_row css=&#8221;.vc_custom_1720772060197{padding-top: 25px !important;padding-right: 25px !important;padding-bottom: 25px !important;padding-left: 25px !important;background-color: #f1f3f5 !important;}&#8221; woodmart_css_id=&#8221;6690e5d7931e1&#8243; responsive_spacing=&#8221;eyJwYXJhbV90eXBlIjoid29vZG1hcnRfcmVzcG9uc2l2ZV9zcGFjaW5nIiwic2VsZWN0b3JfaWQiOiI2NjkwZTVkNzkzMWUxIiwic2hvcnRjb2RlIjoidmNfcm93IiwiZGF0YSI6eyJ0YWJsZXQiOnt9LCJtb2JpbGUiOnt9fX0=&#8221; mobile_bg_img_hidden=&#8221;no&#8221; tablet_bg_img_hidden=&#8221;no&#8221; woodmart_parallax=&#8221;0&#8243; woodmart_gradient_switch=&#8221;no&#8221; woodmart_box_shadow=&#8221;no&#8221; wd_z_index=&#8221;no&#8221; woodmart_disable_overflow=&#8221;0&#8243; row_reverse_mobile=&#8221;0&#8243; row_reverse_tablet=&#8221;0&#8243;][vc_column]\n\t\t<div id=\"wd-66460380163d6\" class=\"title-wrapper wd-wpb wd-set-mb reset-last-child  wd-rs-66460380163d6 wd-title-color-default wd-title-style-default text-left  wd-underline-bordered\">\n\t\t\t\n\t\t\t<div class=\"liner-continer\">\n\t\t\t\t<h4 class=\"woodmart-title-container title  wd-font-weight-300 wd-fontsize-xl\" >Qu\u00e9 incluye<\/h4>\n\t\t\t\t\t\t\t<\/div>\n\t\t\t\n\t\t\t\n\t\t\t\n\t\t<\/div>\n\t\t\n\t\t\t\t<div id=\"wd-6647258ff185e\" class=\"wd-text-block wd-wpb reset-last-child wd-rs-6647258ff185e text-left \">\n\t\t\t<ul>\n<li><a href=\"https:\/\/petskinacademy.com\/es\/momentos-didacticos-del-dr-faver\/\">Momentos did\u00e1cticos del Dr. Faver<\/a><\/li>\n<li><a href=\"https:\/\/petskinacademy.com\/es\/articulos-educativos\/\">Art\u00edculos educativos<\/a><\/li>\n<li><a href=\"https:\/\/petskinacademy.com\/es\/videos-cortos\/\">V\u00eddeos cortos<\/a><\/li>\n<li><a href=\"https:\/\/petskinacademy.com\/es\/fichas-informativas\/\" target=\"_blank\" rel=\"noopener\">Fichas informativas (algunas desbloqueadas)<\/a><\/li>\n<li><a href=\"https:\/\/petskinacademy.com\/es\/consultas-con-un-cpae\/\">Consultas gratuitas con un CPAe (de pago)<\/a><\/li>\n<\/ul>\n\t\t<\/div>\n\t\t[\/vc_column][\/vc_row][vc_row woodmart_css_id=&#8221;65bd10eb3d73a&#8221; responsive_spacing=&#8221;eyJwYXJhbV90eXBlIjoid29vZG1hcnRfcmVzcG9uc2l2ZV9zcGFjaW5nIiwic2VsZWN0b3JfaWQiOiI2NWJkMTBlYjNkNzNhIiwic2hvcnRjb2RlIjoidmNfcm93IiwiZGF0YSI6eyJ0YWJsZXQiOnt9LCJtb2JpbGUiOnt9fX0=&#8221; mobile_bg_img_hidden=&#8221;no&#8221; tablet_bg_img_hidden=&#8221;no&#8221; woodmart_parallax=&#8221;0&#8243; woodmart_gradient_switch=&#8221;no&#8221; woodmart_box_shadow=&#8221;no&#8221; wd_z_index=&#8221;no&#8221; woodmart_disable_overflow=&#8221;0&#8243; row_reverse_mobile=&#8221;0&#8243; row_reverse_tablet=&#8221;0&#8243;][vc_column][vc_empty_space woodmart_hide_large=&#8221;0&#8243; woodmart_hide_medium=&#8221;0&#8243; woodmart_hide_small=&#8221;0&#8243;][\/vc_column][\/vc_row][vc_row woodmart_css_id=&#8221;6690e492dd495&#8243; responsive_spacing=&#8221;eyJwYXJhbV90eXBlIjoid29vZG1hcnRfcmVzcG9uc2l2ZV9zcGFjaW5nIiwic2VsZWN0b3JfaWQiOiI2NjkwZTQ5MmRkNDk1Iiwic2hvcnRjb2RlIjoidmNfcm93IiwiZGF0YSI6eyJ0YWJsZXQiOnt9LCJtb2JpbGUiOnt9fX0=&#8221; mobile_bg_img_hidden=&#8221;no&#8221; tablet_bg_img_hidden=&#8221;no&#8221; woodmart_parallax=&#8221;0&#8243; woodmart_gradient_switch=&#8221;no&#8221; woodmart_box_shadow=&#8221;no&#8221; wd_z_index=&#8221;no&#8221; woodmart_disable_overflow=&#8221;0&#8243; row_reverse_mobile=&#8221;0&#8243; row_reverse_tablet=&#8221;0&#8243;][vc_column]\n\t\t<div id=\"wd-6690e4f6c1a52\" class=\"title-wrapper wd-wpb wd-set-mb reset-last-child  wd-rs-6690e4f6c1a52 wd-title-color-primary wd-title-style-bordered text-center vc_custom_1720771831633 wd-underline-colored\">\n\t\t\t\t\t\t\t\n\t\t\t\t<div class=\"title-subtitle  subtitle-color-primary font-default subtitle-style-default wd-font-weight- wd-fontsize-xs\">PREGUNTAS FRECUENTES<\/div>\n\t\t\t\n\t\t\t<div class=\"liner-continer\">\n\t\t\t\t<h4 class=\"woodmart-title-container title  wd-font-weight-300 wd-fontsize-xxl\" >Preguntas frecuentes<\/h4>\n\t\t\t\t\t\t\t<\/div>\n\t\t\t\n\t\t\t\n\t\t\t\n\t\t<\/div>\n\t\t\n\t\t[\/vc_column][\/vc_row][vc_row css=&#8221;.vc_custom_1720772068660{padding: 25px !important;background-color: #f1f3f5 !important;}&#8221; woodmart_css_id=&#8221;6690e5e0cc673&#8243; responsive_spacing=&#8221;eyJwYXJhbV90eXBlIjoid29vZG1hcnRfcmVzcG9uc2l2ZV9zcGFjaW5nIiwic2VsZWN0b3JfaWQiOiI2NjkwZTVlMGNjNjczIiwic2hvcnRjb2RlIjoidmNfcm93IiwiZGF0YSI6eyJ0YWJsZXQiOnt9LCJtb2JpbGUiOnt9fX0=&#8221; mobile_bg_img_hidden=&#8221;no&#8221; tablet_bg_img_hidden=&#8221;no&#8221; woodmart_parallax=&#8221;0&#8243; woodmart_gradient_switch=&#8221;no&#8221; woodmart_box_shadow=&#8221;no&#8221; wd_z_index=&#8221;no&#8221; woodmart_disable_overflow=&#8221;0&#8243; row_reverse_mobile=&#8221;0&#8243; row_reverse_tablet=&#8221;0&#8243;][vc_column]\n\t\t<div id=\"wd-\" class=\"wd-accordion wd-wpb  wd-style-default wd-titles-left wd-opener-pos-left wd-opener-style-arrow\" data-state=\"first\">\n\t\t\t\t\t\t\t\n\t\t\t\t\n\t\t\t\t<div class=\"wd-accordion-item\">\n\t\t\t\t\t<div class=\"wd-accordion-title wd-role-btn wd-active font-primary wd-fontsize-s wd-font-weight-600\" data-accordion-index=\"0\" tabindex=\"0\">\n\t\t\t\t\t\t<div class=\"wd-accordion-title-text\">\n\t\t\t\t\t\t\t\t\t\t\t\t\t\t<span>\n\t\t\t\t\t\t\t\tMe he suscrito a la cuenta del Plan gratuito de esteticista de mascotas; \u00bfc\u00f3mo accedo al contenido?\t\t\t\t\t\t\t<\/span>\n\t\t\t\t\t\t<\/div>\n\t\t\t\t\t\t<span class=\"wd-accordion-opener\"><\/span>\n\t\t\t\t\t<\/div>\n\n\t\t\t\t\t<div class=\"wd-accordion-content wd-entry-content wd-active\" data-accordion-index=\"0\">\n\t\t\t\t\t\t\t\t\t\t\t\t\t<p>Tras verificar su direcci\u00f3n de correo electr\u00f3nico, puede acceder a su cuenta y seguir las instrucciones que se indican a continuaci\u00f3n para ver los contenidos gratuitos. Estas instrucciones se basan en la orientaci\u00f3n del sitio en un PC; si utiliza un tel\u00e9fono u otro dispositivo para acceder al sitio, la posici\u00f3n de algunos botones puede variar.<\/p>\n<ol>\n<li>Al iniciar sesi\u00f3n, empieza por hacer clic en <strong>CONTENIDOS PRO<\/strong> en el men\u00fa principal<\/li>\n<li>Aqu\u00ed ver\u00e1s enlaces a los distintos contenidos y cursos.<\/li>\n<li>Las p\u00e1ginas de contenido gratuito son\n<ol>\n<li><strong>MOMENTOS DID\u00c1CTICOS DEL DR FAVER<\/strong><\/li>\n<li><strong>ART\u00cdCULOS EDUCATIVOS<\/strong><\/li>\n<li><strong>VIDEOS CORTOS<\/strong><\/li>\n<li><strong>HOJAS INFORMATIVAS<\/strong><\/li>\n<\/ol>\n<\/li>\n<\/ol>\n\t\t\t\t\t\t\t\t\t\t\t<\/div>\n\t\t\t\t<\/div>\n\t\t\t\t\t\t\t\t\t\t\t\t\t\t<\/div>\n\n\t\t[\/vc_column][\/vc_row][vc_row woodmart_css_id=&#8221;65bd10eb3d73a&#8221; responsive_spacing=&#8221;eyJwYXJhbV90eXBlIjoid29vZG1hcnRfcmVzcG9uc2l2ZV9zcGFjaW5nIiwic2VsZWN0b3JfaWQiOiI2NWJkMTBlYjNkNzNhIiwic2hvcnRjb2RlIjoidmNfcm93IiwiZGF0YSI6eyJ0YWJsZXQiOnt9LCJtb2JpbGUiOnt9fX0=&#8221; mobile_bg_img_hidden=&#8221;no&#8221; tablet_bg_img_hidden=&#8221;no&#8221; woodmart_parallax=&#8221;0&#8243; woodmart_gradient_switch=&#8221;no&#8221; woodmart_box_shadow=&#8221;no&#8221; wd_z_index=&#8221;no&#8221; woodmart_disable_overflow=&#8221;0&#8243; row_reverse_mobile=&#8221;0&#8243; row_reverse_tablet=&#8221;0&#8243;][vc_column][vc_empty_space woodmart_hide_large=&#8221;0&#8243; woodmart_hide_medium=&#8221;0&#8243; woodmart_hide_small=&#8221;0&#8243;][\/vc_column][\/vc_row]<\/p>\n<\/div>","protected":false},"excerpt":{"rendered":"<p>[vc_row][vc_column width=&#8221;1\/2&#8243;][vc_single_image image=&#8221;13585&#8243; img_size=&#8221;full&#8221; alignment=&#8221;center&#8221; css=&#8221;&#8221; parallax_scroll=&#8221;no&#8221; woodmart_inline=&#8221;no&#8221;][\/vc_column][vc_column width=&#8221;1\/2&#8243;][\/vc_column][\/vc_row][vc_row css=&#8221;.vc_custom_1720772060197{padding-top: 25px !important;padding-right: 25px !important;padding-bottom: 25px !important;padding-left: 25px !important;background-color: #f1f3f5 !important;}&#8221;<\/p>\n","protected":false},"author":1,"featured_media":0,"parent":0,"menu_order":0,"comment_status":"closed","ping_status":"closed","template":"","meta":{"content-type":"","pmpro_default_level":"","_ppp_document_settings_meta":"","footnotes":""},"class_list":["post-10052","page","type-page","status-publish","hentry","pmpro-has-access"],"_links":{"self":[{"href":"https:\/\/petskinacademy.com\/es\/wp-json\/wp\/v2\/pages\/10052","targetHints":{"allow":["GET"]}}],"collection":[{"href":"https:\/\/petskinacademy.com\/es\/wp-json\/wp\/v2\/pages"}],"about":[{"href":"https:\/\/petskinacademy.com\/es\/wp-json\/wp\/v2\/types\/page"}],"author":[{"embeddable":true,"href":"https:\/\/petskinacademy.com\/es\/wp-json\/wp\/v2\/users\/1"}],"replies":[{"embeddable":true,"href":"https:\/\/petskinacademy.com\/es\/wp-json\/wp\/v2\/comments?post=10052"}],"version-history":[{"count":27,"href":"https:\/\/petskinacademy.com\/es\/wp-json\/wp\/v2\/pages\/10052\/revisions"}],"predecessor-version":[{"id":14355,"href":"https:\/\/petskinacademy.com\/es\/wp-json\/wp\/v2\/pages\/10052\/revisions\/14355"}],"wp:attachment":[{"href":"https:\/\/petskinacademy.com\/es\/wp-json\/wp\/v2\/media?parent=10052"}],"curies":[{"name":"wp","href":"https:\/\/api.w.org\/{rel}","templated":true}]}}