{"id":10061,"date":"2022-06-01T12:56:17","date_gmt":"2022-06-01T17:56:17","guid":{"rendered":"https:\/\/petskinacademy.com\/preguntas-mas-frecuentes-faq\/"},"modified":"2023-10-10T05:01:50","modified_gmt":"2023-10-10T10:01:50","slug":"preguntas-mas-frecuentes-faq","status":"publish","type":"page","link":"https:\/\/petskinacademy.com\/es\/preguntas-mas-frecuentes-faq\/","title":{"rendered":"Preguntas m\u00e1s frecuentes (FAQ)"},"content":{"rendered":"<div class=\"wpb-content-wrapper\"><p>[vc_row css=&#8221;.vc_custom_1680705267562{background-color: #f1f3f5 !important;}&#8221; woodmart_css_id=&#8221;642d86eb7ca86&#8243; responsive_spacing=&#8221;eyJwYXJhbV90eXBlIjoid29vZG1hcnRfcmVzcG9uc2l2ZV9zcGFjaW5nIiwic2VsZWN0b3JfaWQiOiI2NDJkODZlYjdjYTg2Iiwic2hvcnRjb2RlIjoidmNfcm93IiwiZGF0YSI6eyJ0YWJsZXQiOnt9LCJtb2JpbGUiOnt9fX0=&#8221; mobile_bg_img_hidden=&#8221;no&#8221; tablet_bg_img_hidden=&#8221;no&#8221; woodmart_parallax=&#8221;0&#8243; woodmart_gradient_switch=&#8221;no&#8221; woodmart_box_shadow=&#8221;no&#8221; wd_z_index=&#8221;no&#8221; woodmart_disable_overflow=&#8221;0&#8243; row_reverse_mobile=&#8221;0&#8243; row_reverse_tablet=&#8221;0&#8243;][vc_column]\n\t\t<div id=\"wd-642d86a14d41c\" class=\"title-wrapper wd-wpb wd-set-mb reset-last-child  wd-rs-642d86a14d41c wd-title-color-default wd-title-style-default text-left  wd-underline-colored\">\n\t\t\t\n\t\t\t<div class=\"liner-continer\">\n\t\t\t\t<h4 class=\"woodmart-title-container title  wd-font-weight- wd-fontsize-l\" >M\u00f3dulo Uno Afiliaci\u00f3n<\/h4>\n\t\t\t\t\t\t\t<\/div>\n\t\t\t\n\t\t\t\n\t\t\t\n\t\t<\/div>\n\t\t\n\t\t\n\t\t<div id=\"wd-642d978f7190d\" class=\"wd-accordion wd-wpb wd-rs-642d978f7190d  wd-style-default wd-titles-left wd-opener-pos-right wd-opener-style-arrow\" data-state=\"all_closed\">\n\t\t\t\t\t\t\t\n\t\t\t\t\n\t\t\t\t<div class=\"wd-accordion-item\">\n\t\t\t\t\t<div class=\"wd-accordion-title wd-role-btn font-text wd-fontsize-s wd-font-weight-600\" data-accordion-index=\"0\" tabindex=\"0\">\n\t\t\t\t\t\t<div class=\"wd-accordion-title-text\">\n\t\t\t\t\t\t\t\t\t\t\t\t\t\t<span>\n\t\t\t\t\t\t\t\tHe comprado el curso del M\u00f3dulo 1; \u00bfc\u00f3mo desbloqueo los v\u00eddeos y empiezo?\t\t\t\t\t\t\t<\/span>\n\t\t\t\t\t\t<\/div>\n\t\t\t\t\t\t<span class=\"wd-accordion-opener\"><\/span>\n\t\t\t\t\t<\/div>\n\n\t\t\t\t\t<div class=\"wd-accordion-content wd-entry-content\" data-accordion-index=\"0\">\n\t\t\t\t\t\t\t\t\t\t\t\t\t<p>Despu\u00e9s de verificar su direcci\u00f3n de correo electr\u00f3nico e iniciar sesi\u00f3n en su cuenta, puede seguir las siguientes instrucciones para comenzar el M\u00f3dulo 1. Estas instrucciones se basan en la orientaci\u00f3n del sitio en un PC; si utiliza su tel\u00e9fono u otro dispositivo para acceder al sitio, la ubicaci\u00f3n de determinados botones puede variar.<\/p>\n<ol>\n<li>Despu\u00e9s de iniciar sesi\u00f3n, vaya a la p\u00e1gina <strong>PROGRAMAS DE AFILIACI\u00d3N<\/strong><\/li>\n<li>Seleccione <strong>COMENZAR AQU\u00cd<\/strong> en el M\u00f3dulo 1<\/li>\n<li>En la parte derecha de la pantalla de su ordenador, ver\u00e1 los enlaces al <strong>CURSO DEL M\u00d3DULO UNO<\/strong> y al <strong>MATERIAL EXTRA (V\u00cdDEOS)<\/strong><\/li>\n<li>Si lo desea, puede consultar los <strong>MATERIALES DE BONIFICACI\u00d3N<\/strong>. Estos v\u00eddeos son s\u00f3lo para su beneficio y no son informaci\u00f3n que se le examinar\u00e1 en el curso.<\/li>\n<li>Para empezar el M\u00f3dulo 1, seleccione <strong>CURSO M\u00d3DULO UNO<\/strong><\/li>\n<li>Acceder\u00e1 a la p\u00e1gina principal, donde podr\u00e1 ver el v\u00eddeo de introducci\u00f3n.<\/li>\n<li>Antes de empezar a ver los v\u00eddeos de las lecciones, debe hacer clic en <strong>COMENZAR CURSO<\/strong> a la derecha del v\u00eddeo de introducci\u00f3n para desbloquear los v\u00eddeos.<\/li>\n<li>Ahora puede empezar a ver los v\u00eddeos seleccionando <strong>COMENZAR A APRENDER<\/strong><\/li>\n<li>Una vez que haya visto el primer v\u00eddeo tantas veces como desee y est\u00e9 preparado para realizar el primer cuestionario, haga clic en <strong>MARCAR COMO COMPLETADO<\/strong> en la esquina superior derecha del v\u00eddeo para acceder al cuestionario.<\/li>\n<\/ol>\n\t\t\t\t\t\t\t\t\t\t\t<\/div>\n\t\t\t\t<\/div>\n\t\t\t\t\t\t\t\n\t\t\t\t\n\t\t\t\t<div class=\"wd-accordion-item\">\n\t\t\t\t\t<div class=\"wd-accordion-title wd-role-btn font-text wd-fontsize-s wd-font-weight-600\" data-accordion-index=\"1\" tabindex=\"0\">\n\t\t\t\t\t\t<div class=\"wd-accordion-title-text\">\n\t\t\t\t\t\t\t\t\t\t\t\t\t\t<span>\n\t\t\t\t\t\t\t\t\u00bfCu\u00e1ntas oportunidades tengo de aprobar los cuestionarios del M\u00f3dulo 1?\t\t\t\t\t\t\t<\/span>\n\t\t\t\t\t\t<\/div>\n\t\t\t\t\t\t<span class=\"wd-accordion-opener\"><\/span>\n\t\t\t\t\t<\/div>\n\n\t\t\t\t\t<div class=\"wd-accordion-content wd-entry-content\" data-accordion-index=\"1\">\n\t\t\t\t\t\t\t\t\t\t\t\t\t<p>Tendr\u00e1 una oportunidad en cada cuestionario para obtener una calificaci\u00f3n de aprobado igual o superior al 70%. <strong>Una vez que comience el cuestionario debe terminarlo<\/strong>. Si abandona el cuestionario en mitad del mismo, suspender\u00e1 la prueba. Si no apruebas un cuestionario, se te pedir\u00e1 que puedas comprar otra oportunidad. Si suspendes alguna de las pruebas, te recomendamos que vuelvas a ver la lecci\u00f3n y te pongas en contacto con nosotros si tienes alguna duda sobre la informaci\u00f3n. Estamos aqu\u00ed para ayudarle.<\/p>\n\t\t\t\t\t\t\t\t\t\t\t<\/div>\n\t\t\t\t<\/div>\n\t\t\t\t\t\t\t\n\t\t\t\t\n\t\t\t\t<div class=\"wd-accordion-item\">\n\t\t\t\t\t<div class=\"wd-accordion-title wd-role-btn font-text wd-fontsize-s wd-font-weight-600\" data-accordion-index=\"2\" tabindex=\"0\">\n\t\t\t\t\t\t<div class=\"wd-accordion-title-text\">\n\t\t\t\t\t\t\t\t\t\t\t\t\t\t<span>\n\t\t\t\t\t\t\t\tNo he superado uno de los cuestionarios; \u00bfc\u00f3mo puedo comprar otro cuestionario?\t\t\t\t\t\t\t<\/span>\n\t\t\t\t\t\t<\/div>\n\t\t\t\t\t\t<span class=\"wd-accordion-opener\"><\/span>\n\t\t\t\t\t<\/div>\n\n\t\t\t\t\t<div class=\"wd-accordion-content wd-entry-content\" data-accordion-index=\"2\">\n\t\t\t\t\t\t\t\t\t\t\t\t\t<p>Despu\u00e9s de obtener los resultados de tu cuestionario, deber\u00edas ver un enlace para comprar un c\u00f3digo de activaci\u00f3n. Si no lo ves, puedes ir a <strong>PROGRAMAS DE AFILIACI\u00d3N <\/strong>y luego seleccionar <strong>COMENZAR AQU\u00cd<\/strong> en el M\u00f3dulo 1. En la casilla Servicios disponibles, seleccionar\u00e1 <strong>\u00a1C\u00d3MPRALO AQU\u00cd!<\/strong><\/p>\n<p>Una vez que haya comprado su prueba adicional, recibir\u00e1 un correo electr\u00f3nico con su c\u00f3digo de activaci\u00f3n. <strong>No utilices este c\u00f3digo hasta que est\u00e9s listo para repetir el cuestionario. <\/strong>Cuando est\u00e9 listo para volver a hacer el cuestionario, vaya al cuestionario que necesita volver a hacer e introduzca el c\u00f3digo en la casilla correspondiente y seleccione <strong>VERIFICAR.<\/strong> Aparecer\u00e1 un bot\u00f3n para iniciar el cuestionario. Debe comenzar inmediatamente el concurso. Si abandona esta p\u00e1gina sin iniciar y finalizar el cuestionario, su activaci\u00f3n dejar\u00e1 de ser v\u00e1lida.<\/p>\n\t\t\t\t\t\t\t\t\t\t\t<\/div>\n\t\t\t\t<\/div>\n\t\t\t\t\t\t\t\n\t\t\t\t\n\t\t\t\t<div class=\"wd-accordion-item\">\n\t\t\t\t\t<div class=\"wd-accordion-title wd-role-btn font-text wd-fontsize-s wd-font-weight-600\" data-accordion-index=\"3\" tabindex=\"0\">\n\t\t\t\t\t\t<div class=\"wd-accordion-title-text\">\n\t\t\t\t\t\t\t\t\t\t\t\t\t\t<span>\n\t\t\t\t\t\t\t\t\u00bfCu\u00e1ntas veces puedo ver cada v\u00eddeo?\t\t\t\t\t\t\t<\/span>\n\t\t\t\t\t\t<\/div>\n\t\t\t\t\t\t<span class=\"wd-accordion-opener\"><\/span>\n\t\t\t\t\t<\/div>\n\n\t\t\t\t\t<div class=\"wd-accordion-content wd-entry-content\" data-accordion-index=\"3\">\n\t\t\t\t\t\t\t\t\t\t\t\t\t<p>Puede ver cada v\u00eddeo tantas veces como desee antes de realizar el cuestionario correspondiente. Podr\u00e1s volver atr\u00e1s y ver cada v\u00eddeo tantas veces como quieras, incluso despu\u00e9s de haber completado el programa. Si no entiendes algo en alg\u00fan momento y quieres alguna aclaraci\u00f3n, no dudes en ponerte en contacto con nosotros por tel\u00e9fono o mensaje de texto llamando al 855-464-8726 o envi\u00e1ndonos un correo electr\u00f3nico a <a href=\"mailto:support@petskinacademy.com\">support@petskinacademy.com.<\/a><\/p>\n\t\t\t\t\t\t\t\t\t\t\t<\/div>\n\t\t\t\t<\/div>\n\t\t\t\t\t\t\t\t\t\t\t\t\t\t<\/div>\n\n\t\t[\/vc_column][\/vc_row][vc_row][vc_column][vc_empty_space woodmart_hide_large=&#8221;0&#8243; woodmart_hide_medium=&#8221;0&#8243; woodmart_hide_small=&#8221;0&#8243;][\/vc_column][\/vc_row][vc_row css=&#8221;.vc_custom_1680705279460{background-color: #f1f3f5 !important;}&#8221; woodmart_css_id=&#8221;642d86f85f01a&#8221; responsive_spacing=&#8221;eyJwYXJhbV90eXBlIjoid29vZG1hcnRfcmVzcG9uc2l2ZV9zcGFjaW5nIiwic2VsZWN0b3JfaWQiOiI2NDJkODZmODVmMDFhIiwic2hvcnRjb2RlIjoidmNfcm93IiwiZGF0YSI6eyJ0YWJsZXQiOnt9LCJtb2JpbGUiOnt9fX0=&#8221; mobile_bg_img_hidden=&#8221;no&#8221; tablet_bg_img_hidden=&#8221;no&#8221; woodmart_parallax=&#8221;0&#8243; woodmart_gradient_switch=&#8221;no&#8221; woodmart_box_shadow=&#8221;no&#8221; wd_z_index=&#8221;no&#8221; woodmart_disable_overflow=&#8221;0&#8243; row_reverse_mobile=&#8221;0&#8243; row_reverse_tablet=&#8221;0&#8243;][vc_column]\n\t\t<div id=\"wd-642d86a7f24f2\" class=\"title-wrapper wd-wpb wd-set-mb reset-last-child  wd-rs-642d86a7f24f2 wd-title-color-default wd-title-style-default text-left  wd-underline-colored\">\n\t\t\t\n\t\t\t<div class=\"liner-continer\">\n\t\t\t\t<h4 class=\"woodmart-title-container title  wd-font-weight- wd-fontsize-l\" >Suscripci\u00f3n gratuita a contenidos<\/h4>\n\t\t\t\t\t\t\t<\/div>\n\t\t\t\n\t\t\t\n\t\t\t\n\t\t<\/div>\n\t\t\n\t\t\n\t\t<div id=\"wd-642d97a3041db\" class=\"wd-accordion wd-wpb wd-rs-642d97a3041db  wd-style-default wd-titles-left wd-opener-pos-right wd-opener-style-arrow\" data-state=\"all_closed\">\n\t\t\t\t\t\t\t\n\t\t\t\t\n\t\t\t\t<div class=\"wd-accordion-item\">\n\t\t\t\t\t<div class=\"wd-accordion-title wd-role-btn font-text wd-fontsize-s wd-font-weight-600\" data-accordion-index=\"0\" tabindex=\"0\">\n\t\t\t\t\t\t<div class=\"wd-accordion-title-text\">\n\t\t\t\t\t\t\t\t\t\t\t\t\t\t<span>\n\t\t\t\t\t\t\t\tMe he suscrito a una cuenta de contenidos gratuitos; \u00bfc\u00f3mo accedo a los contenidos?\t\t\t\t\t\t\t<\/span>\n\t\t\t\t\t\t<\/div>\n\t\t\t\t\t\t<span class=\"wd-accordion-opener\"><\/span>\n\t\t\t\t\t<\/div>\n\n\t\t\t\t\t<div class=\"wd-accordion-content wd-entry-content\" data-accordion-index=\"0\">\n\t\t\t\t\t\t\t\t\t\t\t\t\t<p>Tras verificar su direcci\u00f3n de correo electr\u00f3nico, puede acceder a su cuenta y seguir las instrucciones que se indican a continuaci\u00f3n para ver los contenidos gratuitos. Estas instrucciones se basan en la orientaci\u00f3n del sitio en un PC; si utiliza un tel\u00e9fono u otro dispositivo para acceder al sitio, la posici\u00f3n de algunos botones puede variar.<\/p>\n<ol>\n<li>Al iniciar sesi\u00f3n, dir\u00edjase a la p\u00e1gina <strong>CONENT GRATUITO<\/strong> del men\u00fa principal<\/li>\n<li>En la parte derecha de la pantalla de su ordenador ver\u00e1 el cuadro SERVICIOS DISPONIBLES. Este recuadro contendr\u00e1 enlaces a todos los contenidos gratuitos disponibles. Vis\u00edtenos regularmente para ver nuevos contenidos.<\/li>\n<\/ol>\n\t\t\t\t\t\t\t\t\t\t\t<\/div>\n\t\t\t\t<\/div>\n\t\t\t\t\t\t\t\t\t\t\t\t\t\t<\/div>\n\n\t\t[\/vc_column][\/vc_row]<\/p>\n<\/div>","protected":false},"excerpt":{"rendered":"<p>[vc_row css=&#8221;.vc_custom_1680705267562{background-color: #f1f3f5 !important;}&#8221; woodmart_css_id=&#8221;642d86eb7ca86&#8243; responsive_spacing=&#8221;eyJwYXJhbV90eXBlIjoid29vZG1hcnRfcmVzcG9uc2l2ZV9zcGFjaW5nIiwic2VsZWN0b3JfaWQiOiI2NDJkODZlYjdjYTg2Iiwic2hvcnRjb2RlIjoidmNfcm93IiwiZGF0YSI6eyJ0YWJsZXQiOnt9LCJtb2JpbGUiOnt9fX0=&#8221; mobile_bg_img_hidden=&#8221;no&#8221; tablet_bg_img_hidden=&#8221;no&#8221; woodmart_parallax=&#8221;0&#8243; woodmart_gradient_switch=&#8221;no&#8221; woodmart_box_shadow=&#8221;no&#8221; wd_z_index=&#8221;no&#8221; woodmart_disable_overflow=&#8221;0&#8243; row_reverse_mobile=&#8221;0&#8243; row_reverse_tablet=&#8221;0&#8243;][vc_column][\/vc_column][\/vc_row][vc_row][vc_column][vc_empty_space woodmart_hide_large=&#8221;0&#8243; woodmart_hide_medium=&#8221;0&#8243; woodmart_hide_small=&#8221;0&#8243;][\/vc_column][\/vc_row][vc_row css=&#8221;.vc_custom_1680705279460{background-color: #f1f3f5<\/p>\n","protected":false},"author":1,"featured_media":0,"parent":0,"menu_order":0,"comment_status":"closed","ping_status":"closed","template":"","meta":{"content-type":"","pmpro_default_level":"","_ppp_document_settings_meta":"","footnotes":""},"class_list":["post-10061","page","type-page","status-publish","hentry","pmpro-has-access"],"_links":{"self":[{"href":"https:\/\/petskinacademy.com\/es\/wp-json\/wp\/v2\/pages\/10061","targetHints":{"allow":["GET"]}}],"collection":[{"href":"https:\/\/petskinacademy.com\/es\/wp-json\/wp\/v2\/pages"}],"about":[{"href":"https:\/\/petskinacademy.com\/es\/wp-json\/wp\/v2\/types\/page"}],"author":[{"embeddable":true,"href":"https:\/\/petskinacademy.com\/es\/wp-json\/wp\/v2\/users\/1"}],"replies":[{"embeddable":true,"href":"https:\/\/petskinacademy.com\/es\/wp-json\/wp\/v2\/comments?post=10061"}],"version-history":[{"count":3,"href":"https:\/\/petskinacademy.com\/es\/wp-json\/wp\/v2\/pages\/10061\/revisions"}],"predecessor-version":[{"id":10283,"href":"https:\/\/petskinacademy.com\/es\/wp-json\/wp\/v2\/pages\/10061\/revisions\/10283"}],"wp:attachment":[{"href":"https:\/\/petskinacademy.com\/es\/wp-json\/wp\/v2\/media?parent=10061"}],"curies":[{"name":"wp","href":"https:\/\/api.w.org\/{rel}","templated":true}]}}