{"id":10065,"date":"2023-03-28T03:28:15","date_gmt":"2023-03-28T08:28:15","guid":{"rendered":"https:\/\/petskinacademy.com\/pagina-del-seminario-web-de-inscripcion\/"},"modified":"2023-10-16T10:44:03","modified_gmt":"2023-10-16T15:44:03","slug":"pagina-del-seminario-web-de-inscripcion","status":"publish","type":"page","link":"https:\/\/petskinacademy.com\/es\/pagina-del-seminario-web-de-inscripcion\/","title":{"rendered":"P\u00e1gina del seminario web de inscripci\u00f3n"},"content":{"rendered":"\n<div class=\"wp-block-columns is-layout-flex wp-container-core-columns-is-layout-9d6595d7 wp-block-columns-is-layout-flex\">\n<div class=\"wp-block-column is-layout-flow wp-block-column-is-layout-flow\" style=\"flex-basis:66.66%\">\n<p><strong>RECETAS PARA EL \u00c9XITO &#8211; SEMINARIO WEB EN DIRECTO CON EL DR. CLIFF FAVER<\/strong><\/p>\n\n\n\n<p><strong>DOMINGO 30 DE ABRIL &#8211; 12:00 PM &#8211; MDT<\/strong><\/p>\n\n\n\n<p><strong>DURACI\u00d3N: 2 HORAS<\/strong><\/p>\n\n\n\n<p><strong>PRECIO: 99,00<\/strong><\/p>\n\n\n\n<p>Si ha asistido a alguno de los seminarios del Dr. Faver, sabr\u00e1 que dedica la mayor parte de su tiempo a hablar de temas relacionados con la piel y la ciencia. En este seminario dar\u00e1 un paso m\u00e1s y hablar\u00e1 de t\u00e9cnicas, <strong>productos y recetas<\/strong>. Coge tu bloc de notas y prep\u00e1rate para obtener informaci\u00f3n que te lleve al siguiente paso de tu aprendizaje. No se pierda este seminario. Si nunca ha asistido a uno de los seminarios del Dr. Faver, obtendr\u00e1 informaci\u00f3n sobre c\u00f3mo empezar a resolver los problemas de la piel en una presentaci\u00f3n muy f\u00e1cil de entender. Es la primera vez que presenta este seminario, por lo que ser\u00e1 beneficioso independientemente del nivel en el que te encuentres.<\/p>\n\n\n\n<p>El seminario web se grabar\u00e1 y estar\u00e1 disponible durante <strong>72 horas<\/strong> una vez finalizado el seminario web en directo <strong>S\u00d3LO para las personas que se hayan inscrito. <\/strong> <\/p>\n<\/div>\n\n\n\n<div class=\"wp-block-column is-layout-flow wp-block-column-is-layout-flow\" style=\"flex-basis:33.33%\">        <div\r\n            class=\"wpws_registration_widget\"\r\n                        data-webinar='{\"id\":8713,\"name\":\"Recipes for Success\",\"is_paid\":true,\"is_recurring\":false,\"is_jit\":false,\"hosts\":\"Dr Faver\",\"recurring_type\":\"recur\",\"is_right_now\":false,\"timeslot_settings\":null,\"timeslots_to_show\":10,\"recurring_days_offset\":0,\"timezone\":\"GMT-4\",\"timezone_offset\":-240,\"custom_fields\":[{\"id\":\"DlKSj\",\"type\":\"phone\",\"labelValue\":\"Phone number\",\"isRequired\":true,\"chosen\":false,\"selected\":false}],\"one_time_datetime\":1682863200,\"registration_disabled\":true,\"is_gdpr_enabled\":true,\"gdpr_optin_text\":\"I agree that my personal information will be stored on your website for the use of this webinar and to send me notifications about the event.\",\"purchase_url\":\"https:\\\/\\\/petskinacademy.com\\\/es\\\/carrito\\\/?add-to-cart=8723&quantity=1\",\"registration_count\":60,\"question_count\":27,\"chat_count\":164,\"is_automated\":false,\"status\":\"clo\",\"is_published\":true,\"url\":\"https:\\\/\\\/petskinacademy.com\\\/es\\\/webinars\\\/recipes-for-success\\\/\",\"duration\":7200,\"max_hosted_attendee_count\":0,\"maximum_attendee_enabled\":false,\"automated_offset\":0,\"allow_anonymous_registration\":false,\"allow_standard_registration\":true,\"is_password_protected\":false,\"name_mode\":\"required\",\"lname_mode\":null,\"email_mode\":\"required\",\"is_soft_deleted\":false}'\r\n                        data-params='{\"name\":\"Recipes for success ESP\",\"webinarId\":8713,\"customThankYouPageId\":null,\"locale\":\"es\",\"backgroundColor\":\"rgba(250, 250, 250, 1)\",\"textColor\":\"rgb(102, 102, 102)\",\"width\":420,\"padding\":{\"top\":20,\"bottom\":20,\"left\":20,\"right\":20},\"border\":{\"width\":1,\"color\":\"rgba(239, 239, 239, 1)\",\"radius\":6,\"boxShadow\":false},\"registrationErrorText\":\"There was a problem registering you for this webinar\",\"registrationLimitReachedText\":\"There are no more places available for this webinar\",\"registrationPendingText\":\"Please check your email to complete your registration\",\"loginErrorText\":\"You don&apos;t appear to be registered for this webinar\",\"popupTriggerOnClick\":false,\"popupTriggerOnClickSelector\":\"\",\"customThankYouPage\":\"\",\"blocks\":[{\"type\":\"text\",\"id\":\"038156e0-fb9f-11e8-9f99-cb815369e439\",\"params\":{\"text\":\"\\u00danase a nuestro seminario web en vivo con el Dr. Faver\",\"font\":{\"size\":24,\"lineHeight\":22,\"color\":\"#666666\",\"transform\":\"none\",\"padding\":{\"top\":0,\"bottom\":0,\"left\":0,\"right\":0},\"weight\":\"bold\",\"decoration\":\"none\"},\"alignment\":\"left\",\"padding\":{\"top\":14,\"bottom\":0,\"left\":0,\"right\":0},\"displayOn\":\"all\"}},{\"type\":\"text\",\"id\":\"326fc390-fa16-11e8-a5cb-b79a8138cd4c\",\"params\":{\"text\":\"El Dr. Faver aborda varias recetas para tratar con \\u00e9xito diferentes necesidades y afecciones.\",\"font\":{\"size\":16,\"lineHeight\":21,\"color\":\"#666666\",\"transform\":\"none\",\"padding\":{\"top\":0,\"bottom\":0,\"left\":0,\"right\":0},\"weight\":\"normal\",\"decoration\":\"none\"},\"alignment\":\"left\",\"padding\":{\"top\":4,\"bottom\":17,\"left\":0,\"right\":0},\"displayOn\":\"all\"}},{\"type\":\"countdown-timer\",\"id\":\"2f97b250-fba0-11e8-9380-130795b491bb\",\"params\":{\"backgroundColor\":\"rgba(252, 185, 0, 1)\",\"spacing\":10,\"padding\":{\"top\":10,\"bottom\":10,\"left\":0,\"right\":0},\"unitFont\":{\"size\":23,\"lineHeight\":31,\"color\":\"rgba(255, 255, 255, 1)\",\"transform\":\"none\",\"weight\":\"bold\",\"padding\":{\"top\":0,\"bottom\":2,\"left\":0,\"right\":0},\"decoration\":\"none\"},\"valueFont\":{\"size\":14,\"lineHeight\":14,\"color\":\"rgba(255, 255, 255, 1)\",\"transform\":\"none\",\"weight\":\"normal\",\"padding\":{\"top\":0,\"bottom\":0,\"left\":0,\"right\":0},\"decoration\":\"none\"},\"border\":{\"width\":1,\"color\":\"#fafafa\",\"radius\":4},\"daysText\":\"days\",\"hoursText\":\"hrs\",\"minutesText\":\"mins\",\"secondsText\":\"secs\",\"displayOn\":\"all\"}},{\"type\":\"form\",\"id\":\"8acdee9e-5aa8-4fdf-99b7-8b1923167948\",\"params\":{\"padding\":{\"top\":0,\"bottom\":7,\"left\":0,\"right\":0},\"namePlaceholder\":\"Your Name\",\"emailPlaceholder\":\"Su direcci\\u00f3n de correo electr\\u00f3nico\",\"passwordPlaceholder\":\"Contrase\\u00f1a del seminario web\",\"textBoxFontSize\":14,\"textBoxHeight\":40,\"textBoxSpacing\":10,\"textBoxBorder\":{\"width\":1,\"color\":\"#f0f0f0\",\"radius\":5},\"textBoxTextColor\":\"#333333\",\"textBoxBackgroundColor\":\"rgba(255, 255, 255, 1)\",\"selectHoverItemTextColor\":\"#111111\",\"selectHoverItemBackgroundColor\":\"#e5e8eb\",\"selectSelectedItemTextColor\":\"#ffffff\",\"selectSelectedItemBackgroundColor\":\"#0d2e46\",\"checkboxColor\":\"#4A4A4A\",\"checkboxFont\":{\"size\":14,\"lineHeight\":17,\"color\":\"#666666\",\"transform\":\"none\",\"padding\":{\"top\":0,\"bottom\":0,\"left\":0,\"right\":0},\"weight\":\"normal\",\"decoration\":\"none\"},\"showSessions\":false,\"dateFormat\":\"dddd DD MMM YYYY\",\"timeFormat\":\"LT\",\"gdprOptinText\":\"I agree my personal information will be stored on your website for the use of this webinar and to send me notifications about the event\",\"fieldOrder\":\"name\\nemail\\ncustomFields\\nsessions\\ngdpr\\ncustomCheckboxes\"}},{\"type\":\"action-button\",\"id\":\"7627becb-bd19-4169-8838-8be3334db159\",\"params\":{\"registerText\":\"Registro\",\"loginText\":\"Acceso\",\"font\":{\"size\":19,\"color\":\"#ffffff\",\"transform\":\"normal\",\"weight\":\"normal\",\"padding\":{\"top\":0,\"bottom\":0,\"left\":0,\"right\":0},\"decoration\":\"none\"},\"backgroundColor\":\"rgba(22, 155, 204, 1)\",\"height\":50,\"border\":{\"width\":0,\"color\":\"#ffffff\",\"radius\":5},\"padding\":{\"top\":3,\"bottom\":8,\"left\":0,\"right\":0}}},{\"type\":\"login-register-link\",\"id\":\"8033fcff-139a-450b-bea4-46c2bb6d0c25\",\"params\":{\"loginText\":\"\\u00bfYa registrado?\",\"registerText\":\"\\u00bfNo registrado?\",\"font\":{\"color\":\"#888888\",\"size\":13,\"padding\":{\"top\":0,\"bottom\":0,\"left\":0,\"right\":0},\"weight\":\"normal\",\"transform\":\"none\",\"decoration\":\"underline\"},\"alignment\":\"center\",\"padding\":{\"top\":5,\"bottom\":3,\"left\":0,\"right\":0}}}]}'\r\n            data-widgetId='10435'\r\n        ><\/div>\r\n        \n<\/div>\n<\/div>\n","protected":false},"excerpt":{"rendered":"<p>RECETAS PARA EL \u00c9XITO &#8211; SEMINARIO WEB EN DIRECTO CON EL DR. CLIFF FAVER DOMINGO 30 DE ABRIL &#8211; 12:00<\/p>\n","protected":false},"author":1,"featured_media":0,"parent":0,"menu_order":0,"comment_status":"closed","ping_status":"closed","template":"","meta":{"content-type":"","pmpro_default_level":"","_ppp_document_settings_meta":"","footnotes":""},"class_list":["post-10065","page","type-page","status-publish","hentry","pmpro-has-access"],"_links":{"self":[{"href":"https:\/\/petskinacademy.com\/es\/wp-json\/wp\/v2\/pages\/10065","targetHints":{"allow":["GET"]}}],"collection":[{"href":"https:\/\/petskinacademy.com\/es\/wp-json\/wp\/v2\/pages"}],"about":[{"href":"https:\/\/petskinacademy.com\/es\/wp-json\/wp\/v2\/types\/page"}],"author":[{"embeddable":true,"href":"https:\/\/petskinacademy.com\/es\/wp-json\/wp\/v2\/users\/1"}],"replies":[{"embeddable":true,"href":"https:\/\/petskinacademy.com\/es\/wp-json\/wp\/v2\/comments?post=10065"}],"version-history":[{"count":3,"href":"https:\/\/petskinacademy.com\/es\/wp-json\/wp\/v2\/pages\/10065\/revisions"}],"predecessor-version":[{"id":10436,"href":"https:\/\/petskinacademy.com\/es\/wp-json\/wp\/v2\/pages\/10065\/revisions\/10436"}],"wp:attachment":[{"href":"https:\/\/petskinacademy.com\/es\/wp-json\/wp\/v2\/media?parent=10065"}],"curies":[{"name":"wp","href":"https:\/\/api.w.org\/{rel}","templated":true}]}}