{"id":10070,"date":"2022-08-31T06:47:21","date_gmt":"2022-08-31T11:47:21","guid":{"rendered":"https:\/\/petskinacademy.com\/nuestro-equipo\/"},"modified":"2024-05-17T03:22:54","modified_gmt":"2024-05-17T08:22:54","slug":"nuestro-equipo","status":"publish","type":"page","link":"https:\/\/petskinacademy.com\/es\/nuestro-equipo\/","title":{"rendered":"Nuestro equipo"},"content":{"rendered":"<div class=\"wpb-content-wrapper\"><p>[vc_row disable_element=&#8221;yes&#8221; woodmart_css_id=&#8221;630f2f25c2693&#8243; responsive_spacing=&#8221;eyJwYXJhbV90eXBlIjoid29vZG1hcnRfcmVzcG9uc2l2ZV9zcGFjaW5nIiwic2VsZWN0b3JfaWQiOiI2MzBmMmYyNWMyNjkzIiwic2hvcnRjb2RlIjoidmNfcm93IiwiZGF0YSI6eyJ0YWJsZXQiOnt9LCJtb2JpbGUiOnt9fX0=&#8221; mobile_bg_img_hidden=&#8221;no&#8221; tablet_bg_img_hidden=&#8221;no&#8221; woodmart_parallax=&#8221;0&#8243; woodmart_gradient_switch=&#8221;no&#8221; woodmart_box_shadow=&#8221;no&#8221; wd_z_index=&#8221;no&#8221; woodmart_disable_overflow=&#8221;0&#8243; row_reverse_mobile=&#8221;0&#8243; row_reverse_tablet=&#8221;0&#8243;][vc_column][vc_empty_space height=&#8221;40px&#8221; woodmart_hide_large=&#8221;0&#8243; woodmart_hide_medium=&#8221;0&#8243; woodmart_hide_small=&#8221;0&#8243; woodmart_hide_extra_small=&#8221;0&#8243;][\/vc_column][\/vc_row][vc_row][vc_column width=&#8221;1\/4&#8243;]\t\t<div id=\"wd-630f0472ae187\" class=\"wd-image wd-wpb wd-rs-630f0472ae187 text-center \">\n\t\t\t\n\t\t\t<img loading=\"lazy\" decoding=\"async\" width=\"212\" height=\"317\" src=\"https:\/\/petskinacademy.com\/wp-content\/uploads\/2022\/08\/cliff-faver.jpg\" class=\"attachment-full size-full\" alt=\"\" srcset=\"https:\/\/petskinacademy.com\/wp-content\/uploads\/2022\/08\/cliff-faver.jpg 212w, https:\/\/petskinacademy.com\/wp-content\/uploads\/2022\/08\/cliff-faver-150x224.jpg 150w, https:\/\/petskinacademy.com\/wp-content\/uploads\/2022\/08\/cliff-faver-201x300.jpg 201w, https:\/\/petskinacademy.com\/wp-content\/uploads\/2022\/08\/cliff-faver-33x50.jpg 33w\" sizes=\"auto, (max-width: 212px) 100vw, 212px\" \/>\n\t\t\t\t\t<\/div>\n\t\t[\/vc_column][vc_column width=&#8221;3\/4&#8243;]\t\t\t<div class=\"info-box-wrapper\">\n\t\t\t\t<div id=\"wd-631868410ca9c\" class=\" wd-rs-631868410ca9c wd-info-box wd-wpb text-left box-icon-align-left box-style- color-scheme-dark wd-bg-none wd-items-top \">\n\t\t\t\t\t\t\t\t\t\t<div class=\"info-box-content\">\n\t\t\t\t\t\t<div class=\"info-box-subtitle subtitle-color-default wd-fontsize-s subtitle-style-default\">DVM Pet Skin Academy<\/div><h3 class=\"info-box-title title box-title-style-default wd-fontsize-xl\">Cliff Faver<\/h3>\t\t\t\t\t\t<div class=\"info-box-inner reset-last-child\"><p><em>&#8220;Consciente de que el peluquero de una mascota puede manipularla cuatro veces m\u00e1s que su veterinario, animo, promuevo y practico una comunicaci\u00f3n s\u00f3lida entre el veterinario y el peluquero. De hecho, los peluqueros pueden ser la primera l\u00ednea de defensa de la salud de la mascota al reconocer y comunicar cu\u00e1ndo una mascota necesita atenci\u00f3n m\u00e9dica. Para lograr una salud \u00f3ptima de las mascotas, creo sinceramente en cerrar la brecha entre veterinarios y peluqueros.&#8221;<\/em><\/p>\n<p>El Dr. Cliff Faver, licenciado en 1987 por la Universidad Estatal de Colorado, es el fundador\/propietario y veterinario jefe de Animal Health Services y recientemente se ha convertido en el distribuidor en EE.UU. de los productos italianos de aseo para mascotas Iv San Bernard.<\/p>\n<p>Con m\u00e1s de 10 veterinarios y m\u00e1s de 60 empleados de apoyo, Animal Health Services es un centro de urgencias y cuidados cr\u00edticos para mascotas que funciona las 24 horas del d\u00eda, as\u00ed como un hospital veterinario de servicio completo que ofrece servicios que van desde vacunas hasta tomograf\u00edas computarizadas. En 2010, Animal Health Services fue nominado entre los 10 mejores &#8220;Hospitales del a\u00f1o&#8221; por la American Animal Hospital Association. Este centro de servicios integrales utiliza los tratamientos m\u00e9dicos alternativos, quir\u00fargicos, de diagn\u00f3stico y de urgencias m\u00e1s avanzados para ofrecer a los propietarios de animales de compa\u00f1\u00eda una gama completa de opciones para la curaci\u00f3n de sus mascotas.<\/p>\n<p>En 2006, el Dr. Faver fund\u00f3 un centro de bienestar dermatol\u00f3gico y peluquer\u00eda para mascotas situado en los Servicios de Salud Animal. Con la ayuda de su departamento de peluquer\u00eda, una combinaci\u00f3n de medicina veterinaria y terapias naturales para la piel con productos Iv San Bernard ha curado a numerosas mascotas con trastornos cut\u00e1neos, adem\u00e1s de ayudar a mascotas sanas a mantener la salud y belleza de su piel y pelaje. Tras a\u00f1os siendo testigo de los resultados realmente asombrosos de los productos Iv San Bernard, el Dr. Faver se convirti\u00f3 en distribuidor de la empresa en Estados Unidos a finales de 2011.<\/p>\n<p>El Dr. Faver tambi\u00e9n es miembro de varios comit\u00e9s y asociaciones nacionales como el Comit\u00e9 LEAD de Novartis, la Junta Veterinaria Global (Internacional) de Hill&#8217;s, el Grupo de Gesti\u00f3n Veterinaria n\u00ba 14, la Asociaci\u00f3n Americana de Hospitales de Animales (AAHA), la Asociaci\u00f3n M\u00e9dica Veterinaria de Arizona (AzVMA), la Asociaci\u00f3n M\u00e9dica Veterinaria Americana (AVMA), as\u00ed como su hospital es un centro de pruebas de Hill&#8217;s Pet Nutrition.<\/p>\n<p>Correo electr\u00f3nico: drfaver@isbusa.com<\/p>\n<p>Tel\u00e9fono: 855-464-8726 x 700<\/p>\n<\/div>\n\n\t\t\t\t\t\t\t\t\t\t\t<\/div>\n\n\t\t\t\t\t\n\t\t\t\t\t\t\t\t\t<\/div>\n\t\t\t<\/div>\n\t\t[vc_separator][\/vc_column][\/vc_row][vc_row][vc_column width=&#8221;1\/4&#8243;]\t\t<div id=\"wd-630f0488df104\" class=\"wd-image wd-wpb wd-rs-630f0488df104 text-center \">\n\t\t\t\n\t\t\t<img loading=\"lazy\" decoding=\"async\" width=\"212\" height=\"317\" src=\"https:\/\/petskinacademy.com\/wp-content\/uploads\/2022\/08\/suzanne-marchetti.jpg\" class=\"attachment-full size-full\" alt=\"\" srcset=\"https:\/\/petskinacademy.com\/wp-content\/uploads\/2022\/08\/suzanne-marchetti.jpg 212w, https:\/\/petskinacademy.com\/wp-content\/uploads\/2022\/08\/suzanne-marchetti-150x224.jpg 150w, https:\/\/petskinacademy.com\/wp-content\/uploads\/2022\/08\/suzanne-marchetti-201x300.jpg 201w, https:\/\/petskinacademy.com\/wp-content\/uploads\/2022\/08\/suzanne-marchetti-33x50.jpg 33w\" sizes=\"auto, (max-width: 212px) 100vw, 212px\" \/>\n\t\t\t\t\t<\/div>\n\t\t[\/vc_column][vc_column width=&#8221;3\/4&#8243;]\t\t\t<div class=\"info-box-wrapper\">\n\t\t\t\t<div id=\"wd-6318684a5a47e\" class=\" wd-rs-6318684a5a47e wd-info-box wd-wpb text-left box-icon-align-left box-style- color-scheme-dark wd-bg-none wd-items-top \">\n\t\t\t\t\t\t\t\t\t\t<div class=\"info-box-content\">\n\t\t\t\t\t\t<div class=\"info-box-subtitle subtitle-color-default wd-fontsize-s subtitle-style-default\">Educadora de la Academia y Consultora de Grooming<\/div><h3 class=\"info-box-title title box-title-style-default wd-fontsize-xl\">Suzanne Marchetti<\/h3>\t\t\t\t\t\t<div class=\"info-box-inner reset-last-child\"><p>Suzanne es una peluquera experimentada y propietaria de un negocio con 35 a\u00f1os de experiencia en peluquer\u00eda y 24 a\u00f1os como propietaria de su propio negocio. Su negocio m\u00e1s reciente fue Uptown Paw en Huntington Beach, California, donde dirigi\u00f3 una guarder\u00eda, residencia y peluquer\u00eda de 6.000 pies cuadrados sin jaulas.<\/p>\n<p>Suzanne est\u00e1 bien establecida en el mundo de la peluquer\u00eda y la exhibici\u00f3n. Es miembro fundador de la Southern California Professional Groomers Association (ex presidenta) y de la California Professional Pet Groomers Association. Es esteticista de mascotas certificada por Iv San Bernard, tiene una certificaci\u00f3n de Higienista de Animales de Compa\u00f1\u00eda (CAH) de la Western World Pet Supply Association, est\u00e1 trabajando en su certificaci\u00f3n de Peluqueros Profesionales Internacionales (IPG) y es una peluquera de competici\u00f3n internacional galardonada. Es propietaria, criadora y adiestradora profesional con licencia del AKC, as\u00ed como miembro de la junta del Burbank Kennel Club.<\/p>\n<p>Suzanne se form\u00f3 en Iv San Bernard con Monique van de Ven, fundadora de la Escuela Iv San Bernard de Toscana (Italia). Es experta en terapias, tratamientos con ozono, acicalamiento para espect\u00e1culos y competiciones, as\u00ed como en cuidados rutinarios de la piel.<\/p>\n<p>Tambi\u00e9n tiene conocimientos adicionales de medicina veterinaria gracias a sus 16 a\u00f1os de experiencia laboral en atenci\u00f3n veterinaria. Suzanne consult\u00f3 a dermat\u00f3logos veterinarios certificados que luchaban por utilizar \u00fanicamente tratamientos emp\u00edricos. Es una maestra en el cultivo y\/o restauraci\u00f3n de un pelaje sano para los perros en los rings de exposici\u00f3n o competici\u00f3n y es muy respetada por los adiestradores de algunos de los mejores perros de exposici\u00f3n del pa\u00eds. Su habilidad como peluquera y su vasto conocimiento de los productos Iv San Bernard la convierten en una asesora incre\u00edble desde el caso rutinario hasta los casos m\u00e1s dif\u00edciles que puedas tener.<\/p>\n<p>Correo electr\u00f3nico: suzanne@isbusa.com<\/p>\n<p>Tel\u00e9fono: 855-464-8726 x 705<\/p>\n<\/div>\n\n\t\t\t\t\t\t\t\t\t\t\t<\/div>\n\n\t\t\t\t\t\n\t\t\t\t\t\t\t\t\t<\/div>\n\t\t\t<\/div>\n\t\t[vc_separator][\/vc_column][\/vc_row][vc_row][vc_column width=&#8221;1\/4&#8243;]\t\t<div id=\"wd-65ea2358e35cc\" class=\"wd-image wd-wpb wd-rs-65ea2358e35cc text-center \">\n\t\t\t\n\t\t\t<img loading=\"lazy\" decoding=\"async\" width=\"212\" height=\"317\" src=\"https:\/\/petskinacademy.com\/wp-content\/uploads\/2022\/08\/heater-hudson.jpeg\" class=\"attachment-full size-full\" alt=\"\" srcset=\"https:\/\/petskinacademy.com\/wp-content\/uploads\/2022\/08\/heater-hudson.jpeg 212w, https:\/\/petskinacademy.com\/wp-content\/uploads\/2022\/08\/heater-hudson-150x224.jpeg 150w, https:\/\/petskinacademy.com\/wp-content\/uploads\/2022\/08\/heater-hudson-201x300.jpeg 201w, https:\/\/petskinacademy.com\/wp-content\/uploads\/2022\/08\/heater-hudson-33x50.jpeg 33w\" sizes=\"auto, (max-width: 212px) 100vw, 212px\" \/>\n\t\t\t\t\t<\/div>\n\t\t[\/vc_column][vc_column width=&#8221;3\/4&#8243;]\t\t\t<div class=\"info-box-wrapper\">\n\t\t\t\t<div id=\"wd-6318685d0f6b8\" class=\" wd-rs-6318685d0f6b8 wd-info-box wd-wpb text-left box-icon-align-left box-style- color-scheme-dark wd-bg-none wd-items-top \">\n\t\t\t\t\t\t\t\t\t\t<div class=\"info-box-content\">\n\t\t\t\t\t\t<div class=\"info-box-subtitle subtitle-color-default wd-fontsize-s subtitle-style-default\">Educadora de la Academia y Consultora de Grooming<\/div><h3 class=\"info-box-title title box-title-style-default wd-fontsize-xl\">Heather Hudson<\/h3>\t\t\t\t\t\t<div class=\"info-box-inner reset-last-child\"><p>Heather ha sido peluquera profesional durante 13 a\u00f1os y ha sido propietaria de su sal\u00f3n, StylaPet Dog Spa, durante 11 a\u00f1os en New Lenox, IL. En su sal\u00f3n, siempre se ha centrado en el uso de productos para mascotas de la m\u00e1s alta calidad disponible y cree que cuando se trata de aseo no deber\u00eda tener que sacrificar la comodidad de sus mascotas para el estilo. Aqu\u00ed es donde su amor por<br \/>\nComenz\u00f3 Iv San Bernard y desde 2018 lo utiliza exclusivamente en su sal\u00f3n y en sus perros personales.<\/p>\n<p>Heather viaja por todo el pa\u00eds participando en concursos de peluquer\u00eda y exposiciones caninas. Siempre defensora de la formaci\u00f3n continua, nunca deja de aprender y de esforzarse en su objetivo de ser la mejor estilista de mascotas que pueda ser, as\u00ed como de ayudar a formar a la pr\u00f3xima generaci\u00f3n de peluqueros profesionales. En 2017, Heather termin\u00f3 como la groomer # 12 en el pa\u00eds y la groomer competitiva # 2 en IL. Tambi\u00e9n es Master Groomer certificada a nivel nacional por la National Dog Groomers Association of America, as\u00ed como esteticista de mascotas certificada por el programa de formaci\u00f3n Iv San Bernard. En 2019, viaj\u00f3 al otro lado del mar para ense\u00f1ar en el Iv San Bernard Mega Show en Empoli, Italia.<\/p>\n<p>Ella tiene un fuerte enfoque en terriers y perros de pelo de alambre y ha mostrado su Lakeland Terriers en la exposici\u00f3n canina y el anillo de la competencia de aseo con mucho \u00e9xito. Tambi\u00e9n le apasiona trabajar con perros con problemas de piel y ayudar a aliviar los problemas que nuestros clientes sufren a diario. El uso de los productos Iv San Bernard en su sal\u00f3n no s\u00f3lo le ha dado una lecci\u00f3n sobre los beneficios que estos productos tienen en sus perros de sal\u00f3n de todos los d\u00edas, sino tambi\u00e9n sobre las mejores maneras de incorporar los productos y las t\u00e9cnicas Iv San Bernard en la vida cotidiana del sal\u00f3n.<\/p>\n<p>Correo electr\u00f3nico: heather@isbusa.com<\/p>\n<p>Tel\u00e9fono: 855-464-8726 x 704<\/p>\n<\/div>\n\n\t\t\t\t\t\t\t\t\t\t\t<\/div>\n\n\t\t\t\t\t\n\t\t\t\t\t\t\t\t\t<\/div>\n\t\t\t<\/div>\n\t\t[\/vc_column][\/vc_row][vc_row][vc_column width=&#8221;1\/4&#8243;]\t\t<div id=\"wd-65ea237282afd\" class=\"wd-image wd-wpb wd-rs-65ea237282afd text-center \">\n\t\t\t\n\t\t\t<img loading=\"lazy\" decoding=\"async\" width=\"1529\" height=\"2048\" src=\"https:\/\/petskinacademy.com\/wp-content\/uploads\/2024\/03\/IMG_9632.jpg\" class=\"attachment-full size-full\" alt=\"\" srcset=\"https:\/\/petskinacademy.com\/wp-content\/uploads\/2024\/03\/IMG_9632.jpg 1529w, https:\/\/petskinacademy.com\/wp-content\/uploads\/2024\/03\/IMG_9632-150x201.jpg 150w, https:\/\/petskinacademy.com\/wp-content\/uploads\/2024\/03\/IMG_9632-700x938.jpg 700w, https:\/\/petskinacademy.com\/wp-content\/uploads\/2024\/03\/IMG_9632-224x300.jpg 224w, https:\/\/petskinacademy.com\/wp-content\/uploads\/2024\/03\/IMG_9632-597x800.jpg 597w, https:\/\/petskinacademy.com\/wp-content\/uploads\/2024\/03\/IMG_9632-768x1029.jpg 768w, https:\/\/petskinacademy.com\/wp-content\/uploads\/2024\/03\/IMG_9632-1147x1536.jpg 1147w, https:\/\/petskinacademy.com\/wp-content\/uploads\/2024\/03\/IMG_9632-860x1152.jpg 860w, https:\/\/petskinacademy.com\/wp-content\/uploads\/2024\/03\/IMG_9632-37x50.jpg 37w\" sizes=\"auto, (max-width: 1529px) 100vw, 1529px\" \/>\n\t\t\t\t\t<\/div>\n\t\t[\/vc_column][vc_column width=&#8221;3\/4&#8243;]\t\t\t<div class=\"info-box-wrapper\">\n\t\t\t\t<div id=\"wd-65ea22b50320f\" class=\" wd-rs-65ea22b50320f wd-info-box wd-wpb text-left box-icon-align-left box-style- color-scheme-dark wd-bg-none wd-items-top \">\n\t\t\t\t\t\t\t\t\t\t<div class=\"info-box-content\">\n\t\t\t\t\t\t<div class=\"info-box-subtitle subtitle-color-default wd-fontsize-s subtitle-style-default\">Educadora de la Academia y Consultora de Grooming<\/div><h3 class=\"info-box-title title box-title-style-default wd-fontsize-xl\">Tish Thorpe<\/h3>\t\t\t\t\t\t<div class=\"info-box-inner reset-last-child\"><\/p>\n<div class=\"info-box-inner set-cont-mb-s reset-last-child\">\n<p>Desde muy joven, Tish supo que el cuidado de los animales era su pasi\u00f3n. Comenz\u00f3 su carrera de por vida como peluquera equina en su juventud y, en 2001, se aventur\u00f3 en el mundo de la peluquer\u00eda canina. Tish ha dedicado incontables horas a estudiar y perfeccionar una serie de cortes est\u00e1ndar de raza y a educar a los clientes sobre c\u00f3mo cuidar mejor el pelaje \u00fanico de sus mascotas. Tiene formaci\u00f3n internacional como esteticista certificada de animales de compa\u00f1\u00eda (CPAe), proveedora profesional certificada de cuidados de animales (CPACP) y est\u00e1 reconocida como peluquera con certificaci\u00f3n de seguridad AKC.<\/p>\n<p>Tish es licenciada en zootecnia y trabaj\u00f3 varios a\u00f1os como t\u00e9cnica veterinaria, atendiendo principalmente a grandes animales. Tambi\u00e9n ha dedicado gran parte de su vida a trabajar como entrenadora y cuidadora de equinos. Tish ha colaborado con entrenadores de caballos de todo el mundo y de varias disciplinas ecuestres. Ha exhibido caballos por todo Estados Unidos y Canad\u00e1 en nombre de varias granjas de renombre mundial.<\/p>\n<p>Adem\u00e1s de exhibir caballos, Tish es una experimentada adiestradora de perros de exhibici\u00f3n, especializada en pastores australianos y perros de aguas irlandeses. Ha sido una \u00e1vida competidora en numerosos deportes caninos, como pastoreo, confirmaci\u00f3n, Rally O, buceo en muelle, Disc Dog, caza en establo y agility. Tish tambi\u00e9n ha sido Oficial y miembro del Consejo del Great Barrington Kennel Club, un club de todas las razas afiliado al AKC. Ocup\u00f3 un cargo en el Consejo de Administraci\u00f3n de New England Pet Grooming Professionals y ha sido miembro de m\u00faltiples clubes de razas tanto caninas como equinas.<\/p>\n<p>Tanto si preparaba a un animal para la competici\u00f3n como si desarrollaba un plan de tratamiento para una afecci\u00f3n cut\u00e1nea rebelde, la l\u00ednea Iv San Bernard ha sido durante mucho tiempo un elemento b\u00e1sico en las t\u00e9cnicas de acicalamiento de Tish. Est\u00e1 encantada de poder compartir sus conocimientos sobre estos productos y concienciar sobre c\u00f3mo hacer que todos los animales se vean y se sientan lo mejor posible.<\/p>\n<p>Correo electr\u00f3nico: tish@isbusa.com<\/p>\n<p>Tel\u00e9fono: 855-464-8726 x 706<\/p>\n<\/div>\n<p>\n<\/div>\n\n\t\t\t\t\t\t\t\t\t\t\t<\/div>\n\n\t\t\t\t\t\n\t\t\t\t\t\t\t\t\t<\/div>\n\t\t\t<\/div>\n\t\t[\/vc_column][\/vc_row]<\/p>\n<\/div>","protected":false},"excerpt":{"rendered":"<p>[vc_row disable_element=&#8221;yes&#8221; woodmart_css_id=&#8221;630f2f25c2693&#8243; responsive_spacing=&#8221;eyJwYXJhbV90eXBlIjoid29vZG1hcnRfcmVzcG9uc2l2ZV9zcGFjaW5nIiwic2VsZWN0b3JfaWQiOiI2MzBmMmYyNWMyNjkzIiwic2hvcnRjb2RlIjoidmNfcm93IiwiZGF0YSI6eyJ0YWJsZXQiOnt9LCJtb2JpbGUiOnt9fX0=&#8221; mobile_bg_img_hidden=&#8221;no&#8221; tablet_bg_img_hidden=&#8221;no&#8221; woodmart_parallax=&#8221;0&#8243; woodmart_gradient_switch=&#8221;no&#8221; woodmart_box_shadow=&#8221;no&#8221; wd_z_index=&#8221;no&#8221; woodmart_disable_overflow=&#8221;0&#8243; row_reverse_mobile=&#8221;0&#8243; row_reverse_tablet=&#8221;0&#8243;][vc_column][vc_empty_space height=&#8221;40px&#8221; woodmart_hide_large=&#8221;0&#8243; woodmart_hide_medium=&#8221;0&#8243; woodmart_hide_small=&#8221;0&#8243; woodmart_hide_extra_small=&#8221;0&#8243;][\/vc_column][\/vc_row][vc_row][vc_column width=&#8221;1\/4&#8243;][\/vc_column][vc_column width=&#8221;3\/4&#8243;][vc_separator][\/vc_column][\/vc_row][vc_row][vc_column<\/p>\n","protected":false},"author":1,"featured_media":0,"parent":0,"menu_order":0,"comment_status":"closed","ping_status":"closed","template":"","meta":{"content-type":"","pmpro_default_level":"","_ppp_document_settings_meta":"","footnotes":""},"class_list":["post-10070","page","type-page","status-publish","hentry","pmpro-has-access"],"_links":{"self":[{"href":"https:\/\/petskinacademy.com\/es\/wp-json\/wp\/v2\/pages\/10070","targetHints":{"allow":["GET"]}}],"collection":[{"href":"https:\/\/petskinacademy.com\/es\/wp-json\/wp\/v2\/pages"}],"about":[{"href":"https:\/\/petskinacademy.com\/es\/wp-json\/wp\/v2\/types\/page"}],"author":[{"embeddable":true,"href":"https:\/\/petskinacademy.com\/es\/wp-json\/wp\/v2\/users\/1"}],"replies":[{"embeddable":true,"href":"https:\/\/petskinacademy.com\/es\/wp-json\/wp\/v2\/comments?post=10070"}],"version-history":[{"count":4,"href":"https:\/\/petskinacademy.com\/es\/wp-json\/wp\/v2\/pages\/10070\/revisions"}],"predecessor-version":[{"id":12633,"href":"https:\/\/petskinacademy.com\/es\/wp-json\/wp\/v2\/pages\/10070\/revisions\/12633"}],"wp:attachment":[{"href":"https:\/\/petskinacademy.com\/es\/wp-json\/wp\/v2\/media?parent=10070"}],"curies":[{"name":"wp","href":"https:\/\/api.w.org\/{rel}","templated":true}]}}