{"id":10073,"date":"2022-11-10T12:03:20","date_gmt":"2022-11-10T17:03:20","guid":{"rendered":"https:\/\/petskinacademy.com\/caracteristicas-de-la-afiliacion\/"},"modified":"2023-10-16T02:19:17","modified_gmt":"2023-10-16T07:19:17","slug":"caracteristicas-de-la-afiliacion","status":"publish","type":"page","link":"https:\/\/petskinacademy.com\/es\/caracteristicas-de-la-afiliacion\/","title":{"rendered":"Caracter\u00edsticas de la afiliaci\u00f3n"},"content":{"rendered":"<div class=\"wpb-content-wrapper\"><p>[vc_row][vc_column][vc_column_text woodmart_inline=&#8221;no&#8221; text_larger=&#8221;no&#8221;]Seleccione su plan y siga las instrucciones que figuran a continuaci\u00f3n.[\/vc_column_text][vc_toggle title=&#8221;Plan gratuito&#8221;]Tras verificar su direcci\u00f3n de correo electr\u00f3nico, puede acceder a su cuenta y seguir las instrucciones que se indican a continuaci\u00f3n para ver los contenidos gratuitos. Estas instrucciones se basan en la orientaci\u00f3n del sitio en un PC; si utiliza un tel\u00e9fono u otro dispositivo para acceder al sitio, la posici\u00f3n de algunos botones puede variar.<\/p>\n<ol>\n<li>Al iniciar sesi\u00f3n, dir\u00edjase a la p\u00e1gina <strong>CONENT GRATUITO<\/strong> del men\u00fa principal<\/li>\n<li>En la parte derecha de la pantalla de su ordenador ver\u00e1 el cuadro SERVICIOS DISPONIBLES. Este recuadro contendr\u00e1 enlaces a todos los contenidos gratuitos disponibles. Vis\u00edtenos regularmente para ver nuevos contenidos.<\/li>\n<\/ol>\n<p>[\/vc_toggle][vc_toggle title=&#8221;3\u00aa Edici\u00f3n M\u00f3dulo 1 para nuestro curso de Esteticista Certificado de Mascotas&#8221;]Despu\u00e9s de verificar su direcci\u00f3n de correo electr\u00f3nico e iniciar sesi\u00f3n en su cuenta, puede seguir las siguientes instrucciones para comenzar el M\u00f3dulo 1. Estas instrucciones se basan en la orientaci\u00f3n del sitio en un PC; si utiliza su tel\u00e9fono u otro dispositivo para acceder al sitio, la ubicaci\u00f3n de determinados botones puede variar.<\/p>\n<ol>\n<li>Despu\u00e9s de iniciar sesi\u00f3n, vaya a la p\u00e1gina <strong>PROGRAMAS DE AFILIACI\u00d3N<\/strong><\/li>\n<li>Seleccione <strong>COMENZAR AQU\u00cd<\/strong> en el M\u00f3dulo 1<\/li>\n<li>En la parte derecha de la pantalla de su ordenador, ver\u00e1 los enlaces al <strong>CURSO DEL M\u00d3DULO UNO<\/strong> y al <strong>MATERIAL EXTRA (V\u00cdDEOS)<\/strong><\/li>\n<li>Si lo desea, puede consultar los <strong>MATERIALES DE BONIFICACI\u00d3N<\/strong>. Estos v\u00eddeos son s\u00f3lo para su beneficio y no son informaci\u00f3n que se le examinar\u00e1 en el curso.<\/li>\n<li>Para empezar el M\u00f3dulo 1, seleccione <strong>CURSO M\u00d3DULO UNO<\/strong><\/li>\n<li>Acceder\u00e1 a la p\u00e1gina principal, donde podr\u00e1 ver el v\u00eddeo de introducci\u00f3n.<\/li>\n<li>Antes de empezar a ver los v\u00eddeos de las lecciones, debe hacer clic en <strong>COMENZAR CURSO<\/strong> a la derecha del v\u00eddeo de introducci\u00f3n para desbloquear los v\u00eddeos.<\/li>\n<li>Ahora puede empezar a ver los v\u00eddeos seleccionando <strong>COMENZAR A APRENDER<\/strong><\/li>\n<li>Una vez que haya visto el primer v\u00eddeo tantas veces como desee y est\u00e9 preparado para realizar el primer cuestionario, haga clic en <strong>MARCAR COMO COMPLETADO<\/strong> en la esquina superior derecha del v\u00eddeo para acceder al cuestionario.<\/li>\n<\/ol>\n<p>Consejos:<\/p>\n<ul>\n<li>Puede ver cada v\u00eddeo tantas veces como desee antes de realizar el cuestionario correspondiente.<\/li>\n<li>Podr\u00e1s volver a ver cada v\u00eddeo tantas veces como quieras, incluso despu\u00e9s de haber completado el programa.<\/li>\n<li>Si en alg\u00fan momento no entiendes algo y quieres alguna aclaraci\u00f3n, no dudes en ponerte en contacto con nosotros por tel\u00e9fono o mensaje de texto llamando al 855-464-8726 o envi\u00e1ndonos un correo electr\u00f3nico a <a href=\"mailto:support@petskinacademy.com\">support@petskinacademy.com<\/a>.<\/li>\n<li>T\u00f3mese su tiempo y disfrute. No hay l\u00edmite de tiempo para completar el M\u00f3dulo 1, as\u00ed que no se sienta presionado por las prisas. Lo m\u00e1s importante para nosotros es que entienda la informaci\u00f3n, no estamos aqu\u00ed para enga\u00f1arle.<\/li>\n<\/ul>\n<p>[\/vc_toggle][\/vc_column][\/vc_row][vc_row disable_element=&#8221;yes&#8221; woodmart_css_id=&#8221;642d860aea7fe&#8221; responsive_spacing=&#8221;eyJwYXJhbV90eXBlIjoid29vZG1hcnRfcmVzcG9uc2l2ZV9zcGFjaW5nIiwic2VsZWN0b3JfaWQiOiI2NDJkODYwYWVhN2ZlIiwic2hvcnRjb2RlIjoidmNfcm93IiwiZGF0YSI6eyJ0YWJsZXQiOnt9LCJtb2JpbGUiOnt9fX0=&#8221; mobile_bg_img_hidden=&#8221;no&#8221; tablet_bg_img_hidden=&#8221;no&#8221; woodmart_parallax=&#8221;0&#8243; woodmart_gradient_switch=&#8221;no&#8221; woodmart_box_shadow=&#8221;no&#8221; wd_z_index=&#8221;no&#8221; woodmart_disable_overflow=&#8221;0&#8243; row_reverse_mobile=&#8221;0&#8243; row_reverse_tablet=&#8221;0&#8243;][vc_column][vc_column_text woodmart_inline=&#8221;no&#8221; text_larger=&#8221;no&#8221;]Seleccione su plan y siga las instrucciones que figuran a continuaci\u00f3n.[\/vc_column_text][vc_toggle title=&#8221;Plan gratuito&#8221;]Tras verificar su direcci\u00f3n de correo electr\u00f3nico y acceder a su cuenta, puede seguir las siguientes instrucciones para ver el Plan gratuito. Estas instrucciones se basan en la orientaci\u00f3n del sitio en un PC; si utiliza un tel\u00e9fono u otro dispositivo para acceder al sitio, la posici\u00f3n de algunos botones puede variar.<\/p>\n<ol>\n<li>Al iniciar sesi\u00f3n, deber\u00eda acceder directamente a la p\u00e1gina <strong>PROGRAMAS<\/strong><\/li>\n<li>Seleccione <strong>GO<\/strong> en Plan gratuito<\/li>\n<li>En la parte derecha de la pantalla de su ordenador ver\u00e1 enlaces a las secciones DESDE <strong>EL ESCRITORIO DEL DR. FAVER<\/strong> y <strong>MATERIAL DE BONIFICACI\u00d3N (V\u00cdDEOS)<\/strong><\/li>\n<\/ol>\n<p>[\/vc_toggle][vc_toggle title=&#8221;3\u00aa Edici\u00f3n M\u00f3dulo 1 para nuestro curso de Esteticista Certificado de Mascotas&#8221;]Despu\u00e9s de verificar su direcci\u00f3n de correo electr\u00f3nico y haber iniciado sesi\u00f3n en su cuenta, puede seguir las instrucciones que se indican a continuaci\u00f3n para comenzar el M\u00f3dulo 1. Estas instrucciones se basan en la orientaci\u00f3n del sitio en un PC; si utiliza su tel\u00e9fono u otro dispositivo para acceder al sitio, la ubicaci\u00f3n de determinados botones puede variar.<\/p>\n<ol>\n<li>Al iniciar sesi\u00f3n, deber\u00eda acceder directamente a la p\u00e1gina <strong>PROGRAMAS<\/strong><\/li>\n<li>Seleccione <strong>GO<\/strong> en el M\u00f3dulo 1<\/li>\n<li>En la parte derecha de la pantalla de su ordenador ver\u00e1 los enlaces al <strong>CURSO DEL M\u00d3DULO UNO<\/strong> y al <strong>MATERIAL EXTRA (V\u00cdDEOS)<\/strong><\/li>\n<li>Si lo desea, puede consultar los <strong>MATERIALES DE BONIFICACI\u00d3N<\/strong>. Estos v\u00eddeos son s\u00f3lo para su beneficio y no son informaci\u00f3n que se le examinar\u00e1 en el curso.<\/li>\n<li>Para empezar el M\u00f3dulo 1, seleccione <strong>CURSO M\u00d3DULO UNO<\/strong><\/li>\n<li>Acceder\u00e1 a la p\u00e1gina principal, donde podr\u00e1 ver el v\u00eddeo de introducci\u00f3n.<\/li>\n<li>Antes de empezar a ver los v\u00eddeos de las lecciones, debe hacer clic en <strong>INSCRIBIRSE AHORA<\/strong> a la derecha del v\u00eddeo de introducci\u00f3n.<\/li>\n<li>Ahora puede hacer clic en <strong>COMENZAR A APRENDER<\/strong> para ir al primer v\u00eddeo<\/li>\n<li>Una vez que haya visto el primer v\u00eddeo tantas veces como desee y est\u00e9 preparado para realizar el primer cuestionario, haga clic en <strong>MARCAR COMO COMPLETADO<\/strong> en la esquina superior derecha del v\u00eddeo para acceder al cuestionario.<\/li>\n<li><span style=\"text-decoration: underline;\"><br \/>\n<strong>Una vez que comience el cuestionario debe terminar<\/strong><br \/>\n<\/span>. Si abandona el cuestionario en mitad del mismo, suspender\u00e1 la prueba. Tendr\u00e1 una oportunidad en cada cuestionario para obtener una calificaci\u00f3n de aprobado igual o superior al 70%. Si no apruebas un cuestionario, se te pedir\u00e1 que puedas comprar otra oportunidad. Si suspendes alguna de las pruebas, te recomendamos que vuelvas a ver la lecci\u00f3n y te pongas en contacto con nosotros si tienes alguna duda sobre la informaci\u00f3n. Estamos aqu\u00ed para ayudarle.<\/li>\n<\/ol>\n<p>Consejos:<\/p>\n<ul>\n<li>Puede ver cada v\u00eddeo tantas veces como desee antes de realizar el cuestionario correspondiente.<\/li>\n<li>Podr\u00e1s volver a ver cada v\u00eddeo tantas veces como quieras, incluso despu\u00e9s de haber completado el programa.<\/li>\n<li>Si no entiendes algo en alg\u00fan momento y quieres alguna aclaraci\u00f3n, no dudes en ponerte en contacto con nosotros por tel\u00e9fono o mensaje de texto llamando al 855-464-8726 o envi\u00e1ndonos un correo electr\u00f3nico a <a href=\"mailto:support@petskinacademy.com\">support@petskinacademy.com<\/a>.<\/li>\n<li>T\u00f3mese su tiempo y disfrute. No hay l\u00edmite de tiempo para completar el M\u00f3dulo 1, as\u00ed que no se sienta presionado por las prisas. Lo m\u00e1s importante para nosotros es que entienda la informaci\u00f3n, no estamos aqu\u00ed para enga\u00f1arle.<\/li>\n<\/ul>\n<p>[\/vc_toggle][\/vc_column][\/vc_row]<\/p>\n<\/div>","protected":false},"excerpt":{"rendered":"<p>[vc_row][vc_column][vc_column_text woodmart_inline=&#8221;no&#8221; text_larger=&#8221;no&#8221;]Seleccione su plan y siga las instrucciones que figuran a continuaci\u00f3n.[\/vc_column_text][vc_toggle title=&#8221;Plan gratuito&#8221;]Tras verificar su direcci\u00f3n de correo<\/p>\n","protected":false},"author":1,"featured_media":0,"parent":0,"menu_order":0,"comment_status":"closed","ping_status":"closed","template":"","meta":{"content-type":"","pmpro_default_level":"","_ppp_document_settings_meta":"","footnotes":""},"class_list":["post-10073","page","type-page","status-publish","hentry","pmpro-has-access"],"_links":{"self":[{"href":"https:\/\/petskinacademy.com\/es\/wp-json\/wp\/v2\/pages\/10073","targetHints":{"allow":["GET"]}}],"collection":[{"href":"https:\/\/petskinacademy.com\/es\/wp-json\/wp\/v2\/pages"}],"about":[{"href":"https:\/\/petskinacademy.com\/es\/wp-json\/wp\/v2\/types\/page"}],"author":[{"embeddable":true,"href":"https:\/\/petskinacademy.com\/es\/wp-json\/wp\/v2\/users\/1"}],"replies":[{"embeddable":true,"href":"https:\/\/petskinacademy.com\/es\/wp-json\/wp\/v2\/comments?post=10073"}],"version-history":[{"count":3,"href":"https:\/\/petskinacademy.com\/es\/wp-json\/wp\/v2\/pages\/10073\/revisions"}],"predecessor-version":[{"id":10403,"href":"https:\/\/petskinacademy.com\/es\/wp-json\/wp\/v2\/pages\/10073\/revisions\/10403"}],"wp:attachment":[{"href":"https:\/\/petskinacademy.com\/es\/wp-json\/wp\/v2\/media?parent=10073"}],"curies":[{"name":"wp","href":"https:\/\/api.w.org\/{rel}","templated":true}]}}