{"id":10076,"date":"2022-12-20T06:34:18","date_gmt":"2022-12-20T11:34:18","guid":{"rendered":"https:\/\/petskinacademy.com\/programa-para-propietarios-de-salones\/"},"modified":"2024-05-21T08:00:00","modified_gmt":"2024-05-21T13:00:00","slug":"programa-para-propietarios-de-salones","status":"publish","type":"page","link":"https:\/\/petskinacademy.com\/es\/programa-para-propietarios-de-salones\/","title":{"rendered":"Programa para propietarios de salones"},"content":{"rendered":"\n<p class=\"has-medium-font-size\">En la Pet Skin Academy, nuestro objetivo es proporcionar a los profesionales de la industria del animal de compa\u00f1\u00eda acceso a contenidos educativos de alto nivel, con base cient\u00edfica y f\u00e1ciles de seguir. El sector de los animales de compa\u00f1\u00eda carece de una formaci\u00f3n cient\u00edfica sobre la piel y el pelo, a pesar de ser el principal problema de los animales dom\u00e9sticos.<\/p>\n\n\n\n<p>Esperamos trabajar con los propietarios de salones para formar mejor a su personal, de modo que pueda estar seguro de que ofrece el mejor servicio a sus clientes y de que su personal destacar\u00e1 entre los dem\u00e1s. Nuestro programa para empresas le permite adquirir afiliaciones adicionales al M\u00f3dulo 1 Piel y Capa para sus empleados a un precio asequible que mantiene a sus empleados en lo m\u00e1s alto de su carrera. Esto tambi\u00e9n permite a sus empleados comenzar su viaje hacia la certificaci\u00f3n de esteticista certificado de mascotas a trav\u00e9s de la Pet Skin Academy.<\/p>\n\n\n\n<div style=\"height:40px\" aria-hidden=\"true\" class=\"wp-block-spacer\"><\/div>\n\n\n\n\n\n<div style=\"height:50px\" aria-hidden=\"true\" class=\"wp-block-spacer\"><\/div>\n","protected":false},"excerpt":{"rendered":"<p>En la Pet Skin Academy, nuestro objetivo es proporcionar a los profesionales de la industria del animal de compa\u00f1\u00eda acceso<\/p>\n","protected":false},"author":1,"featured_media":0,"parent":0,"menu_order":0,"comment_status":"closed","ping_status":"closed","template":"","meta":{"content-type":"","pmpro_default_level":"","_ppp_document_settings_meta":"","footnotes":""},"class_list":["post-10076","page","type-page","status-publish","hentry","pmpro-has-access"],"_links":{"self":[{"href":"https:\/\/petskinacademy.com\/es\/wp-json\/wp\/v2\/pages\/10076","targetHints":{"allow":["GET"]}}],"collection":[{"href":"https:\/\/petskinacademy.com\/es\/wp-json\/wp\/v2\/pages"}],"about":[{"href":"https:\/\/petskinacademy.com\/es\/wp-json\/wp\/v2\/types\/page"}],"author":[{"embeddable":true,"href":"https:\/\/petskinacademy.com\/es\/wp-json\/wp\/v2\/users\/1"}],"replies":[{"embeddable":true,"href":"https:\/\/petskinacademy.com\/es\/wp-json\/wp\/v2\/comments?post=10076"}],"version-history":[{"count":4,"href":"https:\/\/petskinacademy.com\/es\/wp-json\/wp\/v2\/pages\/10076\/revisions"}],"predecessor-version":[{"id":13934,"href":"https:\/\/petskinacademy.com\/es\/wp-json\/wp\/v2\/pages\/10076\/revisions\/13934"}],"wp:attachment":[{"href":"https:\/\/petskinacademy.com\/es\/wp-json\/wp\/v2\/media?parent=10076"}],"curies":[{"name":"wp","href":"https:\/\/api.w.org\/{rel}","templated":true}]}}