{"id":10077,"date":"2023-03-16T03:33:45","date_gmt":"2023-03-16T08:33:45","guid":{"rendered":"https:\/\/petskinacademy.com\/instrucciones-de-afiliacion\/"},"modified":"2023-10-16T02:32:16","modified_gmt":"2023-10-16T07:32:16","slug":"instrucciones-de-afiliacion","status":"publish","type":"page","link":"https:\/\/petskinacademy.com\/es\/instrucciones-de-afiliacion\/","title":{"rendered":"Instrucciones de afiliaci\u00f3n"},"content":{"rendered":"\n<p class=\"has-background\" style=\"background-color:#f1f3f5\">En esta p\u00e1gina encontrar\u00e1 informaci\u00f3n \u00fatil para gestionar su cuenta y su acceso a la afiliaci\u00f3n. Si a\u00fan no lo ha hecho, genere su contrase\u00f1a de acceso haciendo clic <a href=\"https:\/\/www.petskinacademy.com\/es\/inicio-de-sesion\/?rcp_action=lostpassword\">aqu\u00ed <\/a>y siga el procedimiento de restablecimiento de contrase\u00f1a introduciendo su correo electr\u00f3nico.<\/p>\n\n\n\n<h2 class=\"wp-block-heading\">Plan gratuito<\/h2>\n\n\n\n<p>Tras verificar su direcci\u00f3n de correo electr\u00f3nico, puede acceder a su cuenta y seguir las instrucciones que se indican a continuaci\u00f3n para ver los contenidos gratuitos. Estas instrucciones se basan en la orientaci\u00f3n del sitio en un PC; si utiliza un tel\u00e9fono u otro dispositivo para acceder al sitio, la posici\u00f3n de algunos botones puede variar.<\/p>\n\n\n\n<ol class=\"wp-block-list\">\n<li>Al iniciar sesi\u00f3n, dir\u00edjase a la p\u00e1gina <strong>CONENT GRATUITO<\/strong> del men\u00fa principal<\/li>\n\n\n\n<li>En la parte derecha de la pantalla de su ordenador ver\u00e1 el cuadro SERVICIOS DISPONIBLES. Este recuadro contendr\u00e1 enlaces a todos los contenidos gratuitos disponibles. Vis\u00edtenos regularmente para ver nuevos contenidos.<\/li>\n<\/ol>\n\n\n\n<hr class=\"wp-block-separator has-alpha-channel-opacity is-style-wide\"\/>\n\n\n\n<h2 class=\"wp-block-heading\">3\u00aa Edici\u00f3n M\u00f3dulo 1 para nuestro curso de Esteticista Certificado de Mascotas<\/h2>\n\n\n\n<p>Despu\u00e9s de verificar su direcci\u00f3n de correo electr\u00f3nico e iniciar sesi\u00f3n en su cuenta, puede seguir las siguientes instrucciones para comenzar el M\u00f3dulo 1. Estas instrucciones se basan en la orientaci\u00f3n del sitio en un PC; si utiliza su tel\u00e9fono u otro dispositivo para acceder al sitio, la ubicaci\u00f3n de determinados botones puede variar.<\/p>\n\n\n\n<ol class=\"wp-block-list\">\n<li>Despu\u00e9s de iniciar sesi\u00f3n, vaya a la p\u00e1gina <strong>PROGRAMAS DE AFILIACI\u00d3N<\/strong> <\/li>\n\n\n\n<li>Seleccione <strong>COMENZAR AQU\u00cd<\/strong> en el M\u00f3dulo 1<\/li>\n\n\n\n<li>En la parte derecha de la pantalla de su ordenador, ver\u00e1 los enlaces al <strong>CURSO DEL M\u00d3DULO UNO<\/strong> y al <strong>MATERIAL EXTRA (V\u00cdDEOS)<\/strong><\/li>\n\n\n\n<li>Si lo desea, puede consultar los <strong>MATERIALES DE BONIFICACI\u00d3N<\/strong>. Estos v\u00eddeos son s\u00f3lo para su beneficio y no son informaci\u00f3n que se le examinar\u00e1 en el curso.<\/li>\n\n\n\n<li>Para empezar el M\u00f3dulo 1, seleccione <strong>CURSO M\u00d3DULO UNO<\/strong><\/li>\n\n\n\n<li>Acceder\u00e1 a la p\u00e1gina principal, donde podr\u00e1 ver el v\u00eddeo de introducci\u00f3n.<\/li>\n\n\n\n<li>Antes de empezar a ver los v\u00eddeos de las lecciones, debe hacer clic en <strong>COMENZAR CURSO<\/strong> a la derecha del v\u00eddeo de introducci\u00f3n para desbloquear los v\u00eddeos.<\/li>\n\n\n\n<li>Ahora puede empezar a ver los v\u00eddeos seleccionando <strong>COMENZAR A APRENDER<\/strong><\/li>\n\n\n\n<li>Una vez que haya visto el primer v\u00eddeo tantas veces como desee y est\u00e9 preparado para realizar el primer cuestionario, haga clic en <strong>MARCAR COMO COMPLETADO<\/strong> en la esquina superior derecha del v\u00eddeo para acceder al cuestionario.<\/li>\n<\/ol>\n\n\n\n<p>Consejos:<\/p>\n\n\n\n<ul class=\"wp-block-list\">\n<li>Puede ver cada v\u00eddeo tantas veces como desee antes de realizar el cuestionario correspondiente.<\/li>\n\n\n\n<li>Podr\u00e1s volver atr\u00e1s y ver cada v\u00eddeo tantas veces como quieras, incluso despu\u00e9s de haber completado el programa.<\/li>\n\n\n\n<li>Si no entiendes algo en alg\u00fan momento y quieres alguna aclaraci\u00f3n, no dudes en ponerte en contacto con nosotros por tel\u00e9fono o mensaje de texto llamando al 855-464-8726 o envi\u00e1ndonos un correo electr\u00f3nico a <a href=\"mailto:support@petskinacademy.com\">support@petskinacademy.com<\/a>.<\/li>\n\n\n\n<li>T\u00f3mese su tiempo y disfrute. No hay l\u00edmite de tiempo para completar el M\u00f3dulo 1, as\u00ed que no se sienta presionado por las prisas. Lo m\u00e1s importante para nosotros es que entienda la informaci\u00f3n, no estamos aqu\u00ed para enga\u00f1arle.<\/li>\n<\/ul>\n","protected":false},"excerpt":{"rendered":"<p>En esta p\u00e1gina encontrar\u00e1 informaci\u00f3n \u00fatil para gestionar su cuenta y su acceso a la afiliaci\u00f3n. Si a\u00fan no lo<\/p>\n","protected":false},"author":1,"featured_media":0,"parent":0,"menu_order":0,"comment_status":"closed","ping_status":"closed","template":"","meta":{"content-type":"","pmpro_default_level":"","_ppp_document_settings_meta":"","footnotes":""},"class_list":["post-10077","page","type-page","status-publish","hentry","pmpro-has-access"],"_links":{"self":[{"href":"https:\/\/petskinacademy.com\/es\/wp-json\/wp\/v2\/pages\/10077","targetHints":{"allow":["GET"]}}],"collection":[{"href":"https:\/\/petskinacademy.com\/es\/wp-json\/wp\/v2\/pages"}],"about":[{"href":"https:\/\/petskinacademy.com\/es\/wp-json\/wp\/v2\/types\/page"}],"author":[{"embeddable":true,"href":"https:\/\/petskinacademy.com\/es\/wp-json\/wp\/v2\/users\/1"}],"replies":[{"embeddable":true,"href":"https:\/\/petskinacademy.com\/es\/wp-json\/wp\/v2\/comments?post=10077"}],"version-history":[{"count":2,"href":"https:\/\/petskinacademy.com\/es\/wp-json\/wp\/v2\/pages\/10077\/revisions"}],"predecessor-version":[{"id":10415,"href":"https:\/\/petskinacademy.com\/es\/wp-json\/wp\/v2\/pages\/10077\/revisions\/10415"}],"wp:attachment":[{"href":"https:\/\/petskinacademy.com\/es\/wp-json\/wp\/v2\/media?parent=10077"}],"curies":[{"name":"wp","href":"https:\/\/api.w.org\/{rel}","templated":true}]}}