{"id":10083,"date":"2022-05-17T06:58:40","date_gmt":"2022-05-17T11:58:40","guid":{"rendered":"https:\/\/petskinacademy.com\/modulo-1\/"},"modified":"2024-05-21T02:17:36","modified_gmt":"2024-05-21T07:17:36","slug":"modulo-1","status":"publish","type":"page","link":"https:\/\/petskinacademy.com\/es\/modulo-1\/","title":{"rendered":"M\u00f3dulo 1"},"content":{"rendered":"<div class=\"wpb-content-wrapper\">[vc_row][vc_column width=&#8221;1\/2&#8243;]\t\t<div id=\"wd-664706dcb618f\" class=\"wd-image wd-wpb wd-rs-664706dcb618f text-center \">\n\t\t\t\n\t\t\t<img loading=\"lazy\" decoding=\"async\" width=\"1024\" height=\"720\" src=\"https:\/\/petskinacademy.com\/wp-content\/uploads\/2022\/05\/vet-program-testata-01.jpg\" class=\"attachment-full size-full\" alt=\"\" srcset=\"https:\/\/petskinacademy.com\/wp-content\/uploads\/2022\/05\/vet-program-testata-01.jpg 1024w, https:\/\/petskinacademy.com\/wp-content\/uploads\/2022\/05\/vet-program-testata-01-150x105.jpg 150w, https:\/\/petskinacademy.com\/wp-content\/uploads\/2022\/05\/vet-program-testata-01-700x492.jpg 700w, https:\/\/petskinacademy.com\/wp-content\/uploads\/2022\/05\/vet-program-testata-01-400x281.jpg 400w, https:\/\/petskinacademy.com\/wp-content\/uploads\/2022\/05\/vet-program-testata-01-768x540.jpg 768w, https:\/\/petskinacademy.com\/wp-content\/uploads\/2022\/05\/vet-program-testata-01-860x605.jpg 860w, https:\/\/petskinacademy.com\/wp-content\/uploads\/2022\/05\/vet-program-testata-01-430x302.jpg 430w\" sizes=\"auto, (max-width: 1024px) 100vw, 1024px\" \/>\n\t\t\t\t\t<\/div>\n\t\t[\/vc_column][vc_column width=&#8221;1\/2&#8243;]\n\t\t<div id=\"wd-6647773395355\" class=\"title-wrapper wd-wpb wd-set-mb reset-last-child  wd-rs-6647773395355 wd-title-color-default wd-title-style-default text-left vc_custom_1715959695466 wd-underline-bordered\">\n\t\t\t\n\t\t\t<div class=\"liner-continer\">\n\t\t\t\t<h4 class=\"woodmart-title-container title  wd-font-weight-300 wd-fontsize-l\" >M\u00f3dulo 1 <strong>\n  <u>(descatalogado)<\/u>\n<\/strong>.<\/h4>\n\t\t\t\t\t\t\t<\/div>\n\t\t\t\n\t\t\t\n\t\t\t\n\t\t<\/div>\n\t\t\n\t\t\t\t<div id=\"wd-630f4faeb8684\" class=\"wd-text-block wd-wpb reset-last-child wd-rs-630f4faeb8684 text-left wd-fontsize-custom vc_custom_1661947840558\">\n\t\t\t<p>El m\u00f3dulo 1 es una serie de v\u00eddeos de aprendizaje para profundizar en los fundamentos de la ciencia del pelaje, las necesidades de los pelajes cortos, medios y largos, las terapias y mucho m\u00e1s.<br \/>\nUna vez que hayas terminado cada v\u00eddeo, haz un peque\u00f1o test para ayudarte a retener lo que has aprendido y luego pasa al siguiente m\u00f3dulo.<\/p>\n<p>Estos videos son beneficiosos para TODOS, incluso si usted no est\u00e1 interesado en el programa CPAe en su totalidad.<\/p>\n\t\t<\/div>\n\t\t\t\t<div id=\"wd-664c4a8380c05\" class=\"wd-text-block wd-wpb reset-last-child wd-rs-664c4a8380c05 text-left wd-fontsize-custom vc_custom_1716275848779\">\n\t\t\t<p style=\"text-align: center;\"> <a id=\"pmp-button\" href=\"\/mi-tablero\/\">\u00bfYa tienes una cuenta? Inicia sesi\u00f3n<\/a> <\/p>\n<p style=\"text-align: center;\"> <a href=\"\/planes de afiliaci\u00f3n\/\">O descubre nuestros planes de afiliaci\u00f3n<\/a> <\/p>\n<p style=\"text-align: center;\"><\/p>\n\t\t<\/div>\n\t\t[\/vc_column][\/vc_row][vc_row css=&#8221;.vc_custom_1706891236827{padding: 25px !important;background-color: #f1f3f5 !important;}&#8221; woodmart_css_id=&#8221;65bd17dcda2f9&#8243; responsive_spacing=&#8221;eyJwYXJhbV90eXBlIjoid29vZG1hcnRfcmVzcG9uc2l2ZV9zcGFjaW5nIiwic2VsZWN0b3JfaWQiOiI2NWJkMTdkY2RhMmY5Iiwic2hvcnRjb2RlIjoidmNfcm93IiwiZGF0YSI6eyJ0YWJsZXQiOnt9LCJtb2JpbGUiOnt9fX0=&#8221; mobile_bg_img_hidden=&#8221;no&#8221; tablet_bg_img_hidden=&#8221;no&#8221; woodmart_parallax=&#8221;0&#8243; woodmart_gradient_switch=&#8221;no&#8221; woodmart_box_shadow=&#8221;no&#8221; wd_z_index=&#8221;no&#8221; woodmart_disable_overflow=&#8221;0&#8243; row_reverse_mobile=&#8221;0&#8243; row_reverse_tablet=&#8221;0&#8243;][vc_column]\n\t\t<div id=\"wd-662637530b1db\" class=\"title-wrapper wd-wpb wd-set-mb reset-last-child  wd-rs-662637530b1db wd-title-color-default wd-title-style-default text-left  wd-underline-bordered\">\n\t\t\t\n\t\t\t<div class=\"liner-continer\">\n\t\t\t\t<h4 class=\"woodmart-title-container title  wd-font-weight-300 wd-fontsize-xl\" >Qu\u00e9 incluye<\/h4>\n\t\t\t\t\t\t\t<\/div>\n\t\t\t\n\t\t\t\n\t\t\t\n\t\t<\/div>\n\t\t\n\t\t\t\t<div id=\"wd-66474eac6f405\" class=\"wd-text-block wd-wpb reset-last-child wd-rs-66474eac6f405 text-left \">\n\t\t\t<ul>\n<li><a href=\"https:\/\/petskinacademy.com\/es\/momentos-didacticos-del-dr-faver\/\">Momentos did\u00e1cticos del Dr. Faver<\/a><\/li>\n<li><a href=\"https:\/\/petskinacademy.com\/es\/articulos-educativos\/\">Art\u00edculos educativos<\/a><\/li>\n<li><a href=\"https:\/\/petskinacademy.com\/es\/videos-cortos\/\">V\u00eddeos cortos<\/a><\/li>\n<li><a href=\"https:\/\/petskinacademy.com\/es\/fichas-informativas\/\" target=\"_blank\" rel=\"noopener\">Fichas informativas (algunas desbloqueadas)<\/a><\/li>\n<li><a href=\"https:\/\/petskinacademy.com\/es\/videos-educativos\/\">V\u00eddeos educativos<\/a><\/li>\n<li><a href=\"https:\/\/petskinacademy.com\/es\/consultas-con-un-cpae\/\">Consultas gratuitas con un CPAe (de pago)<\/a><\/li>\n<li><a href=\"https:\/\/petskinacademy.com\/es\/curso-de-esteticista-de-mascotas-introduccion-a-la-ciencia\/\">Curso de Esteticista de Mascotas: Introducci\u00f3n a la Ciencia (ex M\u00f3dulo 1)<\/a><\/li>\n<\/ul>\n\t\t<\/div>\n\t\t[\/vc_column][\/vc_row][vc_row disable_element=&#8221;yes&#8221; css=&#8221;.vc_custom_1715959559497{padding-top: 25px !important;padding-right: 25px !important;padding-bottom: 25px !important;padding-left: 25px !important;background-color: #f1f3f5 !important;}&#8221; woodmart_css_id=&#8221;664776fd3ad59&#8243; responsive_spacing=&#8221;eyJwYXJhbV90eXBlIjoid29vZG1hcnRfcmVzcG9uc2l2ZV9zcGFjaW5nIiwic2VsZWN0b3JfaWQiOiI2NjQ3NzZmZDNhZDU5Iiwic2hvcnRjb2RlIjoidmNfcm93IiwiZGF0YSI6eyJ0YWJsZXQiOnt9LCJtb2JpbGUiOnt9fX0=&#8221; mobile_bg_img_hidden=&#8221;no&#8221; tablet_bg_img_hidden=&#8221;no&#8221; woodmart_parallax=&#8221;0&#8243; woodmart_gradient_switch=&#8221;no&#8221; woodmart_box_shadow=&#8221;no&#8221; wd_z_index=&#8221;no&#8221; woodmart_disable_overflow=&#8221;0&#8243; row_reverse_mobile=&#8221;0&#8243; row_reverse_tablet=&#8221;0&#8243;][vc_column]\n\t\t<div id=\"wd-662637530b1db\" class=\"title-wrapper wd-wpb wd-set-mb reset-last-child  wd-rs-662637530b1db wd-title-color-default wd-title-style-default text-left  wd-underline-bordered\">\n\t\t\t\n\t\t\t<div class=\"liner-continer\">\n\t\t\t\t<h4 class=\"woodmart-title-container title  wd-font-weight-300 wd-fontsize-xl\" >Qu\u00e9 incluye<\/h4>\n\t\t\t\t\t\t\t<\/div>\n\t\t\t\n\t\t\t\n\t\t\t\n\t\t<\/div>\n\t\t\n\t\t[vc_column_text woodmart_inline=&#8221;no&#8221; text_larger=&#8221;no&#8221;]\r\n<ul>\n \t<li>2 consultas de terapia gratuitas con nuestros educadores de la Academia.<\/li>\n \t<li>M\u00e1s de 10 horas de v\u00eddeos educativos del Dr. Faver incluyendo: Lo b\u00e1sico, El ba\u00f1o, Qu\u00edmica b\u00e1sica, T\u00e9cnica, Problemas de piel y mucho m\u00e1s&#8230;<\/li>\n \t<li>1 test incluido con cada v\u00eddeo educativo.<\/li>\n<\/ul>\n[\/vc_column_text]\t\t<div id=\"wd-66474eac6f405\" class=\"wd-text-block wd-wpb reset-last-child wd-rs-66474eac6f405 text-left \">\n\t\t\t<ul>\n<li><a href=\"https:\/\/petskinacademy.com\/es\/momentos-didacticos-del-dr-faver\/\">Momentos did\u00e1cticos del Dr. Faver<\/a><\/li>\n<li><a href=\"https:\/\/petskinacademy.com\/es\/articulos-educativos\/\">Art\u00edculos educativos<\/a><\/li>\n<li><a href=\"https:\/\/petskinacademy.com\/es\/videos-cortos\/\">V\u00eddeos cortos<\/a><\/li>\n<li><a href=\"https:\/\/petskinacademy.com\/es\/fichas-informativas\/\" target=\"_blank\" rel=\"noopener\">Fichas informativas (algunas desbloqueadas)<\/a><\/li>\n<li><a href=\"https:\/\/petskinacademy.com\/es\/videos-educativos\/\">V\u00eddeos educativos<\/a><\/li>\n<li><a href=\"https:\/\/petskinacademy.com\/es\/consultas-con-un-cpae\/\">Consultas gratuitas con un CPAe (de pago)<\/a><\/li>\n<li><a href=\"https:\/\/petskinacademy.com\/es\/curso-de-esteticista-de-mascotas-introduccion-a-la-ciencia\/\">Curso de Esteticista de Mascotas: Introducci\u00f3n a la Ciencia (ex M\u00f3dulo 1)<\/a><\/li>\n<\/ul>\n\t\t<\/div>\n\t\t[\/vc_column][\/vc_row]<!-- \/wp:post-content --><\/div>","protected":false},"excerpt":{"rendered":"<p>[vc_row][vc_column width=&#8221;1\/2&#8243;][\/vc_column][vc_column width=&#8221;1\/2&#8243;][\/vc_column][\/vc_row][vc_row css=&#8221;.vc_custom_1706891236827{padding: 25px !important;background-color: #f1f3f5 !important;}&#8221; woodmart_css_id=&#8221;65bd17dcda2f9&#8243; responsive_spacing=&#8221;eyJwYXJhbV90eXBlIjoid29vZG1hcnRfcmVzcG9uc2l2ZV9zcGFjaW5nIiwic2VsZWN0b3JfaWQiOiI2NWJkMTdkY2RhMmY5Iiwic2hvcnRjb2RlIjoidmNfcm93IiwiZGF0YSI6eyJ0YWJsZXQiOnt9LCJtb2JpbGUiOnt9fX0=&#8221; mobile_bg_img_hidden=&#8221;no&#8221; tablet_bg_img_hidden=&#8221;no&#8221; woodmart_parallax=&#8221;0&#8243; woodmart_gradient_switch=&#8221;no&#8221; woodmart_box_shadow=&#8221;no&#8221; wd_z_index=&#8221;no&#8221; woodmart_disable_overflow=&#8221;0&#8243; row_reverse_mobile=&#8221;0&#8243; row_reverse_tablet=&#8221;0&#8243;][vc_column][\/vc_column][\/vc_row][vc_row disable_element=&#8221;yes&#8221;<\/p>\n","protected":false},"author":1,"featured_media":0,"parent":0,"menu_order":0,"comment_status":"closed","ping_status":"closed","template":"","meta":{"content-type":"","pmpro_default_level":"","_ppp_document_settings_meta":"","footnotes":""},"class_list":["post-10083","page","type-page","status-publish","hentry","pmpro-has-access"],"_links":{"self":[{"href":"https:\/\/petskinacademy.com\/es\/wp-json\/wp\/v2\/pages\/10083","targetHints":{"allow":["GET"]}}],"collection":[{"href":"https:\/\/petskinacademy.com\/es\/wp-json\/wp\/v2\/pages"}],"about":[{"href":"https:\/\/petskinacademy.com\/es\/wp-json\/wp\/v2\/types\/page"}],"author":[{"embeddable":true,"href":"https:\/\/petskinacademy.com\/es\/wp-json\/wp\/v2\/users\/1"}],"replies":[{"embeddable":true,"href":"https:\/\/petskinacademy.com\/es\/wp-json\/wp\/v2\/comments?post=10083"}],"version-history":[{"count":16,"href":"https:\/\/petskinacademy.com\/es\/wp-json\/wp\/v2\/pages\/10083\/revisions"}],"predecessor-version":[{"id":13853,"href":"https:\/\/petskinacademy.com\/es\/wp-json\/wp\/v2\/pages\/10083\/revisions\/13853"}],"wp:attachment":[{"href":"https:\/\/petskinacademy.com\/es\/wp-json\/wp\/v2\/media?parent=10083"}],"curies":[{"name":"wp","href":"https:\/\/api.w.org\/{rel}","templated":true}]}}