{"id":10087,"date":"2022-05-24T09:12:25","date_gmt":"2022-05-24T14:12:25","guid":{"rendered":"https:\/\/petskinacademy.com\/programas\/"},"modified":"2023-10-16T04:40:57","modified_gmt":"2023-10-16T09:40:57","slug":"programas","status":"publish","type":"page","link":"https:\/\/petskinacademy.com\/es\/programas\/","title":{"rendered":"Programas"},"content":{"rendered":"\n<div class=\"wp-block-columns is-layout-flex wp-container-core-columns-is-layout-9d6595d7 wp-block-columns-is-layout-flex\">\n<div class=\"wp-block-column is-layout-flow wp-block-column-is-layout-flow\"><p>[restrict subscription=&#8221;2&#8243;]<\/p>\n\n\n\n<h2 class=\"wp-block-heading\">Plan gratuito<\/h2>\n\n\n\n<p>Haga clic aqu\u00ed para acceder a contenidos gratuitos como entradas de blog, art\u00edculos educativos y v\u00eddeos cortos.<\/p>\n\n\n\n<div class=\"wp-block-buttons is-layout-flex wp-block-buttons-is-layout-flex\">\n<div class=\"wp-block-button\"><a class=\"wp-block-button__link has-luminous-vivid-amber-background-color has-background wp-element-button\" href=\"https:\/\/petskinacademy.com\/es\/plan-gratuito\/\" style=\"border-radius:0px\">Ir a los detalles del Plan gratuito<\/a><\/div>\n<\/div>\n\n\n\n<div style=\"height:50px\" aria-hidden=\"true\" class=\"wp-block-spacer\"><\/div>\n\n\n\n<hr class=\"wp-block-separator has-alpha-channel-opacity is-style-wide\"\/>\n\n\n\n<div style=\"height:50px\" aria-hidden=\"true\" class=\"wp-block-spacer\"><\/div>\n\n\n<p>[\/restrict]<\/p>\n<\/div>\n<\/div>\n\n\n\n<h2 class=\"wp-block-heading\" id=\"cpap\">Descubra nuestro <strong><u>Programa Certificado de Est\u00e9tica para Mascotas<\/u> <\/strong>.<\/h2>\n\n\n\n<p>\u00bfQuieres llevar tu carrera al siguiente nivel aprendiendo la verdadera ciencia que hay detr\u00e1s del ba\u00f1o y el aseo de nuestros amigos peludos? Nuestro Programa Certificado de Est\u00e9tica para Mascotas lo tiene todo, desde v\u00eddeos educativos en profundidad, formaci\u00f3n pr\u00e1ctica y formaci\u00f3n en persona, para darle la confianza y la experiencia que necesita para afrontar situaciones dif\u00edciles y proporcionar un alivio inmenso y un cuidado atento a todo tipo de mascotas. No vuelva a sentirse incapaz de ayudar a una mascota a su cargo. Si\u00e9ntase capacitado para hacer las preguntas correctas y tomar las mejores decisiones que le llevar\u00e1n a un cuidado sano y equilibrado de la piel y el pelo de cualquier mascota. Rod\u00e9ate de una comunidad de personas que han logrado resultados incre\u00edbles y quieren compartir lo que han aprendido por el camino.<\/p>\n\n\n\n<div style=\"height:10px\" aria-hidden=\"true\" class=\"wp-block-spacer\"><\/div>\n\n\n\n<div class=\"wp-block-columns is-layout-flex wp-container-core-columns-is-layout-9d6595d7 wp-block-columns-is-layout-flex\">\n<div class=\"wp-block-column is-layout-flow wp-block-column-is-layout-flow\">\n<div class=\"wp-block-group has-background is-layout-flow wp-block-group-is-layout-flow\" style=\"background-color:#f1f3f5\">\n<div class=\"wp-block-group is-layout-flow wp-block-group-is-layout-flow\">\n<h3 class=\"wp-block-heading\">M\u00f3dulo 1<\/h3>\n\n\n\n<p>El m\u00f3dulo 1 es una serie de v\u00eddeos de aprendizaje para profundizar en los fundamentos de la ciencia del pelaje, las necesidades de los pelajes cortos, medios y largos, las terapias y mucho m\u00e1s. Una vez que hayas terminado cada v\u00eddeo, haz un peque\u00f1o test para ayudarte a retener lo que has aprendido y luego pasa al siguiente m\u00f3dulo. Estos videos son beneficiosos para TODOS, incluso si usted no est\u00e1 interesado en el programa CPAe en su totalidad.<\/p>\n\n\n<p>[not_logged_in]<\/p>\n\n\n\n<div class=\"wp-block-buttons is-content-justification-center is-layout-flex wp-container-core-buttons-is-layout-16018d1d wp-block-buttons-is-layout-flex\">\n<div class=\"wp-block-button has-custom-width wp-block-button__width-100 is-style-fill\"><a class=\"wp-block-button__link has-cyan-bluish-gray-background-color has-background wp-element-button\" href=\"https:\/\/petskinacademy.com\/es\/modulo-1\/\" style=\"border-radius:0px\">Ver m\u00e1s<\/a><\/div>\n<\/div>\n\n\n<p>[\/not_logged_in]<\/p>\n\n\n<p>[restrict subscription=&#8221;2,5,6,7&#8243;]<\/p>\n\n\n\n<div class=\"wp-block-buttons is-content-justification-center is-layout-flex wp-container-core-buttons-is-layout-16018d1d wp-block-buttons-is-layout-flex\">\n<div class=\"wp-block-button has-custom-width wp-block-button__width-100 is-style-fill\"><a class=\"wp-block-button__link has-cyan-bluish-gray-background-color has-background wp-element-button\" href=\"https:\/\/petskinacademy.com\/es\/modulo-1\/\" style=\"border-radius:0px\">Ver m\u00e1s<\/a><\/div>\n<\/div>\n\n\n<p>[\/restrict]<\/p>\n\n\n<p>[restrict level=5]<\/p>\n\n\n\n<div class=\"wp-block-buttons is-content-justification-center is-layout-flex wp-container-core-buttons-is-layout-16018d1d wp-block-buttons-is-layout-flex\">\n<div class=\"wp-block-button has-custom-width wp-block-button__width-100 is-style-fill\"><a class=\"wp-block-button__link has-luminous-vivid-amber-background-color has-background wp-element-button\" href=\"https:\/\/petskinacademy.com\/es\/modulo-1\/\" style=\"border-radius:0px\">Comience aqu\u00ed<\/a><\/div>\n<\/div>\n\n\n<p>[\/restrict]<\/p>\n<\/div>\n\n\n\n<div style=\"height:30px\" aria-hidden=\"true\" class=\"wp-block-spacer\"><\/div>\n<\/div>\n<\/div>\n\n\n\n<div class=\"wp-block-column has-background is-layout-flow wp-block-column-is-layout-flow\" style=\"background-color:#f1f3f5\">\n<div class=\"wp-block-group has-background is-layout-flow wp-block-group-is-layout-flow\" style=\"background-color:#f1f3f5\">\n<div class=\"wp-block-group is-layout-flow wp-block-group-is-layout-flow\">\n<h3 class=\"wp-block-heading\">M\u00f3dulo 2<\/h3>\n\n\n\n<p>El m\u00f3dulo 2 incluye formaci\u00f3n personalizada y el apoyo de uno de los miembros de nuestro equipo para ayudarle con sus propios casos pr\u00e1cticos. Estos casos pr\u00e1cticos incluir\u00e1n 3 ba\u00f1os de mantenimiento para cada tipo de pelaje y 2 casos pr\u00e1cticos de terapia cut\u00e1nea en los que le ayudaremos a lo largo de todo el proceso de formulaci\u00f3n de las preguntas adecuadas, elecci\u00f3n de la mejor terapia para ese individuo, revisi\u00f3n de los historiales m\u00e9dicos y realizaci\u00f3n de los ajustes necesarios a lo largo del proceso. Este m\u00f3dulo le ayudar\u00e1 a empezar a crear su cartera y a documentar sus progresos.<\/p>\n\n\n\n<p class=\"has-text-align-left has-vivid-red-color has-text-color\"><strong>Requisitos previos M\u00f3dulo 1<\/strong><\/p>\n<\/div>\n<\/div>\n<\/div>\n\n\n\n<div class=\"wp-block-column has-background is-layout-flow wp-block-column-is-layout-flow\" style=\"background-color:#f1f3f5\">\n<div class=\"wp-block-group has-background is-layout-flow wp-block-group-is-layout-flow\" style=\"background-color:#f1f3f5\">\n<h3 class=\"wp-block-heading\">M\u00f3dulo 3<\/h3>\n\n\n\n<p>El m\u00f3dulo 3 incluye formaci\u00f3n in situ en nuestras instalaciones de Cave Creek, AZ. Son 3 d\u00edas de seminarios educativos, aprendizaje pr\u00e1ctico y creaci\u00f3n de equipos con personas de ideas afines. El \u00faltimo d\u00eda, complete su examen final para recibir su certificaci\u00f3n Certified Pet Aesthetician y unirse a un gran grupo de personas que han decidido hacer una diferencia en la forma de cuidar de la salud y el bienestar de las mascotas en su vida.<\/p>\n\n\n\n<p class=\"has-text-align-left has-vivid-red-color has-text-color\"><strong>Requisitos previos M\u00f3dulos 1 y 2<\/strong><\/p>\n<\/div>\n<\/div>\n<\/div>\n\n\n\n<div style=\"height:50px\" aria-hidden=\"true\" class=\"wp-block-spacer\"><\/div>\n\n\n\n<hr class=\"wp-block-separator alignfull has-alpha-channel-opacity\"\/>\n\n\n\n<div style=\"height:30px\" aria-hidden=\"true\" class=\"wp-block-spacer\"><\/div>\n\n\n\n<h2 class=\"wp-block-heading has-text-align-center\" id=\"cpap\">Descubra nuestro Programa para Propietarios de Salones<\/h2>\n\n\n\n<div class=\"wp-block-columns is-layout-flex wp-container-core-columns-is-layout-9d6595d7 wp-block-columns-is-layout-flex\">\n<div class=\"wp-block-column is-layout-flow wp-block-column-is-layout-flow\">\n<div class=\"wp-block-group has-background is-layout-flow wp-block-group-is-layout-flow\" style=\"background-color:#169bcc\">\n<div class=\"wp-block-group is-layout-flow wp-block-group-is-layout-flow\">\n<p class=\"has-white-color has-text-color\">Nuestro programa para propietarios de salones le permite adquirir membres\u00edas adicionales del M\u00f3dulo 1 Piel y Capa para sus empleados a un precio asequible que mantiene a sus empleados en lo m\u00e1s alto de su carrera. Esto tambi\u00e9n permite a sus empleados comenzar su viaje hacia la certificaci\u00f3n de esteticista certificado de mascotas a trav\u00e9s de la Pet Skin Academy.<\/p>\n\n\n\n<div class=\"wp-block-buttons is-content-justification-center is-layout-flex wp-container-core-buttons-is-layout-16018d1d wp-block-buttons-is-layout-flex\">\n<div class=\"wp-block-button has-custom-width wp-block-button__width-100 is-style-fill\"><a class=\"wp-block-button__link has-luminous-vivid-amber-background-color has-background wp-element-button\" href=\"https:\/\/petskinacademy.com\/es\/programa-para-propietarios-de-salones\/\" style=\"border-radius:0px\">Comience aqu\u00ed<\/a><\/div>\n<\/div>\n<\/div>\n<\/div>\n<\/div>\n<\/div>\n\n\n\n<div style=\"height:40px\" aria-hidden=\"true\" class=\"wp-block-spacer\"><\/div>\n","protected":false},"excerpt":{"rendered":"<p>Plan gratuito Haga clic aqu\u00ed para acceder a contenidos gratuitos como entradas de blog, art\u00edculos educativos y v\u00eddeos cortos. Descubra<\/p>\n","protected":false},"author":1,"featured_media":0,"parent":0,"menu_order":0,"comment_status":"closed","ping_status":"closed","template":"","meta":{"content-type":"","pmpro_default_level":"","_ppp_document_settings_meta":"","footnotes":""},"class_list":["post-10087","page","type-page","status-publish","hentry","pmpro-has-access"],"_links":{"self":[{"href":"https:\/\/petskinacademy.com\/es\/wp-json\/wp\/v2\/pages\/10087","targetHints":{"allow":["GET"]}}],"collection":[{"href":"https:\/\/petskinacademy.com\/es\/wp-json\/wp\/v2\/pages"}],"about":[{"href":"https:\/\/petskinacademy.com\/es\/wp-json\/wp\/v2\/types\/page"}],"author":[{"embeddable":true,"href":"https:\/\/petskinacademy.com\/es\/wp-json\/wp\/v2\/users\/1"}],"replies":[{"embeddable":true,"href":"https:\/\/petskinacademy.com\/es\/wp-json\/wp\/v2\/comments?post=10087"}],"version-history":[{"count":3,"href":"https:\/\/petskinacademy.com\/es\/wp-json\/wp\/v2\/pages\/10087\/revisions"}],"predecessor-version":[{"id":10429,"href":"https:\/\/petskinacademy.com\/es\/wp-json\/wp\/v2\/pages\/10087\/revisions\/10429"}],"wp:attachment":[{"href":"https:\/\/petskinacademy.com\/es\/wp-json\/wp\/v2\/media?parent=10087"}],"curies":[{"name":"wp","href":"https:\/\/api.w.org\/{rel}","templated":true}]}}