{"id":10120,"date":"2022-09-14T06:48:14","date_gmt":"2022-09-14T11:48:14","guid":{"rendered":"https:\/\/petskinacademy.com\/material-adicional\/"},"modified":"2023-10-16T02:32:41","modified_gmt":"2023-10-16T07:32:41","slug":"material-adicional","status":"publish","type":"page","link":"https:\/\/petskinacademy.com\/es\/material-adicional\/","title":{"rendered":"Material adicional"},"content":{"rendered":"\n<h2 class=\"wp-block-heading\">V\u00eddeo de bonificaci\u00f3n 1 &#8211; Productos de ba\u00f1o de rutina<\/h2>\n\n\n\n<iframe loading=\"lazy\" src=\"https:\/\/player.vimeo.com\/video\/746920570?h=d28ad6aad9\" width=\"1192\" height=\"670.500\" frameborder=\"0\" allow=\"autoplay; fullscreen\" allowfullscreen=\"\"><\/iframe>\n\n\n\n<hr class=\"wp-block-separator has-alpha-channel-opacity is-style-wide\"\/>\n\n\n\n<h2 class=\"wp-block-heading\">V\u00eddeo adicional 2 &#8211; Productos para pieles secas y sensibles<\/h2>\n\n\n\n<iframe loading=\"lazy\" src=\"https:\/\/player.vimeo.com\/video\/746921946?h=8faac3405d\" width=\"1192\" height=\"670.500\" frameborder=\"0\" allow=\"autoplay; fullscreen\" allowfullscreen=\"\"><\/iframe>\n\n\n\n<hr class=\"wp-block-separator has-alpha-channel-opacity is-style-wide\"\/>\n\n\n\n<h2 class=\"wp-block-heading\">V\u00eddeo de bonificaci\u00f3n 3 &#8211; Productos terap\u00e9uticos<\/h2>\n\n\n\n<iframe loading=\"lazy\" src=\"https:\/\/player.vimeo.com\/video\/746923034?h=ea7f05d0ed\" width=\"1192\" height=\"670.500\" frameborder=\"0\" allow=\"autoplay; fullscreen\" allowfullscreen=\"\"><\/iframe>\n\n\n\n<hr class=\"wp-block-separator has-alpha-channel-opacity is-style-wide\"\/>\n\n\n\n<h2 class=\"wp-block-heading\">V\u00eddeo de bonificaci\u00f3n 4 &#8211; Productos auxiliares<\/h2>\n\n\n\n<iframe loading=\"lazy\" src=\"https:\/\/player.vimeo.com\/video\/746925402?h=4511f88146\" width=\"1192\" height=\"670.500\" frameborder=\"0\" allow=\"autoplay; fullscreen\" allowfullscreen=\"\"><\/iframe>\n\n\n\n<hr class=\"wp-block-separator has-alpha-channel-opacity is-style-wide\"\/>\n\n\n\n<h2 class=\"wp-block-heading\">V\u00eddeo de bonificaci\u00f3n 5 &#8211; Frothing with Dr. Faver<\/h2>\n\n\n\n<iframe loading=\"lazy\" src=\"https:\/\/player.vimeo.com\/video\/764305574?h=2fe1be0b92\" width=\"1192\" height=\"670.500\" frameborder=\"0\" allow=\"autoplay; fullscreen\" allowfullscreen=\"\"><\/iframe>\n\n\n\n<hr class=\"wp-block-separator has-alpha-channel-opacity is-style-wide\"\/>\n\n\n\n<h2 class=\"wp-block-heading\">V\u00eddeo 6 &#8211; Emolientes VS. Humectantes<\/h2>\n\n\n\n<iframe loading=\"lazy\" src=\"https:\/\/player.vimeo.com\/video\/769229596?h=21ff8aba7c\" width=\"1192\" height=\"670.500\" frameborder=\"0\" allow=\"autoplay; fullscreen\" allowfullscreen=\"\"><\/iframe>\n","protected":false},"excerpt":{"rendered":"<p>V\u00eddeo de bonificaci\u00f3n 1 &#8211; Productos de ba\u00f1o de rutina V\u00eddeo adicional 2 &#8211; Productos para pieles secas y sensibles<\/p>\n","protected":false},"author":1,"featured_media":0,"parent":0,"menu_order":0,"comment_status":"closed","ping_status":"closed","template":"","meta":{"content-type":"","pmpro_default_level":"","_ppp_document_settings_meta":"","footnotes":""},"class_list":["post-10120","page","type-page","status-publish","hentry","pmpro-has-access"],"_links":{"self":[{"href":"https:\/\/petskinacademy.com\/es\/wp-json\/wp\/v2\/pages\/10120","targetHints":{"allow":["GET"]}}],"collection":[{"href":"https:\/\/petskinacademy.com\/es\/wp-json\/wp\/v2\/pages"}],"about":[{"href":"https:\/\/petskinacademy.com\/es\/wp-json\/wp\/v2\/types\/page"}],"author":[{"embeddable":true,"href":"https:\/\/petskinacademy.com\/es\/wp-json\/wp\/v2\/users\/1"}],"replies":[{"embeddable":true,"href":"https:\/\/petskinacademy.com\/es\/wp-json\/wp\/v2\/comments?post=10120"}],"version-history":[{"count":2,"href":"https:\/\/petskinacademy.com\/es\/wp-json\/wp\/v2\/pages\/10120\/revisions"}],"predecessor-version":[{"id":10286,"href":"https:\/\/petskinacademy.com\/es\/wp-json\/wp\/v2\/pages\/10120\/revisions\/10286"}],"wp:attachment":[{"href":"https:\/\/petskinacademy.com\/es\/wp-json\/wp\/v2\/media?parent=10120"}],"curies":[{"name":"wp","href":"https:\/\/api.w.org\/{rel}","templated":true}]}}