{"id":12237,"date":"2024-05-16T07:56:25","date_gmt":"2024-05-16T12:56:25","guid":{"rendered":"https:\/\/petskinacademy.com\/curso-de-esteticista-de-mascotas-taller-de-ciencias\/"},"modified":"2024-09-26T02:09:51","modified_gmt":"2024-09-26T07:09:51","slug":"curso-de-esteticista-de-mascotas-taller-de-ciencias","status":"publish","type":"page","link":"https:\/\/petskinacademy.com\/es\/curso-de-esteticista-de-mascotas-taller-de-ciencias\/","title":{"rendered":"Curso de Esteticista de Mascotas: Taller de Ciencias"},"content":{"rendered":"<div class=\"wpb-content-wrapper\"><p>[vc_row][vc_column width=&#8221;2\/3&#8243;]\t\t<div id=\"wd-66460317e2c32\" class=\"wd-text-block wd-wpb reset-last-child wd-rs-66460317e2c32 text-left wd-fontsize-custom vc_custom_1715864356739\">\n\t\t\t<p>El Taller de Ciencia Avanzada est\u00e1 dise\u00f1ado para profundizar a\u00fan m\u00e1s en la ciencia de la piel y el pelaje, con algo de negocio y marketing tambi\u00e9n incluidos. Incluye formaci\u00f3n in situ con el Dr. Faver, DVM. Son 3 d\u00edas de seminarios educativos, aprendizaje pr\u00e1ctico con un CPAe experimentado y creaci\u00f3n de equipos con personas de ideas afines. El \u00faltimo d\u00eda, realiza un examen final en el que muestres todo lo que has aprendido hasta ahora. Aunque este curso es principalmente presencial, tambi\u00e9n recibir\u00e1s acceso a nuevos v\u00eddeos y hojas informativas para utilizar en tu sal\u00f3n.<\/p>\n\t\t<\/div>\n\t\t[\/vc_column][vc_column width=&#8221;1\/3&#8243;]\t\t<div id=\"wd-66f432d121450\" class=\"wd-text-block wd-wpb reset-last-child wd-rs-66f432d121450 text-left wd-fontsize-custom vc_custom_1727280234042\">\n\t\t\t<p style=\"text-align: center;\"> <a id=\"pmp-button\" href=\"\/my-dashboard\/\">\u00bfYa tienes una cuenta? Inicia sesi\u00f3n<\/a> <\/p>\n<p style=\"text-align: center;\"> <a href=\"https:\/\/petskinacademy.com\/es\/planes-de-afiliacion\/\">\u00bfA\u00fan no tienes un plan? Desc\u00fabrelos aqu\u00ed<\/a> <\/p>\n<p style=\"text-align: center;\"><\/p>\n<p style=\"text-align: center;\"><\/p>\n\t\t<\/div>\n\t\t[\/vc_column][\/vc_row][vc_row css=&#8221;.vc_custom_1706891236827{padding: 25px !important;background-color: #f1f3f5 !important;}&#8221; woodmart_css_id=&#8221;65bd17dcda2f9&#8243; responsive_spacing=&#8221;eyJwYXJhbV90eXBlIjoid29vZG1hcnRfcmVzcG9uc2l2ZV9zcGFjaW5nIiwic2VsZWN0b3JfaWQiOiI2NWJkMTdkY2RhMmY5Iiwic2hvcnRjb2RlIjoidmNfcm93IiwiZGF0YSI6eyJ0YWJsZXQiOnt9LCJtb2JpbGUiOnt9fX0=&#8221; mobile_bg_img_hidden=&#8221;no&#8221; tablet_bg_img_hidden=&#8221;no&#8221; woodmart_parallax=&#8221;0&#8243; woodmart_gradient_switch=&#8221;no&#8221; woodmart_box_shadow=&#8221;no&#8221; wd_z_index=&#8221;no&#8221; woodmart_disable_overflow=&#8221;0&#8243; row_reverse_mobile=&#8221;0&#8243; row_reverse_tablet=&#8221;0&#8243;][vc_column]\n\t\t<div id=\"wd-66460380163d6\" class=\"title-wrapper wd-wpb wd-set-mb reset-last-child  wd-rs-66460380163d6 wd-title-color-default wd-title-style-default text-left  wd-underline-bordered\">\n\t\t\t\n\t\t\t<div class=\"liner-continer\">\n\t\t\t\t<h4 class=\"woodmart-title-container title  wd-font-weight-300 wd-fontsize-xl\" >Qu\u00e9 incluye<\/h4>\n\t\t\t\t\t\t\t<\/div>\n\t\t\t\n\t\t\t\n\t\t\t\n\t\t<\/div>\n\t\t\n\t\t\t\t<div id=\"wd-66f5087da1646\" class=\"wd-text-block wd-wpb reset-last-child wd-rs-66f5087da1646 text-left \">\n\t\t\t<ul>\n<li>Debe completar y aprobar el curso de introducci\u00f3n a las ciencias antes de asistir a un taller de fin de semana.<\/li>\n<li>Este curso incluye:\n<ul>\n<li>Seminarios en vivo impartidos por el Dr. Cliff Faver a un nivel a\u00fan m\u00e1s profundo, que incluyen debates sobre enfermedades espec\u00edficas que se observan en los campos de la peluquer\u00eda y la veterinaria.<\/li>\n<li>Entrenamiento pr\u00e1ctico en ba\u00f1os terap\u00e9uticos con un contador experimentado<\/li>\n<li>Seminarios en vivo sobre c\u00f3mo comercializar sus nuevas habilidades y fijar precios de servicios.<\/li>\n<li>Descripci\u00f3n detallada de todos los productos que Iv San Bernard USA tiene para ofrecer y sus beneficios.<\/li>\n<\/ul>\n<\/li>\n<li>Pruebas incluidas:\n<ul>\n<li>Examen final el \u00faltimo d\u00eda del taller.<\/li>\n<\/ul>\n<\/li>\n<li>Al finalizar con una calificaci\u00f3n aprobatoria, recibir\u00e1 su certificaci\u00f3n de esteticista certificado para mascotas (CPAe) (se requiere la finalizaci\u00f3n previa del curso<\/li>\n<li>de introducci\u00f3n a las ciencias y una tutor\u00eda de estudio de caso avanzado para recibir el certificado en el taller).<\/li>\n<\/ul>\n\t\t<\/div>\n\t\t[\/vc_column][\/vc_row]<\/p>\n<\/div>","protected":false},"excerpt":{"rendered":"<p>[vc_row][vc_column width=&#8221;2\/3&#8243;][\/vc_column][vc_column width=&#8221;1\/3&#8243;][\/vc_column][\/vc_row][vc_row css=&#8221;.vc_custom_1706891236827{padding: 25px !important;background-color: #f1f3f5 !important;}&#8221; woodmart_css_id=&#8221;65bd17dcda2f9&#8243; responsive_spacing=&#8221;eyJwYXJhbV90eXBlIjoid29vZG1hcnRfcmVzcG9uc2l2ZV9zcGFjaW5nIiwic2VsZWN0b3JfaWQiOiI2NWJkMTdkY2RhMmY5Iiwic2hvcnRjb2RlIjoidmNfcm93IiwiZGF0YSI6eyJ0YWJsZXQiOnt9LCJtb2JpbGUiOnt9fX0=&#8221; mobile_bg_img_hidden=&#8221;no&#8221; tablet_bg_img_hidden=&#8221;no&#8221; woodmart_parallax=&#8221;0&#8243; woodmart_gradient_switch=&#8221;no&#8221; woodmart_box_shadow=&#8221;no&#8221; wd_z_index=&#8221;no&#8221; woodmart_disable_overflow=&#8221;0&#8243; row_reverse_mobile=&#8221;0&#8243; row_reverse_tablet=&#8221;0&#8243;][vc_column][\/vc_column][\/vc_row]<\/p>\n","protected":false},"author":1,"featured_media":0,"parent":0,"menu_order":0,"comment_status":"closed","ping_status":"closed","template":"","meta":{"content-type":"","pmpro_default_level":"","_ppp_document_settings_meta":"","footnotes":""},"class_list":["post-12237","page","type-page","status-publish","hentry","pmpro-has-access"],"_links":{"self":[{"href":"https:\/\/petskinacademy.com\/es\/wp-json\/wp\/v2\/pages\/12237","targetHints":{"allow":["GET"]}}],"collection":[{"href":"https:\/\/petskinacademy.com\/es\/wp-json\/wp\/v2\/pages"}],"about":[{"href":"https:\/\/petskinacademy.com\/es\/wp-json\/wp\/v2\/types\/page"}],"author":[{"embeddable":true,"href":"https:\/\/petskinacademy.com\/es\/wp-json\/wp\/v2\/users\/1"}],"replies":[{"embeddable":true,"href":"https:\/\/petskinacademy.com\/es\/wp-json\/wp\/v2\/comments?post=12237"}],"version-history":[{"count":12,"href":"https:\/\/petskinacademy.com\/es\/wp-json\/wp\/v2\/pages\/12237\/revisions"}],"predecessor-version":[{"id":15170,"href":"https:\/\/petskinacademy.com\/es\/wp-json\/wp\/v2\/pages\/12237\/revisions\/15170"}],"wp:attachment":[{"href":"https:\/\/petskinacademy.com\/es\/wp-json\/wp\/v2\/media?parent=12237"}],"curies":[{"name":"wp","href":"https:\/\/api.w.org\/{rel}","templated":true}]}}