{"id":12272,"date":"2024-05-13T09:42:20","date_gmt":"2024-05-13T14:42:20","guid":{"rendered":"https:\/\/petskinacademy.com\/plan-de-iniciacion-a-la-ciencia\/"},"modified":"2024-07-12T03:14:54","modified_gmt":"2024-07-12T08:14:54","slug":"plan-de-iniciacion-a-la-ciencia","status":"publish","type":"page","link":"https:\/\/petskinacademy.com\/es\/plan-de-iniciacion-a-la-ciencia\/","title":{"rendered":"Plan de Iniciaci\u00f3n a la Ciencia"},"content":{"rendered":"<div class=\"wpb-content-wrapper\"><p>[vc_row][vc_column width=&#8221;1\/2&#8243;]\t\t<div id=\"wd-66475e69ea76c\" class=\"wd-image wd-wpb wd-rs-66475e69ea76c text-center \">\n\t\t\t\n\t\t\t<img loading=\"lazy\" decoding=\"async\" width=\"1080\" height=\"800\" src=\"https:\/\/petskinacademy.com\/wp-content\/uploads\/2024\/05\/petskinacademy-introductory-science.jpeg\" class=\"attachment-full size-full\" alt=\"\" srcset=\"https:\/\/petskinacademy.com\/wp-content\/uploads\/2024\/05\/petskinacademy-introductory-science.jpeg 1080w, https:\/\/petskinacademy.com\/wp-content\/uploads\/2024\/05\/petskinacademy-introductory-science-400x296.jpeg 400w, https:\/\/petskinacademy.com\/wp-content\/uploads\/2024\/05\/petskinacademy-introductory-science-768x569.jpeg 768w, https:\/\/petskinacademy.com\/wp-content\/uploads\/2024\/05\/petskinacademy-introductory-science-700x519.jpeg 700w, https:\/\/petskinacademy.com\/wp-content\/uploads\/2024\/05\/petskinacademy-introductory-science-150x111.jpeg 150w, https:\/\/petskinacademy.com\/wp-content\/uploads\/2024\/05\/petskinacademy-introductory-science-68x50.jpeg 68w\" sizes=\"auto, (max-width: 1080px) 100vw, 1080px\" \/>\n\t\t\t\t\t<\/div>\n\t\t[\/vc_column][vc_column width=&#8221;1\/2&#8243;]\n\t\t<div id=\"wd-6626373cdadd1\" class=\"title-wrapper wd-wpb wd-set-mb reset-last-child  wd-rs-6626373cdadd1 wd-title-color-default wd-title-style-default text-left  wd-underline-bordered\">\n\t\t\t\n\t\t\t<div class=\"liner-continer\">\n\t\t\t\t<h4 class=\"woodmart-title-container title  wd-font-weight-300 wd-fontsize-xxl\" >Descubre nuestro <strong><br \/>\n  <u>Curso de Esteticista de Mascotas: Introducci\u00f3n a la Ciencia<\/u><br \/>\n<\/strong>.<\/h4>\n\t\t\t\t\t\t\t<\/div>\n\t\t\t\n\t\t\t\n\t\t\t\n\t\t<\/div>\n\t\t\n\t\t\t\t<div id=\"wd-6630b3612c132\" class=\"wd-text-block wd-wpb reset-last-child wd-rs-6630b3612c132 text-left wd-fontsize-custom vc_custom_1714467689708\">\n\t\t\t<p>El curso de Introducci\u00f3n a la Ciencia es una serie de aprendizaje en v\u00eddeo para una educaci\u00f3n en profundidad sobre los Fundamentos de la Ciencia del Pelaje, las necesidades de los Pelajes Corto, Medio y Largo, los problemas de la Piel y \u00a1mucho m\u00e1s! Este curso lo imparte el Dr. Faver, DVM, utilizando sus amplios conocimientos veterinarios, as\u00ed como su trabajo de muchos a\u00f1os con peluqueros. Una vez que hayas terminado cada v\u00eddeo, har\u00e1s un peque\u00f1o cuestionario para ayudarte a retener lo que has aprendido. Estos v\u00eddeos son beneficiosos para TODOS, incluso si no est\u00e1s interesado en completar el programa completo de CPAe.<\/p>\n\t\t<\/div>\n\t\t\t\t<div id=\"wd-664c49b50b2b7\" class=\"wd-text-block wd-wpb reset-last-child wd-rs-664c49b50b2b7 text-left wd-fontsize-custom vc_custom_1716275642720\">\n\t\t\t<p style=\"text-align: center;\"> <a id=\"pmp-button\" href=\"\/my-dashboard\/\">\u00bfYa tienes una cuenta? Inicia sesi\u00f3n<\/a> <\/p>\n<p style=\"text-align: center;\"> <a href=\"https:\/\/petskinacademy.com\/es\/planes-de-afiliacion\/\">O descubre nuestros planes de afiliaci\u00f3n<\/a> <\/p>\n<p style=\"text-align: center;\"><\/p>\n\t\t<\/div>\n\t\t[\/vc_column][\/vc_row][vc_row css=&#8221;.vc_custom_1706891236827{padding: 25px !important;background-color: #f1f3f5 !important;}&#8221; woodmart_css_id=&#8221;65bd17dcda2f9&#8243; responsive_spacing=&#8221;eyJwYXJhbV90eXBlIjoid29vZG1hcnRfcmVzcG9uc2l2ZV9zcGFjaW5nIiwic2VsZWN0b3JfaWQiOiI2NWJkMTdkY2RhMmY5Iiwic2hvcnRjb2RlIjoidmNfcm93IiwiZGF0YSI6eyJ0YWJsZXQiOnt9LCJtb2JpbGUiOnt9fX0=&#8221; mobile_bg_img_hidden=&#8221;no&#8221; tablet_bg_img_hidden=&#8221;no&#8221; woodmart_parallax=&#8221;0&#8243; woodmart_gradient_switch=&#8221;no&#8221; woodmart_box_shadow=&#8221;no&#8221; wd_z_index=&#8221;no&#8221; woodmart_disable_overflow=&#8221;0&#8243; row_reverse_mobile=&#8221;0&#8243; row_reverse_tablet=&#8221;0&#8243;][vc_column]\n\t\t<div id=\"wd-662637530b1db\" class=\"title-wrapper wd-wpb wd-set-mb reset-last-child  wd-rs-662637530b1db wd-title-color-default wd-title-style-default text-left  wd-underline-bordered\">\n\t\t\t\n\t\t\t<div class=\"liner-continer\">\n\t\t\t\t<h4 class=\"woodmart-title-container title  wd-font-weight-300 wd-fontsize-xl\" >Qu\u00e9 incluye<\/h4>\n\t\t\t\t\t\t\t<\/div>\n\t\t\t\n\t\t\t\n\t\t\t\n\t\t<\/div>\n\t\t\n\t\t\t\t<div id=\"wd-664fb640ac21a\" class=\"wd-text-block wd-wpb reset-last-child wd-rs-664fb640ac21a text-left \">\n\t\t\t<ul>\n<li><a href=\"https:\/\/petskinacademy.com\/es\/momentos-didacticos-del-dr-faver\/\">Momentos did\u00e1cticos del Dr. Faver<\/a><\/li>\n<li><a href=\"https:\/\/petskinacademy.com\/es\/articulos-educativos\/\">Art\u00edculos educativos<\/a><\/li>\n<li><a href=\"https:\/\/petskinacademy.com\/es\/videos-cortos\/\">V\u00eddeos cortos<\/a><\/li>\n<li><a href=\"https:\/\/petskinacademy.com\/es\/fichas-informativas\/\">Fichas informativas (M\u00e1s desbloqueadas)<\/a><\/li>\n<li><a href=\"https:\/\/petskinacademy.com\/es\/videos-educativos\/\">V\u00eddeos educativos<\/a><\/li>\n<li><a href=\"https:\/\/petskinacademy.com\/es\/consultas-con-un-cpae\/\">Consultas ilimitadas y gratuitas con un CPAe<\/a><\/li>\n<li><a href=\"https:\/\/petskinacademy.com\/es\/curso-de-esteticista-de-mascotas-introduccion-a-la-ciencia\/\">Curso de Esteticista de Mascotas: Introducci\u00f3n a la Ciencia<\/a><\/li>\n<li>Cuaderno y bol\u00edgrafo de Pet Skin Academy (s\u00f3lo para estudiantes de EE.UU.)<\/li>\n<li>Pin de estudiante de la Pet Skin Academy (s\u00f3lo estudiantes de EE.UU.)<\/li>\n<li>Bolsa de estudiante de Pet Skin Academy (s\u00f3lo para estudiantes de EE.UU.)<\/li>\n<\/ul>\n\t\t<\/div>\n\t\t[\/vc_column][\/vc_row][vc_row woodmart_css_id=&#8221;65bd10eb3d73a&#8221; responsive_spacing=&#8221;eyJwYXJhbV90eXBlIjoid29vZG1hcnRfcmVzcG9uc2l2ZV9zcGFjaW5nIiwic2VsZWN0b3JfaWQiOiI2NWJkMTBlYjNkNzNhIiwic2hvcnRjb2RlIjoidmNfcm93IiwiZGF0YSI6eyJ0YWJsZXQiOnt9LCJtb2JpbGUiOnt9fX0=&#8221; mobile_bg_img_hidden=&#8221;no&#8221; tablet_bg_img_hidden=&#8221;no&#8221; woodmart_parallax=&#8221;0&#8243; woodmart_gradient_switch=&#8221;no&#8221; woodmart_box_shadow=&#8221;no&#8221; wd_z_index=&#8221;no&#8221; woodmart_disable_overflow=&#8221;0&#8243; row_reverse_mobile=&#8221;0&#8243; row_reverse_tablet=&#8221;0&#8243;][vc_column][vc_empty_space woodmart_hide_large=&#8221;0&#8243; woodmart_hide_medium=&#8221;0&#8243; woodmart_hide_small=&#8221;0&#8243;][\/vc_column][\/vc_row][vc_row woodmart_css_id=&#8221;6690e50097b03&#8243; responsive_spacing=&#8221;eyJwYXJhbV90eXBlIjoid29vZG1hcnRfcmVzcG9uc2l2ZV9zcGFjaW5nIiwic2VsZWN0b3JfaWQiOiI2NjkwZTUwMDk3YjAzIiwic2hvcnRjb2RlIjoidmNfcm93IiwiZGF0YSI6eyJ0YWJsZXQiOnt9LCJtb2JpbGUiOnt9fX0=&#8221; mobile_bg_img_hidden=&#8221;no&#8221; tablet_bg_img_hidden=&#8221;no&#8221; woodmart_parallax=&#8221;0&#8243; woodmart_gradient_switch=&#8221;no&#8221; woodmart_box_shadow=&#8221;no&#8221; wd_z_index=&#8221;no&#8221; woodmart_disable_overflow=&#8221;0&#8243; row_reverse_mobile=&#8221;0&#8243; row_reverse_tablet=&#8221;0&#8243;][vc_column]\n\t\t<div id=\"wd-6690e548ce9b0\" class=\"title-wrapper wd-wpb wd-set-mb reset-last-child  wd-rs-6690e548ce9b0 wd-title-color-primary wd-title-style-bordered text-center vc_custom_1720771916873 wd-underline-colored\">\n\t\t\t\t\t\t\t\n\t\t\t\t<div class=\"title-subtitle  subtitle-color-primary font-default subtitle-style-default wd-font-weight- wd-fontsize-xs\">PREGUNTAS FRECUENTES<\/div>\n\t\t\t\n\t\t\t<div class=\"liner-continer\">\n\t\t\t\t<h4 class=\"woodmart-title-container title  wd-font-weight-300 wd-fontsize-xxl\" >Preguntas frecuentes<\/h4>\n\t\t\t\t\t\t\t<\/div>\n\t\t\t\n\t\t\t\n\t\t\t\n\t\t<\/div>\n\t\t\n\t\t[\/vc_column][\/vc_row][vc_row css=&#8221;.vc_custom_1720772085947{padding: 25px !important;background-color: #f1f3f5 !important;}&#8221; woodmart_css_id=&#8221;6690e5f2aaeb6&#8243; responsive_spacing=&#8221;eyJwYXJhbV90eXBlIjoid29vZG1hcnRfcmVzcG9uc2l2ZV9zcGFjaW5nIiwic2VsZWN0b3JfaWQiOiI2NjkwZTVmMmFhZWI2Iiwic2hvcnRjb2RlIjoidmNfcm93IiwiZGF0YSI6eyJ0YWJsZXQiOnt9LCJtb2JpbGUiOnt9fX0=&#8221; mobile_bg_img_hidden=&#8221;no&#8221; tablet_bg_img_hidden=&#8221;no&#8221; woodmart_parallax=&#8221;0&#8243; woodmart_gradient_switch=&#8221;no&#8221; woodmart_box_shadow=&#8221;no&#8221; wd_z_index=&#8221;no&#8221; woodmart_disable_overflow=&#8221;0&#8243; row_reverse_mobile=&#8221;0&#8243; row_reverse_tablet=&#8221;0&#8243;][vc_column]\n\t\t<div id=\"wd-\" class=\"wd-accordion wd-wpb  wd-style-default wd-titles-left wd-opener-pos-left wd-opener-style-arrow\" data-state=\"first\">\n\t\t\t\t\t\t\t\n\t\t\t\t\n\t\t\t\t<div class=\"wd-accordion-item\">\n\t\t\t\t\t<div class=\"wd-accordion-title wd-role-btn wd-active font-primary wd-fontsize-s wd-font-weight-600\" data-accordion-index=\"0\" tabindex=\"0\">\n\t\t\t\t\t\t<div class=\"wd-accordion-title-text\">\n\t\t\t\t\t\t\t\t\t\t\t\t\t\t<span>\n\t\t\t\t\t\t\t\tHe comprado el Plan de Iniciaci\u00f3n a la Ciencia; \u00bfc\u00f3mo desbloqueo los v\u00eddeos y empiezo?\t\t\t\t\t\t\t<\/span>\n\t\t\t\t\t\t<\/div>\n\t\t\t\t\t\t<span class=\"wd-accordion-opener\"><\/span>\n\t\t\t\t\t<\/div>\n\n\t\t\t\t\t<div class=\"wd-accordion-content wd-entry-content wd-active\" data-accordion-index=\"0\">\n\t\t\t\t\t\t\t\t\t\t\t\t\t<p>Despu\u00e9s de verificar tu direcci\u00f3n de correo electr\u00f3nico e iniciar sesi\u00f3n en tu cuenta, puedes seguir las siguientes instrucciones para comenzar este curso. Estas instrucciones se basan en la orientaci\u00f3n del sitio en un PC; si utiliza su tel\u00e9fono u otro dispositivo para acceder al sitio, la ubicaci\u00f3n de determinados botones puede variar.<\/p>\n<ol>\n<li>Despu\u00e9s de conectarte, haz clic en <strong>CONTENIDOS PRO<\/strong> y selecciona <strong>CURSO DE EST\u00c9TICA DE LA MASCOTA: CIENCIA INTRODUCTORIA (EX M\u00d3DULO 1)<\/strong><\/li>\n<li>Selecciona <strong>IR AL CURSO<\/strong><\/li>\n<li>Acceder\u00e1 a la p\u00e1gina principal, donde podr\u00e1 ver el v\u00eddeo de introducci\u00f3n.<\/li>\n<li>Antes de que puedas empezar a ver los v\u00eddeos de las lecciones, debes hacer clic en <strong>COMENZAR CURSO<\/strong> a la derecha del v\u00eddeo de introducci\u00f3n para desbloquear los v\u00eddeos (si est\u00e1s en un tel\u00e9fono o tableta, este bot\u00f3n puede estar en la parte inferior de la p\u00e1gina, debajo de los v\u00eddeos bloqueados).<\/li>\n<li>Ahora puede empezar a ver los v\u00eddeos seleccionando <strong>COMENZAR A APRENDER<\/strong><\/li>\n<li>Una vez que haya visto el primer v\u00eddeo tantas veces como desee y est\u00e9 preparado para realizar el primer cuestionario, haga clic en <strong>MARCAR COMO COMPLETADO<\/strong> en la esquina superior derecha del v\u00eddeo para acceder al cuestionario.<\/li>\n<\/ol>\n\t\t\t\t\t\t\t\t\t\t\t<\/div>\n\t\t\t\t<\/div>\n\t\t\t\t\t\t\t\n\t\t\t\t\n\t\t\t\t<div class=\"wd-accordion-item\">\n\t\t\t\t\t<div class=\"wd-accordion-title wd-role-btn font-primary wd-fontsize-s wd-font-weight-600\" data-accordion-index=\"1\" tabindex=\"0\">\n\t\t\t\t\t\t<div class=\"wd-accordion-title-text\">\n\t\t\t\t\t\t\t\t\t\t\t\t\t\t<span>\n\t\t\t\t\t\t\t\t\u00bfCu\u00e1ntas oportunidades tengo de aprobar los cuestionarios de Introducci\u00f3n a la Ciencia?\t\t\t\t\t\t\t<\/span>\n\t\t\t\t\t\t<\/div>\n\t\t\t\t\t\t<span class=\"wd-accordion-opener\"><\/span>\n\t\t\t\t\t<\/div>\n\n\t\t\t\t\t<div class=\"wd-accordion-content wd-entry-content\" data-accordion-index=\"1\">\n\t\t\t\t\t\t\t\t\t\t\t\t\t<p>Tendr\u00e1 una oportunidad en cada cuestionario para obtener una calificaci\u00f3n de aprobado igual o superior al 70%. <strong>Una vez que comience el cuestionario debe terminarlo<\/strong>. Si abandona el cuestionario en mitad del mismo, suspender\u00e1 la prueba. Si no apruebas un cuestionario, se te pedir\u00e1 que puedas comprar otra oportunidad. Si suspendes alguna de las pruebas, te recomendamos que vuelvas a ver la lecci\u00f3n y te pongas en contacto con nosotros si tienes alguna duda sobre la informaci\u00f3n. Estamos aqu\u00ed para ayudarle.<\/p>\n\t\t\t\t\t\t\t\t\t\t\t<\/div>\n\t\t\t\t<\/div>\n\t\t\t\t\t\t\t\n\t\t\t\t\n\t\t\t\t<div class=\"wd-accordion-item\">\n\t\t\t\t\t<div class=\"wd-accordion-title wd-role-btn font-primary wd-fontsize-s wd-font-weight-600\" data-accordion-index=\"2\" tabindex=\"0\">\n\t\t\t\t\t\t<div class=\"wd-accordion-title-text\">\n\t\t\t\t\t\t\t\t\t\t\t\t\t\t<span>\n\t\t\t\t\t\t\t\tNo he superado uno de los cuestionarios; \u00bfc\u00f3mo puedo comprar otro cuestionario?\t\t\t\t\t\t\t<\/span>\n\t\t\t\t\t\t<\/div>\n\t\t\t\t\t\t<span class=\"wd-accordion-opener\"><\/span>\n\t\t\t\t\t<\/div>\n\n\t\t\t\t\t<div class=\"wd-accordion-content wd-entry-content\" data-accordion-index=\"2\">\n\t\t\t\t\t\t\t\t\t\t\t\t\t<p>Despu\u00e9s de obtener los resultados de tu cuestionario, deber\u00edas ver un enlace para comprar un c\u00f3digo de activaci\u00f3n. Si no lo ves, puedes ir a <strong>la TIENDA <\/strong>y seleccionar el producto <strong>CLAVE de activaci\u00f3n de PRUEBA<\/strong>. A continuaci\u00f3n, haz clic en <strong>A\u00d1ADIR AL CARRITO <\/strong>para comprar tu clave de activaci\u00f3n.<\/p>\n<p>Una vez que hayas comprado tu prueba extra, recibir\u00e1s un correo electr\u00f3nico con tu c\u00f3digo de activaci\u00f3n. <strong>No utilices este c\u00f3digo hasta que est\u00e9s preparado para volver a hacer el test. <\/strong>Cuando est\u00e9s listo para volver a hacer el test, ve al test que necesitas volver a hacer e introduce el c\u00f3digo en la casilla correspondiente y selecciona <strong>VERIFICAR.<\/strong> Aparecer\u00e1 un bot\u00f3n para iniciar el cuestionario. Debe comenzar inmediatamente el concurso. Si abandona esta p\u00e1gina sin iniciar y finalizar el cuestionario, su activaci\u00f3n dejar\u00e1 de ser v\u00e1lida.<\/p>\n\t\t\t\t\t\t\t\t\t\t\t<\/div>\n\t\t\t\t<\/div>\n\t\t\t\t\t\t\t\n\t\t\t\t\n\t\t\t\t<div class=\"wd-accordion-item\">\n\t\t\t\t\t<div class=\"wd-accordion-title wd-role-btn font-primary wd-fontsize-s wd-font-weight-600\" data-accordion-index=\"3\" tabindex=\"0\">\n\t\t\t\t\t\t<div class=\"wd-accordion-title-text\">\n\t\t\t\t\t\t\t\t\t\t\t\t\t\t<span>\n\t\t\t\t\t\t\t\t\u00bfCu\u00e1ntas veces puedo ver cada v\u00eddeo?\t\t\t\t\t\t\t<\/span>\n\t\t\t\t\t\t<\/div>\n\t\t\t\t\t\t<span class=\"wd-accordion-opener\"><\/span>\n\t\t\t\t\t<\/div>\n\n\t\t\t\t\t<div class=\"wd-accordion-content wd-entry-content\" data-accordion-index=\"3\">\n\t\t\t\t\t\t\t\t\t\t\t\t\t<p>Puede ver cada v\u00eddeo tantas veces como desee antes de realizar el cuestionario correspondiente. Podr\u00e1s volver atr\u00e1s y ver cada v\u00eddeo tantas veces como quieras en <strong>V\u00cdDEOS EDUCATIVOS <\/strong>, incluso despu\u00e9s de haber completado el programa. Si no entiendes algo en alg\u00fan momento y quieres alguna aclaraci\u00f3n, no dudes en ponerte en contacto con nosotros por tel\u00e9fono o mensaje de texto llamando al 855-464-8726 o envi\u00e1ndonos un correo electr\u00f3nico a <a href=\"mailto:support@petskinacademy.com\">support@petskinacademy.com<\/a>.<\/p>\n\t\t\t\t\t\t\t\t\t\t\t<\/div>\n\t\t\t\t<\/div>\n\t\t\t\t\t\t\t\t\t\t\t\t\t\t<\/div>\n\n\t\t[\/vc_column][\/vc_row][vc_row woodmart_css_id=&#8221;65bd10eb3d73a&#8221; responsive_spacing=&#8221;eyJwYXJhbV90eXBlIjoid29vZG1hcnRfcmVzcG9uc2l2ZV9zcGFjaW5nIiwic2VsZWN0b3JfaWQiOiI2NWJkMTBlYjNkNzNhIiwic2hvcnRjb2RlIjoidmNfcm93IiwiZGF0YSI6eyJ0YWJsZXQiOnt9LCJtb2JpbGUiOnt9fX0=&#8221; mobile_bg_img_hidden=&#8221;no&#8221; tablet_bg_img_hidden=&#8221;no&#8221; woodmart_parallax=&#8221;0&#8243; woodmart_gradient_switch=&#8221;no&#8221; woodmart_box_shadow=&#8221;no&#8221; wd_z_index=&#8221;no&#8221; woodmart_disable_overflow=&#8221;0&#8243; row_reverse_mobile=&#8221;0&#8243; row_reverse_tablet=&#8221;0&#8243;][vc_column][vc_empty_space woodmart_hide_large=&#8221;0&#8243; woodmart_hide_medium=&#8221;0&#8243; woodmart_hide_small=&#8221;0&#8243;][\/vc_column][\/vc_row]<\/p>\n<\/div>","protected":false},"excerpt":{"rendered":"<p>[vc_row][vc_column width=&#8221;1\/2&#8243;][\/vc_column][vc_column width=&#8221;1\/2&#8243;][\/vc_column][\/vc_row][vc_row css=&#8221;.vc_custom_1706891236827{padding: 25px !important;background-color: #f1f3f5 !important;}&#8221; woodmart_css_id=&#8221;65bd17dcda2f9&#8243; responsive_spacing=&#8221;eyJwYXJhbV90eXBlIjoid29vZG1hcnRfcmVzcG9uc2l2ZV9zcGFjaW5nIiwic2VsZWN0b3JfaWQiOiI2NWJkMTdkY2RhMmY5Iiwic2hvcnRjb2RlIjoidmNfcm93IiwiZGF0YSI6eyJ0YWJsZXQiOnt9LCJtb2JpbGUiOnt9fX0=&#8221; mobile_bg_img_hidden=&#8221;no&#8221; tablet_bg_img_hidden=&#8221;no&#8221; woodmart_parallax=&#8221;0&#8243; woodmart_gradient_switch=&#8221;no&#8221; woodmart_box_shadow=&#8221;no&#8221; wd_z_index=&#8221;no&#8221; woodmart_disable_overflow=&#8221;0&#8243; row_reverse_mobile=&#8221;0&#8243; row_reverse_tablet=&#8221;0&#8243;][vc_column][\/vc_column][\/vc_row][vc_row woodmart_css_id=&#8221;65bd10eb3d73a&#8221;<\/p>\n","protected":false},"author":1,"featured_media":0,"parent":0,"menu_order":0,"comment_status":"closed","ping_status":"closed","template":"","meta":{"content-type":"","pmpro_default_level":"","_ppp_document_settings_meta":"","footnotes":""},"class_list":["post-12272","page","type-page","status-publish","hentry","pmpro-has-access"],"_links":{"self":[{"href":"https:\/\/petskinacademy.com\/es\/wp-json\/wp\/v2\/pages\/12272","targetHints":{"allow":["GET"]}}],"collection":[{"href":"https:\/\/petskinacademy.com\/es\/wp-json\/wp\/v2\/pages"}],"about":[{"href":"https:\/\/petskinacademy.com\/es\/wp-json\/wp\/v2\/types\/page"}],"author":[{"embeddable":true,"href":"https:\/\/petskinacademy.com\/es\/wp-json\/wp\/v2\/users\/1"}],"replies":[{"embeddable":true,"href":"https:\/\/petskinacademy.com\/es\/wp-json\/wp\/v2\/comments?post=12272"}],"version-history":[{"count":37,"href":"https:\/\/petskinacademy.com\/es\/wp-json\/wp\/v2\/pages\/12272\/revisions"}],"predecessor-version":[{"id":14358,"href":"https:\/\/petskinacademy.com\/es\/wp-json\/wp\/v2\/pages\/12272\/revisions\/14358"}],"wp:attachment":[{"href":"https:\/\/petskinacademy.com\/es\/wp-json\/wp\/v2\/media?parent=12272"}],"curies":[{"name":"wp","href":"https:\/\/api.w.org\/{rel}","templated":true}]}}