{"id":12278,"date":"2024-04-30T04:02:25","date_gmt":"2024-04-30T09:02:25","guid":{"rendered":"https:\/\/petskinacademy.com\/plan-del-taller-de-ciencia-avanzada\/"},"modified":"2024-05-23T16:47:03","modified_gmt":"2024-05-23T21:47:03","slug":"plan-del-taller-de-ciencia-avanzada","status":"publish","type":"page","link":"https:\/\/petskinacademy.com\/es\/plan-del-taller-de-ciencia-avanzada\/","title":{"rendered":"Plan del Taller de Ciencia Avanzada"},"content":{"rendered":"<div class=\"wpb-content-wrapper\"><p>[vc_row][vc_column width=&#8221;1\/2&#8243;]\t\t<div id=\"wd-66475f185b0cc\" class=\"wd-image wd-wpb wd-rs-66475f185b0cc text-center \">\n\t\t\t\n\t\t\t<img loading=\"lazy\" decoding=\"async\" width=\"1080\" height=\"800\" src=\"https:\/\/petskinacademy.com\/wp-content\/uploads\/2024\/05\/petskinacademy-workshop.jpeg\" class=\"attachment-full size-full\" alt=\"\" srcset=\"https:\/\/petskinacademy.com\/wp-content\/uploads\/2024\/05\/petskinacademy-workshop.jpeg 1080w, https:\/\/petskinacademy.com\/wp-content\/uploads\/2024\/05\/petskinacademy-workshop-400x296.jpeg 400w, https:\/\/petskinacademy.com\/wp-content\/uploads\/2024\/05\/petskinacademy-workshop-768x569.jpeg 768w, https:\/\/petskinacademy.com\/wp-content\/uploads\/2024\/05\/petskinacademy-workshop-700x519.jpeg 700w, https:\/\/petskinacademy.com\/wp-content\/uploads\/2024\/05\/petskinacademy-workshop-150x111.jpeg 150w, https:\/\/petskinacademy.com\/wp-content\/uploads\/2024\/05\/petskinacademy-workshop-68x50.jpeg 68w\" sizes=\"auto, (max-width: 1080px) 100vw, 1080px\" \/>\n\t\t\t\t\t<\/div>\n\t\t[\/vc_column][vc_column width=&#8221;1\/2&#8243;]\n\t\t<div id=\"wd-6626395b67919\" class=\"title-wrapper wd-wpb wd-set-mb reset-last-child  wd-rs-6626395b67919 wd-title-color-default wd-title-style-default text-left  wd-underline-bordered\">\n\t\t\t\n\t\t\t<div class=\"liner-continer\">\n\t\t\t\t<h4 class=\"woodmart-title-container title  wd-font-weight-300 wd-fontsize-xxl\" >Descubre nuestro <strong><br \/>\n  <u>Curso de Esteticista de Mascotas: Taller de Ciencia Avanzada<\/u><br \/>\n<\/strong>.<\/h4>\n\t\t\t\t\t\t\t<\/div>\n\t\t\t\n\t\t\t\n\t\t\t\n\t\t<\/div>\n\t\t\n\t\t\t\t<div id=\"wd-664fb8734083d\" class=\"wd-text-block wd-wpb reset-last-child wd-rs-664fb8734083d text-left wd-fontsize-custom \">\n\t\t\t<p>El Taller de Ciencia Avanzada incluye formaci\u00f3n in situ con el Dr. Faver, DVM. Son 3 d\u00edas de seminarios educativos, aprendizaje pr\u00e1ctico con un CPAe experimentado y creaci\u00f3n de equipos con personas de ideas afines. El \u00faltimo d\u00eda, realiza un examen final en el que muestres todo lo que has aprendido hasta ahora. Aunque este curso es principalmente presencial, tambi\u00e9n recibir\u00e1s acceso a nuevos v\u00eddeos y hojas informativas para utilizar en tu sal\u00f3n.  <em>Se trata de un taller presencial. El viaje y el alojamiento no est\u00e1n incluidos en este curso. Todos los d\u00edas habr\u00e1 desayuno y comida.<\/em>  (Prerrequisito &#8211; Curso de Introducci\u00f3n a la Ciencia)<\/p>\n\t\t<\/div>\n\t\t\t\t<div id=\"wd-664c49fcd5d45\" class=\"wd-text-block wd-wpb reset-last-child wd-rs-664c49fcd5d45 text-left wd-fontsize-custom vc_custom_1716275718330\">\n\t\t\t<p style=\"text-align: center;\"> <a id=\"pmp-button\" href=\"\/my-dashboard\/\">\u00bfYa tienes una cuenta? Inicia sesi\u00f3n<\/a> <\/p>\n<p style=\"text-align: center;\"> <a href=\"https:\/\/petskinacademy.com\/es\/planes-de-afiliacion\/\">O descubre nuestros planes de afiliaci\u00f3n<\/a> <\/p>\n<p style=\"text-align: center;\"><\/p>\n\t\t<\/div>\n\t\t[\/vc_column][\/vc_row][vc_row css=&#8221;.vc_custom_1706891236827{padding: 25px !important;background-color: #f1f3f5 !important;}&#8221; woodmart_css_id=&#8221;65bd17dcda2f9&#8243; responsive_spacing=&#8221;eyJwYXJhbV90eXBlIjoid29vZG1hcnRfcmVzcG9uc2l2ZV9zcGFjaW5nIiwic2VsZWN0b3JfaWQiOiI2NWJkMTdkY2RhMmY5Iiwic2hvcnRjb2RlIjoidmNfcm93IiwiZGF0YSI6eyJ0YWJsZXQiOnt9LCJtb2JpbGUiOnt9fX0=&#8221; mobile_bg_img_hidden=&#8221;no&#8221; tablet_bg_img_hidden=&#8221;no&#8221; woodmart_parallax=&#8221;0&#8243; woodmart_gradient_switch=&#8221;no&#8221; woodmart_box_shadow=&#8221;no&#8221; wd_z_index=&#8221;no&#8221; woodmart_disable_overflow=&#8221;0&#8243; row_reverse_mobile=&#8221;0&#8243; row_reverse_tablet=&#8221;0&#8243;][vc_column]\n\t\t<div id=\"wd-662637530b1db\" class=\"title-wrapper wd-wpb wd-set-mb reset-last-child  wd-rs-662637530b1db wd-title-color-default wd-title-style-default text-left  wd-underline-bordered\">\n\t\t\t\n\t\t\t<div class=\"liner-continer\">\n\t\t\t\t<h4 class=\"woodmart-title-container title  wd-font-weight-300 wd-fontsize-xl\" >Qu\u00e9 incluye<\/h4>\n\t\t\t\t\t\t\t<\/div>\n\t\t\t\n\t\t\t\n\t\t\t\n\t\t<\/div>\n\t\t\n\t\t\t\t<div id=\"wd-664fb6e94070e\" class=\"wd-text-block wd-wpb reset-last-child wd-rs-664fb6e94070e text-left \">\n\t\t\t<ul>\n<li><a href=\"https:\/\/petskinacademy.com\/es\/curso-de-esteticista-de-mascotas-taller-de-ciencias\/\">Curso de Esteticista de Mascotas: Taller de Ciencia Avanzada<strong>(PR\u00d3XIMAMENTE<\/strong>)<\/a><\/li>\n<li><a href=\"https:\/\/petskinacademy.com\/es\/momentos-didacticos-del-dr-faver\/\">Momentos did\u00e1cticos del Dr. Faver<\/a><\/li>\n<li><a href=\"https:\/\/petskinacademy.com\/es\/articulos-educativos\/\">Art\u00edculos educativos<\/a><\/li>\n<li><a href=\"https:\/\/petskinacademy.com\/es\/videos-cortos\/\">V\u00eddeos cortos<\/a><\/li>\n<li><a href=\"https:\/\/petskinacademy.com\/es\/fichas-informativas\/\">Fichas informativas (M\u00e1s desbloqueadas)<\/a><\/li>\n<li><a href=\"https:\/\/petskinacademy.com\/es\/videos-educativos\/\">V\u00eddeos educativos<\/a><\/li>\n<li><a href=\"https:\/\/petskinacademy.com\/es\/consultas-con-un-cpae\/\">Consultas ilimitadas y gratuitas con un CPAe<\/a><\/li>\n<li>Cup\u00f3n del 50% de descuento en el pedido de un producto con Iv San Bernard USA\n<ul>\n<li>El cup\u00f3n s\u00f3lo es v\u00e1lido para un pedido de productos Iv San Bernard<\/li>\n<li>Descuento m\u00e1ximo de 4000<\/li>\n<li>S\u00f3lo para residentes en EE.UU.<\/li>\n<li>Cup\u00f3n v\u00e1lido para pedidos realizados durante o en la semana posterior al Taller de Ciencia Avanzada<\/li>\n<\/ul>\n<\/li>\n<li>Cup\u00f3n de descuento del 30% para una Ozonizadora de Iv San Bernard USA\n<ul>\n<li>El cup\u00f3n s\u00f3lo es v\u00e1lido en una compra m\u00e1xima de 2 M\u00e1quinas de Ozono (puede haber m\u00e1s disponibles previa autorizaci\u00f3n)<\/li>\n<li>S\u00f3lo para residentes en EE.UU.<\/li>\n<li>Cup\u00f3n v\u00e1lido para pedidos realizados durante o en la semana posterior al Taller de Ciencia Avanzada<\/li>\n<li>Aproximadamente 800 $ de ahorro en la compra de cada m\u00e1quina Ozone<\/li>\n<\/ul>\n<\/li>\n<li>Delantal de peluquer\u00eda de la Academia Pet Skin (s\u00f3lo para estudiantes de EE.UU.)<\/li>\n<\/ul>\n\t\t<\/div>\n\t\t[\/vc_column][\/vc_row]<\/p>\n<\/div>","protected":false},"excerpt":{"rendered":"<p>[vc_row][vc_column width=&#8221;1\/2&#8243;][\/vc_column][vc_column width=&#8221;1\/2&#8243;][\/vc_column][\/vc_row][vc_row css=&#8221;.vc_custom_1706891236827{padding: 25px !important;background-color: #f1f3f5 !important;}&#8221; woodmart_css_id=&#8221;65bd17dcda2f9&#8243; responsive_spacing=&#8221;eyJwYXJhbV90eXBlIjoid29vZG1hcnRfcmVzcG9uc2l2ZV9zcGFjaW5nIiwic2VsZWN0b3JfaWQiOiI2NWJkMTdkY2RhMmY5Iiwic2hvcnRjb2RlIjoidmNfcm93IiwiZGF0YSI6eyJ0YWJsZXQiOnt9LCJtb2JpbGUiOnt9fX0=&#8221; mobile_bg_img_hidden=&#8221;no&#8221; tablet_bg_img_hidden=&#8221;no&#8221; woodmart_parallax=&#8221;0&#8243; woodmart_gradient_switch=&#8221;no&#8221; woodmart_box_shadow=&#8221;no&#8221; wd_z_index=&#8221;no&#8221; woodmart_disable_overflow=&#8221;0&#8243; row_reverse_mobile=&#8221;0&#8243; row_reverse_tablet=&#8221;0&#8243;][vc_column][\/vc_column][\/vc_row]<\/p>\n","protected":false},"author":1,"featured_media":0,"parent":0,"menu_order":0,"comment_status":"closed","ping_status":"closed","template":"","meta":{"content-type":"","pmpro_default_level":"","_ppp_document_settings_meta":"","footnotes":""},"class_list":["post-12278","page","type-page","status-publish","hentry","pmpro-has-access"],"_links":{"self":[{"href":"https:\/\/petskinacademy.com\/es\/wp-json\/wp\/v2\/pages\/12278","targetHints":{"allow":["GET"]}}],"collection":[{"href":"https:\/\/petskinacademy.com\/es\/wp-json\/wp\/v2\/pages"}],"about":[{"href":"https:\/\/petskinacademy.com\/es\/wp-json\/wp\/v2\/types\/page"}],"author":[{"embeddable":true,"href":"https:\/\/petskinacademy.com\/es\/wp-json\/wp\/v2\/users\/1"}],"replies":[{"embeddable":true,"href":"https:\/\/petskinacademy.com\/es\/wp-json\/wp\/v2\/comments?post=12278"}],"version-history":[{"count":26,"href":"https:\/\/petskinacademy.com\/es\/wp-json\/wp\/v2\/pages\/12278\/revisions"}],"predecessor-version":[{"id":14105,"href":"https:\/\/petskinacademy.com\/es\/wp-json\/wp\/v2\/pages\/12278\/revisions\/14105"}],"wp:attachment":[{"href":"https:\/\/petskinacademy.com\/es\/wp-json\/wp\/v2\/media?parent=12278"}],"curies":[{"name":"wp","href":"https:\/\/api.w.org\/{rel}","templated":true}]}}