{"id":12281,"date":"2024-04-30T04:02:33","date_gmt":"2024-04-30T09:02:33","guid":{"rendered":"https:\/\/petskinacademy.com\/plan-avanzado-de-tutoria-de-casos-practicos\/"},"modified":"2024-08-12T14:54:36","modified_gmt":"2024-08-12T19:54:36","slug":"plan-avanzado-de-tutoria-de-casos-practicos","status":"publish","type":"page","link":"https:\/\/petskinacademy.com\/es\/plan-avanzado-de-tutoria-de-casos-practicos\/","title":{"rendered":"Plan de tutor\u00eda de casos pr\u00e1cticos"},"content":{"rendered":"<div class=\"wpb-content-wrapper\"><p>[vc_row][vc_column width=&#8221;1\/2&#8243;]\t\t<div id=\"wd-66475ed84f8ce\" class=\"wd-image wd-wpb wd-rs-66475ed84f8ce text-center \">\n\t\t\t\n\t\t\t<img loading=\"lazy\" decoding=\"async\" width=\"1080\" height=\"800\" src=\"https:\/\/petskinacademy.com\/wp-content\/uploads\/2024\/05\/petskinacademy-Advance.jpeg\" class=\"attachment-full size-full\" alt=\"\" srcset=\"https:\/\/petskinacademy.com\/wp-content\/uploads\/2024\/05\/petskinacademy-Advance.jpeg 1080w, https:\/\/petskinacademy.com\/wp-content\/uploads\/2024\/05\/petskinacademy-Advance-400x296.jpeg 400w, https:\/\/petskinacademy.com\/wp-content\/uploads\/2024\/05\/petskinacademy-Advance-768x569.jpeg 768w, https:\/\/petskinacademy.com\/wp-content\/uploads\/2024\/05\/petskinacademy-Advance-700x519.jpeg 700w, https:\/\/petskinacademy.com\/wp-content\/uploads\/2024\/05\/petskinacademy-Advance-150x111.jpeg 150w, https:\/\/petskinacademy.com\/wp-content\/uploads\/2024\/05\/petskinacademy-Advance-68x50.jpeg 68w\" sizes=\"auto, (max-width: 1080px) 100vw, 1080px\" \/>\n\t\t\t\t\t<\/div>\n\t\t[\/vc_column][vc_column width=&#8221;1\/2&#8243;]\n\t\t<div id=\"wd-66ba678137218\" class=\"title-wrapper wd-wpb wd-set-mb reset-last-child  wd-rs-66ba678137218 wd-title-color-default wd-title-style-default text-left  wd-underline-bordered\">\n\t\t\t\n\t\t\t<div class=\"liner-continer\">\n\t\t\t\t<h4 class=\"woodmart-title-container title  wd-font-weight-300 wd-fontsize-xxl\" >Descubre nuestro <strong><u>Curso de Esteticista de Mascotas: Tutor\u00eda de casos pr\u00e1cticos<\/u><\/strong>.<\/h4>\n\t\t\t\t\t\t\t<\/div>\n\t\t\t\n\t\t\t\n\t\t\t\n\t\t<\/div>\n\t\t\n\t\t\t\t<div id=\"wd-6647072c10cda\" class=\"wd-text-block wd-wpb reset-last-child wd-rs-6647072c10cda text-left wd-fontsize-custom \">\n\t\t\t<p>El curso Avanzado de Mentor de Casos Pr\u00e1cticos incluye formaci\u00f3n virtual individualizada y apoyo de uno de los miembros de nuestro equipo para ayudarte con tus propios casos pr\u00e1cticos. Estos casos pr\u00e1cticos incluir\u00e1n 1 caso pr\u00e1ctico de ba\u00f1o de mantenimiento para cada tipo de capa y 2 casos pr\u00e1cticos de restauraci\u00f3n en los que te ayudaremos en todo el proceso de hacer las preguntas adecuadas, elegir el mejor plan de restauraci\u00f3n para esa persona, revisar los historiales m\u00e9dicos y hacer los ajustes necesarios a lo largo del proceso. Este curso te ayudar\u00e1 a empezar a construir tu portafolio y a documentar tu progreso a medida que aplicas la ciencia que has aprendido a escenarios de la vida real. (Prerrequisito &#8211; Curso de Introducci\u00f3n a la Ciencia)<\/p>\n\t\t<\/div>\n\t\t\t\t<div id=\"wd-664c4a0e394e9\" class=\"wd-text-block wd-wpb reset-last-child wd-rs-664c4a0e394e9 text-left wd-fontsize-custom vc_custom_1716275732898\">\n\t\t\t<p style=\"text-align: center;\"> <a id=\"pmp-button\" href=\"\/my-dashboard\/\">\u00bfYa tienes una cuenta? Inicia sesi\u00f3n<\/a> <\/p>\n<p style=\"text-align: center;\"> <a href=\"https:\/\/petskinacademy.com\/es\/planes-de-afiliacion\/\">O descubre nuestros planes de afiliaci\u00f3n<\/a> <\/p>\n<p style=\"text-align: center;\"><\/p>\n\t\t<\/div>\n\t\t[\/vc_column][\/vc_row][vc_row css=&#8221;.vc_custom_1706891236827{padding: 25px !important;background-color: #f1f3f5 !important;}&#8221; woodmart_css_id=&#8221;65bd17dcda2f9&#8243; responsive_spacing=&#8221;eyJwYXJhbV90eXBlIjoid29vZG1hcnRfcmVzcG9uc2l2ZV9zcGFjaW5nIiwic2VsZWN0b3JfaWQiOiI2NWJkMTdkY2RhMmY5Iiwic2hvcnRjb2RlIjoidmNfcm93IiwiZGF0YSI6eyJ0YWJsZXQiOnt9LCJtb2JpbGUiOnt9fX0=&#8221; mobile_bg_img_hidden=&#8221;no&#8221; tablet_bg_img_hidden=&#8221;no&#8221; woodmart_parallax=&#8221;0&#8243; woodmart_gradient_switch=&#8221;no&#8221; woodmart_box_shadow=&#8221;no&#8221; wd_z_index=&#8221;no&#8221; woodmart_disable_overflow=&#8221;0&#8243; row_reverse_mobile=&#8221;0&#8243; row_reverse_tablet=&#8221;0&#8243;][vc_column]\n\t\t<div id=\"wd-662637530b1db\" class=\"title-wrapper wd-wpb wd-set-mb reset-last-child  wd-rs-662637530b1db wd-title-color-default wd-title-style-default text-left  wd-underline-bordered\">\n\t\t\t\n\t\t\t<div class=\"liner-continer\">\n\t\t\t\t<h4 class=\"woodmart-title-container title  wd-font-weight-300 wd-fontsize-xl\" >Qu\u00e9 incluye<\/h4>\n\t\t\t\t\t\t\t<\/div>\n\t\t\t\n\t\t\t\n\t\t\t\n\t\t<\/div>\n\t\t\n\t\t\t\t<div id=\"wd-664fb6aaee194\" class=\"wd-text-block wd-wpb reset-last-child wd-rs-664fb6aaee194 text-left \">\n\t\t\t<ul>\n<li><a href=\"https:\/\/petskinacademy.com\/es\/momentos-didacticos-del-dr-faver\/\">Momentos did\u00e1cticos del Dr. Faver<\/a><\/li>\n<li><a href=\"https:\/\/petskinacademy.com\/es\/articulos-educativos\/\">Art\u00edculos educativos<\/a><\/li>\n<li><a href=\"https:\/\/petskinacademy.com\/es\/videos-cortos\/\">V\u00eddeos cortos<\/a><\/li>\n<li><a href=\"https:\/\/petskinacademy.com\/es\/fichas-informativas\/\">Fichas informativas (M\u00e1s desbloqueadas)<\/a><\/li>\n<li><a href=\"https:\/\/petskinacademy.com\/es\/videos-educativos\/\">V\u00eddeos educativos<\/a><\/li>\n<li><a href=\"https:\/\/petskinacademy.com\/es\/consultas-con-un-cpae\/\">Consultas ilimitadas y gratuitas con un CPAe<\/a><\/li>\n<li><a href=\"https:\/\/petskinacademy.com\/es\/curso-de-esteticista-de-mascotas-tutoria-avanzada-de-casos-practicos\/\">Curso de Esteticista de Mascotas: Tutor\u00eda avanzada de casos pr\u00e1cticos<\/a><\/li>\n<li>Cup\u00f3n de descuento del 50% para un pedido de un producto con Iv San Bernard USA\n<ul>\n<li>El cup\u00f3n s\u00f3lo es v\u00e1lido para un pedido de productos Iv San Bernard<\/li>\n<li>Descuento m\u00e1ximo de 4000 $ (descuento medio por pedido 2000 $)<\/li>\n<li>S\u00f3lo para residentes en EE.UU.<\/li>\n<li>El cup\u00f3n caduca a los 60 d\u00edas de la compra de CPAe 2<\/li>\n<\/ul>\n<\/li>\n<li>Cup\u00f3n de descuento del 30% para una Ozonizadora de Iv San Bernard USA\n<ul>\n<li>El cup\u00f3n s\u00f3lo es v\u00e1lido en una compra m\u00e1xima de 2 M\u00e1quinas de Ozono (puede haber m\u00e1s disponibles previa autorizaci\u00f3n)<\/li>\n<li>S\u00f3lo para residentes en EE.UU.<\/li>\n<li>El cup\u00f3n caduca a los 60 d\u00edas de la compra de CPAe 2<\/li>\n<li>Aproximadamente 800 $ de ahorro en la compra de cada m\u00e1quina Ozone<\/li>\n<\/ul>\n<\/li>\n<li>Carpeta Pet Skin Academy (s\u00f3lo para estudiantes de EE.UU.)<\/li>\n<li>Delantal de ba\u00f1o (s\u00f3lo para estudiantes de EE.UU.)<\/li>\n<\/ul>\n\t\t<\/div>\n\t\t[\/vc_column][\/vc_row][vc_row woodmart_css_id=&#8221;65bd10eb3d73a&#8221; responsive_spacing=&#8221;eyJwYXJhbV90eXBlIjoid29vZG1hcnRfcmVzcG9uc2l2ZV9zcGFjaW5nIiwic2VsZWN0b3JfaWQiOiI2NWJkMTBlYjNkNzNhIiwic2hvcnRjb2RlIjoidmNfcm93IiwiZGF0YSI6eyJ0YWJsZXQiOnt9LCJtb2JpbGUiOnt9fX0=&#8221; mobile_bg_img_hidden=&#8221;no&#8221; tablet_bg_img_hidden=&#8221;no&#8221; woodmart_parallax=&#8221;0&#8243; woodmart_gradient_switch=&#8221;no&#8221; woodmart_box_shadow=&#8221;no&#8221; wd_z_index=&#8221;no&#8221; woodmart_disable_overflow=&#8221;0&#8243; row_reverse_mobile=&#8221;0&#8243; row_reverse_tablet=&#8221;0&#8243;][vc_column][vc_empty_space woodmart_hide_large=&#8221;0&#8243; woodmart_hide_medium=&#8221;0&#8243; woodmart_hide_small=&#8221;0&#8243;][\/vc_column][\/vc_row][vc_row woodmart_css_id=&#8221;6690e55b0ac8a&#8221; responsive_spacing=&#8221;eyJwYXJhbV90eXBlIjoid29vZG1hcnRfcmVzcG9uc2l2ZV9zcGFjaW5nIiwic2VsZWN0b3JfaWQiOiI2NjkwZTU1YjBhYzhhIiwic2hvcnRjb2RlIjoidmNfcm93IiwiZGF0YSI6eyJ0YWJsZXQiOnt9LCJtb2JpbGUiOnt9fX0=&#8221; mobile_bg_img_hidden=&#8221;no&#8221; tablet_bg_img_hidden=&#8221;no&#8221; woodmart_parallax=&#8221;0&#8243; woodmart_gradient_switch=&#8221;no&#8221; woodmart_box_shadow=&#8221;no&#8221; wd_z_index=&#8221;no&#8221; woodmart_disable_overflow=&#8221;0&#8243; row_reverse_mobile=&#8221;0&#8243; row_reverse_tablet=&#8221;0&#8243;][vc_column]\n\t\t<div id=\"wd-6690e57844910\" class=\"title-wrapper wd-wpb wd-set-mb reset-last-child  wd-rs-6690e57844910 wd-title-color-primary wd-title-style-bordered text-center vc_custom_1720771963507 wd-underline-colored\">\n\t\t\t\t\t\t\t\n\t\t\t\t<div class=\"title-subtitle  subtitle-color-primary font-default subtitle-style-default wd-font-weight- wd-fontsize-xs\">PREGUNTAS FRECUENTES<\/div>\n\t\t\t\n\t\t\t<div class=\"liner-continer\">\n\t\t\t\t<h4 class=\"woodmart-title-container title  wd-font-weight-300 wd-fontsize-xxl\" >Preguntas frecuentes<\/h4>\n\t\t\t\t\t\t\t<\/div>\n\t\t\t\n\t\t\t\n\t\t\t\n\t\t<\/div>\n\t\t\n\t\t[\/vc_column][\/vc_row][vc_row css=&#8221;.vc_custom_1720772103972{padding: 25px !important;background-color: #f1f3f5 !important;}&#8221; woodmart_css_id=&#8221;6690e601ce1c0&#8243; responsive_spacing=&#8221;eyJwYXJhbV90eXBlIjoid29vZG1hcnRfcmVzcG9uc2l2ZV9zcGFjaW5nIiwic2VsZWN0b3JfaWQiOiI2NjkwZTYwMWNlMWMwIiwic2hvcnRjb2RlIjoidmNfcm93IiwiZGF0YSI6eyJ0YWJsZXQiOnt9LCJtb2JpbGUiOnt9fX0=&#8221; mobile_bg_img_hidden=&#8221;no&#8221; tablet_bg_img_hidden=&#8221;no&#8221; woodmart_parallax=&#8221;0&#8243; woodmart_gradient_switch=&#8221;no&#8221; woodmart_box_shadow=&#8221;no&#8221; wd_z_index=&#8221;no&#8221; woodmart_disable_overflow=&#8221;0&#8243; row_reverse_mobile=&#8221;0&#8243; row_reverse_tablet=&#8221;0&#8243;][vc_column]\n\t\t<div id=\"wd-\" class=\"wd-accordion wd-wpb  wd-style-default wd-titles-left wd-opener-pos-left wd-opener-style-arrow\" data-state=\"first\">\n\t\t\t\t\t\t\t\n\t\t\t\t\n\t\t\t\t<div class=\"wd-accordion-item\">\n\t\t\t\t\t<div class=\"wd-accordion-title wd-role-btn wd-active font-primary wd-fontsize-s wd-font-weight-600\" data-accordion-index=\"0\" tabindex=\"0\">\n\t\t\t\t\t\t<div class=\"wd-accordion-title-text\">\n\t\t\t\t\t\t\t\t\t\t\t\t\t\t<span>\n\t\t\t\t\t\t\t\tHe comprado el Plan de tutor\u00eda de casos pr\u00e1cticos; \u00bfc\u00f3mo desbloqueo el curso y empiezo?\t\t\t\t\t\t\t<\/span>\n\t\t\t\t\t\t<\/div>\n\t\t\t\t\t\t<span class=\"wd-accordion-opener\"><\/span>\n\t\t\t\t\t<\/div>\n\n\t\t\t\t\t<div class=\"wd-accordion-content wd-entry-content wd-active\" data-accordion-index=\"0\">\n\t\t\t\t\t\t\t\t\t\t\t\t\t<p>Despu\u00e9s de verificar tu direcci\u00f3n de correo electr\u00f3nico e iniciar sesi\u00f3n en tu cuenta, puedes seguir las siguientes instrucciones para comenzar este curso. Estas instrucciones se basan en la orientaci\u00f3n del sitio en un PC; si utiliza su tel\u00e9fono u otro dispositivo para acceder al sitio, la ubicaci\u00f3n de determinados botones puede variar.<\/p>\n<ol>\n<li>Despu\u00e9s de conectarte, haz clic en <strong>CONTENIDOS PRO<\/strong> y selecciona <strong>CURSO DE EST\u00c9TICA PET: ESTUDIO DE CASO DE MENTOR\u00cdA<\/strong><\/li>\n<li>Selecciona <strong>IR AL CURSO<\/strong><\/li>\n<li>Acceder\u00e1 a la p\u00e1gina principal, donde podr\u00e1 ver el v\u00eddeo de introducci\u00f3n.<\/li>\n<li>Si no has realizado y superado el curso prerrequisito, <strong>CURSO DE EST\u00c9TICA PET: CIENCIA INTRODUCTORIA<\/strong>, no podr\u00e1s iniciar este curso.<\/li>\n<li>Antes de que puedas comenzar las lecciones, debes hacer clic en <strong>COMENZAR CURSO<\/strong> a la derecha del v\u00eddeo de introducci\u00f3n para desbloquear el curso (si est\u00e1s en un tel\u00e9fono o tableta, este bot\u00f3n puede estar en la parte inferior de la p\u00e1gina, debajo de los v\u00eddeos bloqueados).<\/li>\n<li>Ya puedes empezar el curso viendo el <strong>V\u00cdDEO DE CONSULTA<\/strong><\/li>\n<li>Una vez que hayas visto el primer v\u00eddeo tantas veces como quieras y est\u00e9s preparado para realizar el cuestionario, haz clic en <strong>MARCAR COMO COMPLETADO<\/strong> en la esquina superior derecha del v\u00eddeo para acceder al cuestionario.<\/li>\n<li>Una vez que hayas completado y superado el cuestionario de consulta, recibir\u00e1s un correo electr\u00f3nico para fijar una hora para la consulta telef\u00f3nica con tu mentor de casos pr\u00e1cticos. Una vez que hayas completado tu consulta telef\u00f3nica, el resto del curso se desbloquear\u00e1 para que puedas empezar a enviar tus casos pr\u00e1cticos.<\/li>\n<\/ol>\n<p>&nbsp;<\/p>\n\t\t\t\t\t\t\t\t\t\t\t<\/div>\n\t\t\t\t<\/div>\n\t\t\t\t\t\t\t\t\t\t\t\t\t\t<\/div>\n\n\t\t[\/vc_column][\/vc_row][vc_row woodmart_css_id=&#8221;65bd10eb3d73a&#8221; responsive_spacing=&#8221;eyJwYXJhbV90eXBlIjoid29vZG1hcnRfcmVzcG9uc2l2ZV9zcGFjaW5nIiwic2VsZWN0b3JfaWQiOiI2NWJkMTBlYjNkNzNhIiwic2hvcnRjb2RlIjoidmNfcm93IiwiZGF0YSI6eyJ0YWJsZXQiOnt9LCJtb2JpbGUiOnt9fX0=&#8221; mobile_bg_img_hidden=&#8221;no&#8221; tablet_bg_img_hidden=&#8221;no&#8221; woodmart_parallax=&#8221;0&#8243; woodmart_gradient_switch=&#8221;no&#8221; woodmart_box_shadow=&#8221;no&#8221; wd_z_index=&#8221;no&#8221; woodmart_disable_overflow=&#8221;0&#8243; row_reverse_mobile=&#8221;0&#8243; row_reverse_tablet=&#8221;0&#8243;][vc_column][vc_empty_space woodmart_hide_large=&#8221;0&#8243; woodmart_hide_medium=&#8221;0&#8243; woodmart_hide_small=&#8221;0&#8243;][\/vc_column][\/vc_row]<\/p>\n<\/div>","protected":false},"excerpt":{"rendered":"<p>[vc_row][vc_column width=&#8221;1\/2&#8243;][\/vc_column][vc_column width=&#8221;1\/2&#8243;][\/vc_column][\/vc_row][vc_row css=&#8221;.vc_custom_1706891236827{padding: 25px !important;background-color: #f1f3f5 !important;}&#8221; woodmart_css_id=&#8221;65bd17dcda2f9&#8243; responsive_spacing=&#8221;eyJwYXJhbV90eXBlIjoid29vZG1hcnRfcmVzcG9uc2l2ZV9zcGFjaW5nIiwic2VsZWN0b3JfaWQiOiI2NWJkMTdkY2RhMmY5Iiwic2hvcnRjb2RlIjoidmNfcm93IiwiZGF0YSI6eyJ0YWJsZXQiOnt9LCJtb2JpbGUiOnt9fX0=&#8221; mobile_bg_img_hidden=&#8221;no&#8221; tablet_bg_img_hidden=&#8221;no&#8221; woodmart_parallax=&#8221;0&#8243; woodmart_gradient_switch=&#8221;no&#8221; woodmart_box_shadow=&#8221;no&#8221; wd_z_index=&#8221;no&#8221; woodmart_disable_overflow=&#8221;0&#8243; row_reverse_mobile=&#8221;0&#8243; row_reverse_tablet=&#8221;0&#8243;][vc_column][\/vc_column][\/vc_row][vc_row woodmart_css_id=&#8221;65bd10eb3d73a&#8221;<\/p>\n","protected":false},"author":1,"featured_media":0,"parent":0,"menu_order":0,"comment_status":"closed","ping_status":"closed","template":"","meta":{"content-type":"","pmpro_default_level":"","_ppp_document_settings_meta":"","footnotes":""},"class_list":["post-12281","page","type-page","status-publish","hentry","pmpro-has-access"],"_links":{"self":[{"href":"https:\/\/petskinacademy.com\/es\/wp-json\/wp\/v2\/pages\/12281","targetHints":{"allow":["GET"]}}],"collection":[{"href":"https:\/\/petskinacademy.com\/es\/wp-json\/wp\/v2\/pages"}],"about":[{"href":"https:\/\/petskinacademy.com\/es\/wp-json\/wp\/v2\/types\/page"}],"author":[{"embeddable":true,"href":"https:\/\/petskinacademy.com\/es\/wp-json\/wp\/v2\/users\/1"}],"replies":[{"embeddable":true,"href":"https:\/\/petskinacademy.com\/es\/wp-json\/wp\/v2\/comments?post=12281"}],"version-history":[{"count":44,"href":"https:\/\/petskinacademy.com\/es\/wp-json\/wp\/v2\/pages\/12281\/revisions"}],"predecessor-version":[{"id":14652,"href":"https:\/\/petskinacademy.com\/es\/wp-json\/wp\/v2\/pages\/12281\/revisions\/14652"}],"wp:attachment":[{"href":"https:\/\/petskinacademy.com\/es\/wp-json\/wp\/v2\/media?parent=12281"}],"curies":[{"name":"wp","href":"https:\/\/api.w.org\/{rel}","templated":true}]}}