{"id":12890,"date":"2024-05-17T04:14:57","date_gmt":"2024-05-17T09:14:57","guid":{"rendered":"https:\/\/petskinacademy.com\/curso-de-esteticista-de-mascotas-tutoria-avanzada-de-casos-practicos\/"},"modified":"2024-08-12T14:58:49","modified_gmt":"2024-08-12T19:58:49","slug":"curso-de-esteticista-de-mascotas-tutoria-avanzada-de-casos-practicos","status":"publish","type":"page","link":"https:\/\/petskinacademy.com\/es\/curso-de-esteticista-de-mascotas-tutoria-avanzada-de-casos-practicos\/","title":{"rendered":"Curso de Esteticista de Mascotas: Tutor\u00eda de casos pr\u00e1cticos"},"content":{"rendered":"<div class=\"wpb-content-wrapper\"><p>[vc_row equal_height=&#8221;yes&#8221; content_placement=&#8221;middle&#8221; css=&#8221;.vc_custom_1716218222456{margin-bottom: 50px !important;}&#8221; woodmart_css_id=&#8221;664b696446518&#8243; responsive_spacing=&#8221;eyJwYXJhbV90eXBlIjoid29vZG1hcnRfcmVzcG9uc2l2ZV9zcGFjaW5nIiwic2VsZWN0b3JfaWQiOiI2NjRiNjk2NDQ2NTE4Iiwic2hvcnRjb2RlIjoidmNfcm93IiwiZGF0YSI6eyJ0YWJsZXQiOnt9LCJtb2JpbGUiOnt9fX0=&#8221; mobile_bg_img_hidden=&#8221;no&#8221; tablet_bg_img_hidden=&#8221;no&#8221; woodmart_parallax=&#8221;0&#8243; woodmart_gradient_switch=&#8221;no&#8221; woodmart_box_shadow=&#8221;no&#8221; wd_z_index=&#8221;no&#8221; woodmart_disable_overflow=&#8221;0&#8243; row_reverse_mobile=&#8221;0&#8243; row_reverse_tablet=&#8221;0&#8243;][vc_column width=&#8221;2\/3&#8243;]\t\t<div id=\"wd-66ba694e2442b\" class=\"wd-text-block wd-wpb reset-last-child wd-rs-66ba694e2442b text-left wd-fontsize-custom \">\n\t\t\t<p><span class=\"TextRun SCXW32468053 BCX0\" lang=\"EN-US\" data-contrast=\"none\" xml:lang=\"EN-US\"><span class=\"NormalTextRun SCXW32468053 BCX0\">El curso Mentor de casos pr\u00e1cticos est\u00e1 dise\u00f1ado para ense\u00f1arte a aplicar lo aprendido en el curso de Introducci\u00f3n a la Ciencia a mascotas reales en tu casa o sal\u00f3n.  <\/span><\/span><span class=\"TextRun SCXW32468053 BCX0\" lang=\"IT\" data-contrast=\"none\" xml:lang=\"IT\"><span class=\"SpellingError SCXW32468053 BCX0\">En<\/span> <span class=\"SpellingError SCXW32468053 BCX0\">incluye<\/span><span class=\"NormalTextRun SCXW32468053 BCX0\">  formaci\u00f3n personalizada y apoyo de uno de los  <\/span><span class=\"SpellingError SCXW32468053 BCX0\">nuestra<\/span> <span class=\"SpellingError SCXW32468053 BCX0\">academia<\/span> <span class=\"SpellingError SCXW32468053 BCX0\">educadores<\/span><span class=\"NormalTextRun SCXW32468053 BCX0\">  para ayudar a  <\/span><span class=\"SpellingError SCXW32468053 BCX0\">t\u00fa<\/span><span class=\"NormalTextRun SCXW32468053 BCX0\">  con  <\/span><span class=\"SpellingError SCXW32468053 BCX0\">tu<\/span> <span class=\"SpellingError SCXW32468053 BCX0\">propio<\/span><span class=\"NormalTextRun SCXW32468053 BCX0\">  casos pr\u00e1cticos.  <\/span><span class=\"SpellingError SCXW32468053 BCX0\">Estos<\/span><span class=\"NormalTextRun SCXW32468053 BCX0\">  casos pr\u00e1cticos  <\/span><span class=\"SpellingError SCXW32468053 BCX0\">se<\/span><span class=\"NormalTextRun SCXW32468053 BCX0\">  incluye 3  <\/span><span class=\"SpellingError SCXW32468053 BCX0\">mantenimiento<\/span> <span class=\"SpellingError SCXW32468053 BCX0\">ba\u00f1os<\/span><span class=\"NormalTextRun SCXW32468053 BCX0\">  (uno para  <\/span><span class=\"SpellingError SCXW32468053 BCX0\">cada<\/span> <span class=\"SpellingError SCXW32468053 BCX0\">abrigo<\/span> <span class=\"SpellingError SCXW32468053 BCX0\">tipo<\/span><span class=\"NormalTextRun SCXW32468053 BCX0\">) y 2  <\/span><span class=\"SpellingError SCXW32468053 BCX0\">piel<\/span> <span class=\"SpellingError SCXW32468053 BCX0\">restauraci\u00f3n<\/span><span class=\"NormalTextRun SCXW32468053 BCX0\">  casos pr\u00e1cticos. Tu  <\/span><span class=\"SpellingError SCXW32468053 BCX0\">mentor<\/span> <span class=\"SpellingError SCXW32468053 BCX0\">se<\/span><span class=\"NormalTextRun SCXW32468053 BCX0\">  ayuda  <\/span><span class=\"SpellingError SCXW32468053 BCX0\">t\u00fa<\/span> <span class=\"SpellingError SCXW32468053 BCX0\">a trav\u00e9s de<\/span><span class=\"NormalTextRun SCXW32468053 BCX0\">  el pleno  <\/span><span class=\"SpellingError SCXW32468053 BCX0\">proceso<\/span><span class=\"NormalTextRun SCXW32468053 BCX0\">  de  <\/span><span class=\"SpellingError SCXW32468053 BCX0\">preguntando a<\/span><span class=\"NormalTextRun SCXW32468053 BCX0\">  el  <\/span><span class=\"SpellingError SCXW32468053 BCX0\">derecha<\/span> <span class=\"SpellingError SCXW32468053 BCX0\">preguntas<\/span><span class=\"NormalTextRun SCXW32468053 BCX0\">,  <\/span><span class=\"SpellingError SCXW32468053 BCX0\">dise\u00f1ando<\/span><span class=\"NormalTextRun SCXW32468053 BCX0\">  el mejor plan terap\u00e9utico para  <\/span><span class=\"SpellingError SCXW32468053 BCX0\">que<\/span> <span class=\"SpellingError SCXW32468053 BCX0\">individual<\/span><span class=\"NormalTextRun SCXW32468053 BCX0\">,  <\/span><span class=\"SpellingError SCXW32468053 BCX0\">revisando<\/span> <span class=\"SpellingError SCXW32468053 BCX0\">m\u00e9dico<\/span> <span class=\"SpellingError SCXW32468053 BCX0\">registros<\/span><span class=\"NormalTextRun SCXW32468053 BCX0\">  y haciendo  <\/span><span class=\"SpellingError SCXW32468053 BCX0\">ajustes<\/span> <span class=\"SpellingError SCXW32468053 BCX0\">en todo<\/span><span class=\"NormalTextRun SCXW32468053 BCX0\">  el  <\/span><span class=\"SpellingError SCXW32468053 BCX0\">proceso<\/span> <span class=\"SpellingError SCXW32468053 BCX0\">como<\/span> <span class=\"SpellingError SCXW32468053 BCX0\">necesario<\/span><span class=\"NormalTextRun SCXW32468053 BCX0\">.  <\/span><\/span><span class=\"TextRun SCXW32468053 BCX0\" lang=\"EN-US\" data-contrast=\"none\" xml:lang=\"EN-US\"><span class=\"NormalTextRun SCXW32468053 BCX0\">Deber\u00e1s ponerte en contacto con tu mentor despu\u00e9s de cada visita a un cliente para hacer un seguimiento de tus progresos y asegurarte de que se pueden hacer los ajustes necesarios. Nuestro objetivo es recorrer contigo todos los aspectos de estos casos pr\u00e1cticos para que puedas hacer preguntas y aprender a trav\u00e9s de situaciones de la vida real.<\/span><\/span><span class=\"TextRun SCXW32468053 BCX0\" lang=\"IT\" data-contrast=\"none\" xml:lang=\"IT\"> <span class=\"SpellingError SCXW32468053 BCX0\">Este<\/span> <span class=\"SpellingError SCXW32468053 BCX0\">curso<\/span> <span class=\"SpellingError SCXW32468053 BCX0\">en<\/span><span class=\"NormalTextRun SCXW32468053 BCX0\"> ayudar a <\/span><span class=\"SpellingError SCXW32468053 BCX0\">a<\/span><span class=\"NormalTextRun SCXW32468053 BCX0\"> a empezar a construir <\/span><span class=\"SpellingError SCXW32468053 BCX0\">tu<\/span><span class=\"NormalTextRun SCXW32468053 BCX0\"> cartera y <\/span><span class=\"SpellingError SCXW32468053 BCX0\">documentar<\/span> <span class=\"SpellingError SCXW32468053 BCX0\">tu<\/span><span class=\"NormalTextRun SCXW32468053 BCX0\"> progresos.<\/span><\/span><\/p>\n\t\t<\/div>\n\t\t[\/vc_column][vc_column width=&#8221;1\/3&#8243;]\t\t<div id=\"wd-664c56308d124\" class=\"wd-text-block wd-wpb reset-last-child wd-rs-664c56308d124 text-left wd-fontsize-custom \">\n\t\t\t<p style=\"text-align: center;\"> <a id=\"pmp-button\" href=\"\/my-dashboard\/\">\u00bfYa tienes una cuenta? Inicia sesi\u00f3n<\/a> <\/p>\n<p style=\"text-align: center;\"> <a href=\"https:\/\/petskinacademy.com\/es\/planes-de-afiliacion\/\">\u00bfA\u00fan no tienes un plan? Desc\u00fabrelos aqu\u00ed<\/a> <\/p>\n<p style=\"text-align: center;\"><\/p>\n<p style=\"text-align: center;\"><\/p>\n\t\t<\/div>\n\t\t[\/vc_column][\/vc_row][vc_row css=&#8221;.vc_custom_1706891236827{padding: 25px !important;background-color: #f1f3f5 !important;}&#8221; woodmart_css_id=&#8221;65bd17dcda2f9&#8243; responsive_spacing=&#8221;eyJwYXJhbV90eXBlIjoid29vZG1hcnRfcmVzcG9uc2l2ZV9zcGFjaW5nIiwic2VsZWN0b3JfaWQiOiI2NWJkMTdkY2RhMmY5Iiwic2hvcnRjb2RlIjoidmNfcm93IiwiZGF0YSI6eyJ0YWJsZXQiOnt9LCJtb2JpbGUiOnt9fX0=&#8221; mobile_bg_img_hidden=&#8221;no&#8221; tablet_bg_img_hidden=&#8221;no&#8221; woodmart_parallax=&#8221;0&#8243; woodmart_gradient_switch=&#8221;no&#8221; woodmart_box_shadow=&#8221;no&#8221; wd_z_index=&#8221;no&#8221; woodmart_disable_overflow=&#8221;0&#8243; row_reverse_mobile=&#8221;0&#8243; row_reverse_tablet=&#8221;0&#8243;][vc_column]\n\t\t<div id=\"wd-66460380163d6\" class=\"title-wrapper wd-wpb wd-set-mb reset-last-child  wd-rs-66460380163d6 wd-title-color-default wd-title-style-default text-left  wd-underline-bordered\">\n\t\t\t\n\t\t\t<div class=\"liner-continer\">\n\t\t\t\t<h4 class=\"woodmart-title-container title  wd-font-weight-300 wd-fontsize-xl\" >Qu\u00e9 incluye<\/h4>\n\t\t\t\t\t\t\t<\/div>\n\t\t\t\n\t\t\t\n\t\t\t\n\t\t<\/div>\n\t\t\n\t\t\t\t<div id=\"wd-664fb75bdbe79\" class=\"wd-text-block wd-wpb reset-last-child wd-rs-664fb75bdbe79 text-left \">\n\t\t\t<ul>\n<li>Tutor\u00eda individualizada con un CPAe experimentado<\/li>\n<li>Sesiones virtuales de preguntas y respuestas en directo para conectar con un mentor y otros estudiantes<\/li>\n<li>Ex\u00e1menes incluidos: No hay ex\u00e1menes formales, la calificaci\u00f3n se basar\u00e1 en las tareas entregadas durante tus estudios de casos y en tu compromiso con tu mentor.<\/li>\n<li>Una vez finalizado con la calificaci\u00f3n de aprobado, recibir\u00e1s el Certificado de Esteticista de Mascotas (CPAe) (Para recibir el certificado es necesario haber superado previamente el curso de Introducci\u00f3n a la Ciencia y el Taller de Ciencia Avanzada)<\/li>\n<\/ul>\n\t\t<\/div>\n\t\t[\/vc_column][\/vc_row]<\/p>\n<\/div>","protected":false},"excerpt":{"rendered":"<p>[vc_row equal_height=&#8221;yes&#8221; content_placement=&#8221;middle&#8221; css=&#8221;.vc_custom_1716218222456{margin-bottom: 50px !important;}&#8221; woodmart_css_id=&#8221;664b696446518&#8243; responsive_spacing=&#8221;eyJwYXJhbV90eXBlIjoid29vZG1hcnRfcmVzcG9uc2l2ZV9zcGFjaW5nIiwic2VsZWN0b3JfaWQiOiI2NjRiNjk2NDQ2NTE4Iiwic2hvcnRjb2RlIjoidmNfcm93IiwiZGF0YSI6eyJ0YWJsZXQiOnt9LCJtb2JpbGUiOnt9fX0=&#8221; mobile_bg_img_hidden=&#8221;no&#8221; tablet_bg_img_hidden=&#8221;no&#8221; woodmart_parallax=&#8221;0&#8243; woodmart_gradient_switch=&#8221;no&#8221; woodmart_box_shadow=&#8221;no&#8221; wd_z_index=&#8221;no&#8221; woodmart_disable_overflow=&#8221;0&#8243; row_reverse_mobile=&#8221;0&#8243; row_reverse_tablet=&#8221;0&#8243;][vc_column width=&#8221;2\/3&#8243;][\/vc_column][vc_column width=&#8221;1\/3&#8243;][\/vc_column][\/vc_row][vc_row css=&#8221;.vc_custom_1706891236827{padding:<\/p>\n","protected":false},"author":1,"featured_media":0,"parent":0,"menu_order":0,"comment_status":"closed","ping_status":"closed","template":"","meta":{"content-type":"","pmpro_default_level":"","_ppp_document_settings_meta":"","footnotes":""},"class_list":["post-12890","page","type-page","status-publish","hentry","pmpro-has-access"],"_links":{"self":[{"href":"https:\/\/petskinacademy.com\/es\/wp-json\/wp\/v2\/pages\/12890","targetHints":{"allow":["GET"]}}],"collection":[{"href":"https:\/\/petskinacademy.com\/es\/wp-json\/wp\/v2\/pages"}],"about":[{"href":"https:\/\/petskinacademy.com\/es\/wp-json\/wp\/v2\/types\/page"}],"author":[{"embeddable":true,"href":"https:\/\/petskinacademy.com\/es\/wp-json\/wp\/v2\/users\/1"}],"replies":[{"embeddable":true,"href":"https:\/\/petskinacademy.com\/es\/wp-json\/wp\/v2\/comments?post=12890"}],"version-history":[{"count":29,"href":"https:\/\/petskinacademy.com\/es\/wp-json\/wp\/v2\/pages\/12890\/revisions"}],"predecessor-version":[{"id":14656,"href":"https:\/\/petskinacademy.com\/es\/wp-json\/wp\/v2\/pages\/12890\/revisions\/14656"}],"wp:attachment":[{"href":"https:\/\/petskinacademy.com\/es\/wp-json\/wp\/v2\/media?parent=12890"}],"curies":[{"name":"wp","href":"https:\/\/api.w.org\/{rel}","templated":true}]}}