{"id":12955,"date":"2024-05-17T04:28:54","date_gmt":"2024-05-17T09:28:54","guid":{"rendered":"https:\/\/petskinacademy.com\/curso-de-esteticista-de-mascotas-introduccion-a-la-ciencia\/"},"modified":"2025-06-17T10:52:59","modified_gmt":"2025-06-17T15:52:59","slug":"curso-de-esteticista-de-mascotas-introduccion-a-la-ciencia","status":"publish","type":"page","link":"https:\/\/petskinacademy.com\/es\/curso-de-esteticista-de-mascotas-introduccion-a-la-ciencia\/","title":{"rendered":"Curso de Esteticista de Mascotas: Introducci\u00f3n a la Ciencia (ex M\u00f3dulo 1)"},"content":{"rendered":"<div class=\"wpb-content-wrapper\"><p>[vc_row equal_height=&#8221;yes&#8221; content_placement=&#8221;middle&#8221; woodmart_css_id=&#8221;664b6975ddae1&#8243; responsive_spacing=&#8221;eyJwYXJhbV90eXBlIjoid29vZG1hcnRfcmVzcG9uc2l2ZV9zcGFjaW5nIiwic2VsZWN0b3JfaWQiOiI2NjRiNjk3NWRkYWUxIiwic2hvcnRjb2RlIjoidmNfcm93IiwiZGF0YSI6eyJ0YWJsZXQiOnt9LCJtb2JpbGUiOnt9fX0=&#8221; mobile_bg_img_hidden=&#8221;no&#8221; tablet_bg_img_hidden=&#8221;no&#8221; woodmart_parallax=&#8221;0&#8243; woodmart_gradient_switch=&#8221;no&#8221; woodmart_box_shadow=&#8221;no&#8221; wd_z_index=&#8221;no&#8221; woodmart_disable_overflow=&#8221;0&#8243; row_reverse_mobile=&#8221;0&#8243; row_reverse_tablet=&#8221;0&#8243;][vc_column width=&#8221;2\/3&#8243;]\t\t<div id=\"wd-664723d4389a9\" class=\"wd-text-block wd-wpb reset-last-child wd-rs-664723d4389a9 text-left wd-fontsize-custom \">\n\t\t\t<p>El curso de Introducci\u00f3n a la Ciencia es una serie de aprendizaje en v\u00eddeo para una educaci\u00f3n en profundidad sobre los Fundamentos de la Ciencia del Pelaje, las necesidades de los Pelajes Corto, Medio y Largo, los problemas de la Piel y \u00a1mucho m\u00e1s! Este curso lo imparte el Dr. Faver, DVM, utilizando sus amplios conocimientos veterinarios, as\u00ed como su trabajo de muchos a\u00f1os con peluqueros. Una vez que hayas terminado cada v\u00eddeo, har\u00e1s un peque\u00f1o cuestionario para ayudarte a retener lo que has aprendido. Estos v\u00eddeos son beneficiosos para TODOS, incluso si no est\u00e1s interesado en completar el programa completo de CPAe.<\/p>\n\t\t<\/div>\n\t\t[\/vc_column][vc_column width=&#8221;1\/3&#8243;]\t\t<div id=\"wd-68518f23c202e\" class=\"wd-text-block wd-wpb reset-last-child wd-rs-68518f23c202e text-left wd-fontsize-custom \">\n\t\t\t<p style=\"text-align: center;\"> <a id=\"pmp-button\" href=\"\/mi-tablero\/\">\u00bfYa tienes una cuenta? Inicia sesi\u00f3n<\/a> <\/p>\n<p style=\"text-align: center;\"> <a href=\"\/planes de afiliaci\u00f3n\/\">\u00bfA\u00fan no tienes un plan? Desc\u00fabrelos aqu\u00ed<\/a> <\/p>\n<p style=\"text-align: center;\"><\/p>\n<p style=\"text-align: center;\"><\/p>\n\t\t<\/div>\n\t\t[\/vc_column][\/vc_row][vc_row css=&#8221;.vc_custom_1706891236827{padding: 25px !important;background-color: #f1f3f5 !important;}&#8221; woodmart_css_id=&#8221;65bd17dcda2f9&#8243; responsive_spacing=&#8221;eyJwYXJhbV90eXBlIjoid29vZG1hcnRfcmVzcG9uc2l2ZV9zcGFjaW5nIiwic2VsZWN0b3JfaWQiOiI2NWJkMTdkY2RhMmY5Iiwic2hvcnRjb2RlIjoidmNfcm93IiwiZGF0YSI6eyJ0YWJsZXQiOnt9LCJtb2JpbGUiOnt9fX0=&#8221; mobile_bg_img_hidden=&#8221;no&#8221; tablet_bg_img_hidden=&#8221;no&#8221; woodmart_parallax=&#8221;0&#8243; woodmart_gradient_switch=&#8221;no&#8221; woodmart_box_shadow=&#8221;no&#8221; wd_z_index=&#8221;no&#8221; woodmart_disable_overflow=&#8221;0&#8243; row_reverse_mobile=&#8221;0&#8243; row_reverse_tablet=&#8221;0&#8243;][vc_column]\n\t\t<div id=\"wd-66460380163d6\" class=\"title-wrapper wd-wpb wd-set-mb reset-last-child  wd-rs-66460380163d6 wd-title-color-default wd-title-style-default text-left  wd-underline-bordered\">\n\t\t\t\n\t\t\t<div class=\"liner-continer\">\n\t\t\t\t<h4 class=\"woodmart-title-container title  wd-font-weight-300 wd-fontsize-xl\" >Qu\u00e9 incluye<\/h4>\n\t\t\t\t\t\t\t<\/div>\n\t\t\t\n\t\t\t\n\t\t\t\n\t\t<\/div>\n\t\t\n\t\t\t\t<div id=\"wd-6647239baf482\" class=\"wd-text-block wd-wpb reset-last-child wd-rs-6647239baf482 text-left \">\n\t\t\t<ul>\n<li>Incluye v\u00eddeos educativos:\n<ul>\n<li>Lo b\u00e1sico<\/li>\n<li>Pelo<\/li>\n<li>Qu\u00edmica b\u00e1sica<\/li>\n<li>El ba\u00f1o<\/li>\n<li>T\u00e9cnicas<\/li>\n<li>Problemas de piel<\/li>\n<li>La piel que ves<\/li>\n<li>Reglas de la restauraci\u00f3n cut\u00e1nea<\/li>\n<li>Sal\u00f3n de peluquer\u00eda &#8211; Petri Dish<\/li>\n<li>Cuidado de u\u00f1as y patas<\/li>\n<li>Las orejas y su cuidado<\/li>\n<li>Gl\u00e1ndulas anales<\/li>\n<li>Dientes y problemas dentales<\/li>\n<li>Ozono<\/li>\n<\/ul>\n<\/li>\n<li>Pruebas incluidas:\n<ul>\n<li>Un breve cuestionario despu\u00e9s de cada v\u00eddeo<\/li>\n<\/ul>\n<\/li>\n<\/ul>\n\t\t<\/div>\n\t\t[\/vc_column][\/vc_row]<\/p>\n<\/div>","protected":false},"excerpt":{"rendered":"<p>[vc_row equal_height=&#8221;yes&#8221; content_placement=&#8221;middle&#8221; woodmart_css_id=&#8221;664b6975ddae1&#8243; responsive_spacing=&#8221;eyJwYXJhbV90eXBlIjoid29vZG1hcnRfcmVzcG9uc2l2ZV9zcGFjaW5nIiwic2VsZWN0b3JfaWQiOiI2NjRiNjk3NWRkYWUxIiwic2hvcnRjb2RlIjoidmNfcm93IiwiZGF0YSI6eyJ0YWJsZXQiOnt9LCJtb2JpbGUiOnt9fX0=&#8221; mobile_bg_img_hidden=&#8221;no&#8221; tablet_bg_img_hidden=&#8221;no&#8221; woodmart_parallax=&#8221;0&#8243; woodmart_gradient_switch=&#8221;no&#8221; woodmart_box_shadow=&#8221;no&#8221; wd_z_index=&#8221;no&#8221; woodmart_disable_overflow=&#8221;0&#8243; row_reverse_mobile=&#8221;0&#8243; row_reverse_tablet=&#8221;0&#8243;][vc_column width=&#8221;2\/3&#8243;][\/vc_column][vc_column width=&#8221;1\/3&#8243;][\/vc_column][\/vc_row][vc_row css=&#8221;.vc_custom_1706891236827{padding: 25px !important;background-color: #f1f3f5<\/p>\n","protected":false},"author":1,"featured_media":0,"parent":0,"menu_order":0,"comment_status":"closed","ping_status":"closed","template":"","meta":{"content-type":"","pmpro_default_level":"","_ppp_document_settings_meta":"","footnotes":""},"class_list":["post-12955","page","type-page","status-publish","hentry","pmpro-has-access"],"_links":{"self":[{"href":"https:\/\/petskinacademy.com\/es\/wp-json\/wp\/v2\/pages\/12955","targetHints":{"allow":["GET"]}}],"collection":[{"href":"https:\/\/petskinacademy.com\/es\/wp-json\/wp\/v2\/pages"}],"about":[{"href":"https:\/\/petskinacademy.com\/es\/wp-json\/wp\/v2\/types\/page"}],"author":[{"embeddable":true,"href":"https:\/\/petskinacademy.com\/es\/wp-json\/wp\/v2\/users\/1"}],"replies":[{"embeddable":true,"href":"https:\/\/petskinacademy.com\/es\/wp-json\/wp\/v2\/comments?post=12955"}],"version-history":[{"count":59,"href":"https:\/\/petskinacademy.com\/es\/wp-json\/wp\/v2\/pages\/12955\/revisions"}],"predecessor-version":[{"id":18485,"href":"https:\/\/petskinacademy.com\/es\/wp-json\/wp\/v2\/pages\/12955\/revisions\/18485"}],"wp:attachment":[{"href":"https:\/\/petskinacademy.com\/es\/wp-json\/wp\/v2\/media?parent=12955"}],"curies":[{"name":"wp","href":"https:\/\/api.w.org\/{rel}","templated":true}]}}