{"id":13134,"date":"2024-04-30T04:23:46","date_gmt":"2024-04-30T09:23:46","guid":{"rendered":"https:\/\/petskinacademy.com\/videos-cortos\/"},"modified":"2024-05-17T05:00:33","modified_gmt":"2024-05-17T10:00:33","slug":"videos-cortos","status":"publish","type":"page","link":"https:\/\/petskinacademy.com\/es\/videos-cortos\/","title":{"rendered":"V\u00eddeos cortos"},"content":{"rendered":"\n<p>Estos v\u00eddeos de formato corto imitan las demostraciones informativas que el Dr. Faver hace a peluqueros de todo el mundo. Inf\u00f3rmate sobre los distintos tipos de acondicionadores, la ciencia que hay detr\u00e1s de la infame t\u00e9cnica de la espuma y una r\u00e1pida descripci\u00f3n de algunos productos habituales de Iv San Bernard.<\/p>\n\n\n<div class=\"pmpro\"><div class=\"pmpro_card pmpro_content_message\"><div class=\"pmpro_card_content\">This content is for Free Plan, Introductory Science, Advanced Science Workshop , y Advanced Case Study Mentorship members only.<br \/><a href=\"https:\/\/petskinacademy.com\/membership-plans\/\">Join Now<\/a><\/div><div class=\"pmpro_card_actions pmpro_font-medium\">\u00bfYa eres miembro? <a href=\"https:\/\/petskinacademy.com\/wp-login.php?redirect_to=https%3A%2F%2Fpetskinacademy.com%2Fes%2Fvideos-cortos%2F\">Accede aqu\u00ed<\/a><\/div><\/div><\/div>","protected":false},"excerpt":{"rendered":"<p>Estos v\u00eddeos de formato corto imitan las demostraciones informativas que el Dr. Faver hace a peluqueros de todo el mundo.<\/p>\n","protected":false},"author":1,"featured_media":0,"parent":0,"menu_order":0,"comment_status":"closed","ping_status":"closed","template":"","meta":{"content-type":"","pmpro_default_level":"","_ppp_document_settings_meta":"","footnotes":""},"class_list":["post-13134","page","type-page","status-publish","hentry","pmpro-has-access"],"_links":{"self":[{"href":"https:\/\/petskinacademy.com\/es\/wp-json\/wp\/v2\/pages\/13134","targetHints":{"allow":["GET"]}}],"collection":[{"href":"https:\/\/petskinacademy.com\/es\/wp-json\/wp\/v2\/pages"}],"about":[{"href":"https:\/\/petskinacademy.com\/es\/wp-json\/wp\/v2\/types\/page"}],"author":[{"embeddable":true,"href":"https:\/\/petskinacademy.com\/es\/wp-json\/wp\/v2\/users\/1"}],"replies":[{"embeddable":true,"href":"https:\/\/petskinacademy.com\/es\/wp-json\/wp\/v2\/comments?post=13134"}],"version-history":[{"count":3,"href":"https:\/\/petskinacademy.com\/es\/wp-json\/wp\/v2\/pages\/13134\/revisions"}],"predecessor-version":[{"id":13195,"href":"https:\/\/petskinacademy.com\/es\/wp-json\/wp\/v2\/pages\/13134\/revisions\/13195"}],"wp:attachment":[{"href":"https:\/\/petskinacademy.com\/es\/wp-json\/wp\/v2\/media?parent=13134"}],"curies":[{"name":"wp","href":"https:\/\/api.w.org\/{rel}","templated":true}]}}