{"id":13229,"date":"2024-04-30T09:29:54","date_gmt":"2024-04-30T14:29:54","guid":{"rendered":"https:\/\/petskinacademy.com\/videos-educativos\/"},"modified":"2024-09-26T02:00:22","modified_gmt":"2024-09-26T07:00:22","slug":"videos-educativos","status":"publish","type":"page","link":"https:\/\/petskinacademy.com\/es\/videos-educativos\/","title":{"rendered":"V\u00eddeos educativos"},"content":{"rendered":"\n<p>Desbloquea una gran cantidad de conocimientos con nuestra videoteca educativa centrada en la piel, la salud del pelaje y temas clave de peluquer\u00eda y cuidados veterinarios. Aumenta tus conocimientos adquiriendo v\u00eddeos individuales o profundiza con nuestros planes de afiliaci\u00f3n y programas de certificaci\u00f3n. Mantente a la cabeza de las profesiones de peluquer\u00eda y veterinaria con las valiosas opiniones de los expertos del sector.<\/p>\n\n\n\n<p><strong>Puedes ver este contenido si eres miembro de &#8220;Introducci\u00f3n a la Ciencia&#8221; o compr\u00e1ndolo en la<strong> <a href=\"https:\/\/petskinacademy.com\/es\/categoria-producto\/videos-educativos\/\" target=\"_blank\" rel=\"noreferrer noopener\">tienda<\/a><\/strong>.<\/strong><\/p>\n\n\n<div class=\"pmpro\"><div class=\"pmpro_card pmpro_content_message\"><div class=\"pmpro_card_content\">This content is for Introductory Science members only.<br \/><a href=\"https:\/\/petskinacademy.com\/membership-plans\/\">Join Now<\/a><\/div><div class=\"pmpro_card_actions pmpro_font-medium\">\u00bfYa eres miembro? <a href=\"https:\/\/petskinacademy.com\/wp-login.php?redirect_to=https%3A%2F%2Fpetskinacademy.com%2Fes%2Fvideos-educativos%2F\">Accede aqu\u00ed<\/a><\/div><\/div><\/div>\n\n\n<div style=\"height:50px\" aria-hidden=\"true\" class=\"wp-block-spacer\"><\/div>\n\n\n\n<p><strong>Puedes ver este contenido si eres miembro de &#8220;Mentor\u00eda de casos pr\u00e1cticos&#8221; o compr\u00e1ndolo en la<strong> <a href=\"https:\/\/petskinacademy.com\/es\/categoria-producto\/videos-educativos\/\" target=\"_blank\" rel=\"noreferrer noopener\">tienda<\/a><\/strong>.<\/strong><\/p>\n\n\n<div class=\"pmpro\"><div class=\"pmpro_card pmpro_content_message\"><div class=\"pmpro_card_content\">This content is for Advanced Case Study Mentorship members only.<br \/><a href=\"https:\/\/petskinacademy.com\/membership-plans\/\">Join Now<\/a><\/div><div class=\"pmpro_card_actions pmpro_font-medium\">\u00bfYa eres miembro? <a href=\"https:\/\/petskinacademy.com\/wp-login.php?redirect_to=https%3A%2F%2Fpetskinacademy.com%2Fes%2Fvideos-educativos%2F\">Accede aqu\u00ed<\/a><\/div><\/div><\/div>\n\n\n<div style=\"height:50px\" aria-hidden=\"true\" class=\"wp-block-spacer\"><\/div>\n","protected":false},"excerpt":{"rendered":"<p>Desbloquea una gran cantidad de conocimientos con nuestra videoteca educativa centrada en la piel, la salud del pelaje y temas<\/p>\n","protected":false},"author":1,"featured_media":0,"parent":0,"menu_order":0,"comment_status":"closed","ping_status":"closed","template":"","meta":{"content-type":"","pmpro_default_level":"","_ppp_document_settings_meta":"","footnotes":""},"class_list":["post-13229","page","type-page","status-publish","hentry","pmpro-has-access"],"_links":{"self":[{"href":"https:\/\/petskinacademy.com\/es\/wp-json\/wp\/v2\/pages\/13229","targetHints":{"allow":["GET"]}}],"collection":[{"href":"https:\/\/petskinacademy.com\/es\/wp-json\/wp\/v2\/pages"}],"about":[{"href":"https:\/\/petskinacademy.com\/es\/wp-json\/wp\/v2\/types\/page"}],"author":[{"embeddable":true,"href":"https:\/\/petskinacademy.com\/es\/wp-json\/wp\/v2\/users\/1"}],"replies":[{"embeddable":true,"href":"https:\/\/petskinacademy.com\/es\/wp-json\/wp\/v2\/comments?post=13229"}],"version-history":[{"count":9,"href":"https:\/\/petskinacademy.com\/es\/wp-json\/wp\/v2\/pages\/13229\/revisions"}],"predecessor-version":[{"id":15168,"href":"https:\/\/petskinacademy.com\/es\/wp-json\/wp\/v2\/pages\/13229\/revisions\/15168"}],"wp:attachment":[{"href":"https:\/\/petskinacademy.com\/es\/wp-json\/wp\/v2\/media?parent=13229"}],"curies":[{"name":"wp","href":"https:\/\/api.w.org\/{rel}","templated":true}]}}