{"id":13329,"date":"2024-04-30T10:22:16","date_gmt":"2024-04-30T15:22:16","guid":{"rendered":"https:\/\/petskinacademy.com\/consultas-con-un-cpae\/"},"modified":"2024-05-21T08:12:42","modified_gmt":"2024-05-21T13:12:42","slug":"consultas-con-un-cpae","status":"publish","type":"page","link":"https:\/\/petskinacademy.com\/es\/consultas-con-un-cpae\/","title":{"rendered":"Consultas con un CPAe"},"content":{"rendered":"\n<p>Experimenta el cuidado personalizado de la piel y el pelo de tu mascota con nuestros esteticistas certificados. Nuestro formulario de consulta te ofrece la oportunidad de recibir asistencia personalizada, abordando los problemas espec\u00edficos a los que pueda enfrentarse tu mascota o las mascotas de tus clientes. Conf\u00eda en la experiencia de un profesional experimentado para mejorar el bienestar de tu mascota y proporcionarte un plan a medida para lograr ese objetivo. Si no est\u00e1s seguro de si tu mascota necesita una consulta completa, no dudes en llamarnos o enviarnos un mensaje de texto al 855-464- 8726 y te diremos si es la mejor opci\u00f3n para ella.<\/p>\n\n\n\n<div class=\"wp-block-group has-background is-layout-constrained wp-block-group-is-layout-constrained\" style=\"background-color:#f1f3f5\">\n<h2 class=\"wp-block-heading\">Esto incluye:<\/h2>\n\n\n\n<ul class=\"wp-block-list\">\n<li>Plan personalizado de restauraci\u00f3n de la piel o el pelo con productos recomendados y cantidades exactas para tu mascota concreta<\/li>\n\n\n\n<li><span style=\"color: inherit; font-family: var(--wd-text-font); font-size: var(--wd-text-font-size); font-style: var(--wd-text-font-style); font-weight: var(--wd-text-font-weight);\">Revisi\u00f3n del historial de tu mascota relacionado con su piel y pelaje<\/span><\/li>\n\n\n\n<li>Apoyo ante cualquier duda durante la aplicaci\u00f3n del plan de restauraci\u00f3n de la piel o el pelo<\/li>\n<\/ul>\n<\/div>\n\n\n\n<p>Para utilizar este servicio en su lugar, debes estar registrado como miembro.<br>Si est\u00e1s inscrito en un &#8220;Plan gratuito&#8221; de afiliaci\u00f3n, el asesoramiento es de pago; si tienes una afiliaci\u00f3n de pago, el asesoramiento es gratuito.<br>Inicia sesi\u00f3n para ver el formulario de solicitud de consulta.<\/p>\n\n\n\n<div class=\"wp-block-pmpro-membership is-layout-flow wp-block-pmpro-membership-is-layout-flow\">\n<div class=\"wp-block-buttons is-layout-flex wp-block-buttons-is-layout-flex\">\n<div class=\"wp-block-button has-custom-font-size has-small-font-size\"><a class=\"wp-block-button__link has-luminous-vivid-amber-background-color has-background wp-element-button\" href=\"https:\/\/petskinacademy.com\/es\/mi-cuenta\/\" style=\"border-radius:0px\">INICIA SESI\u00d3N PARA VER EL FORMULARIO DE SOLICITUD DE CONSULTA<\/a><\/div>\n<\/div>\n\n\n\n<div style=\"height:10px\" aria-hidden=\"true\" class=\"wp-block-spacer\"><\/div>\n\n\n\n<p><a href=\"https:\/\/petskinacademy.com\/es\/planes-de-afiliacion\/\"><a href=\"https:\/\/petskinacademy.com\/es\/?page_id=11041\">\u00bfA\u00fan no tienes un plan? Desc\u00fabrelos aqu\u00ed<\/a><\/a><\/p>\n<\/div>\n\n\n<div class=\"pmpro\"><div class=\"pmpro_card pmpro_content_message\"><div class=\"pmpro_card_content\">This content is for Free Plan members only.<br \/><a href=\"https:\/\/petskinacademy.com\/membership-plans\/\">Join Now<\/a><\/div><div class=\"pmpro_card_actions pmpro_font-medium\">\u00bfYa eres miembro? <a href=\"https:\/\/petskinacademy.com\/wp-login.php?redirect_to=https%3A%2F%2Fpetskinacademy.com%2Fes%2Fconsultas-con-un-cpae%2F\">Accede aqu\u00ed<\/a><\/div><\/div><\/div>\n\n\n\n","protected":false},"excerpt":{"rendered":"<p>Experimenta el cuidado personalizado de la piel y el pelo de tu mascota con nuestros esteticistas certificados. Nuestro formulario de<\/p>\n","protected":false},"author":1,"featured_media":0,"parent":0,"menu_order":0,"comment_status":"closed","ping_status":"closed","template":"","meta":{"content-type":"","pmpro_default_level":"","_ppp_document_settings_meta":"","footnotes":""},"class_list":["post-13329","page","type-page","status-publish","hentry","pmpro-has-access"],"_links":{"self":[{"href":"https:\/\/petskinacademy.com\/es\/wp-json\/wp\/v2\/pages\/13329","targetHints":{"allow":["GET"]}}],"collection":[{"href":"https:\/\/petskinacademy.com\/es\/wp-json\/wp\/v2\/pages"}],"about":[{"href":"https:\/\/petskinacademy.com\/es\/wp-json\/wp\/v2\/types\/page"}],"author":[{"embeddable":true,"href":"https:\/\/petskinacademy.com\/es\/wp-json\/wp\/v2\/users\/1"}],"replies":[{"embeddable":true,"href":"https:\/\/petskinacademy.com\/es\/wp-json\/wp\/v2\/comments?post=13329"}],"version-history":[{"count":4,"href":"https:\/\/petskinacademy.com\/es\/wp-json\/wp\/v2\/pages\/13329\/revisions"}],"predecessor-version":[{"id":13941,"href":"https:\/\/petskinacademy.com\/es\/wp-json\/wp\/v2\/pages\/13329\/revisions\/13941"}],"wp:attachment":[{"href":"https:\/\/petskinacademy.com\/es\/wp-json\/wp\/v2\/media?parent=13329"}],"curies":[{"name":"wp","href":"https:\/\/api.w.org\/{rel}","templated":true}]}}