{"id":10246,"date":"2022-12-19T10:42:55","date_gmt":"2022-12-19T15:42:55","guid":{"rendered":"https:\/\/petskinacademy.com\/product\/salon-owner-modulo-1-3a-edicion-del-programa\/"},"modified":"2022-12-19T10:42:55","modified_gmt":"2022-12-19T15:42:55","slug":"programa-modulo-propietario-de-salon-1-3a-edicion","status":"publish","type":"product","link":"https:\/\/petskinacademy.com\/es\/producto\/programa-modulo-propietario-de-salon-1-3a-edicion\/","title":{"rendered":"Salon Owner M\u00f3dulo 1 &#8211; 3\u00aa Edici\u00f3n del Programa"},"content":{"rendered":"<div>En la Pet Skin Academy, nuestro objetivo es proporcionar a los profesionales de la industria del animal de compa\u00f1\u00eda acceso a contenidos educativos de alto nivel, con base cient\u00edfica y f\u00e1ciles de seguir. El sector de los animales de compa\u00f1\u00eda carece de una formaci\u00f3n cient\u00edfica sobre la piel y el pelo, a pesar de ser el principal problema de los animales dom\u00e9sticos. Esperamos colaborar con los empresarios para formar mejor a su personal, de modo que pueda estar seguro de que presta el mejor servicio a sus clientes y de que su personal destaca entre los dem\u00e1s. Nuestro programa para empresas le permite adquirir afiliaciones adicionales al M\u00f3dulo 1 Piel y Capa para sus empleados a un precio asequible que mantiene a sus empleados en lo m\u00e1s alto de su carrera. Esto tambi\u00e9n permite a sus empleados comenzar su viaje hacia la certificaci\u00f3n de esteticista certificado de mascotas a trav\u00e9s de la Pet Skin Academy.<\/div>\n","protected":false},"excerpt":{"rendered":"<p><strong>Puede comprar este producto S\u00d3LO si ha recibido este enlace directamente de Pet Skin Academy despu\u00e9s de rellenar el formulario de la <a href=\"https:\/\/petskinacademy.com\/employer-program\/\" target=\"_blank\" rel=\"noopener\">p\u00e1gina<\/a> siguiente, certificando que es propietario de un negocio.<\/strong><\/p>\n","protected":false},"featured_media":9929,"template":"","meta":{"content-type":"","pmpro_default_level":"","_ppp_document_settings_meta":""},"product_brand":[],"product_cat":[112],"product_tag":[],"class_list":{"0":"post-10246","1":"product","2":"type-product","3":"status-publish","4":"has-post-thumbnail","6":"product_cat-programa","7":"pmpro-has-access","9":"first","10":"instock","11":"virtual","12":"purchasable","13":"product-type-simple"},"_links":{"self":[{"href":"https:\/\/petskinacademy.com\/es\/wp-json\/wp\/v2\/product\/10246","targetHints":{"allow":["GET"]}}],"collection":[{"href":"https:\/\/petskinacademy.com\/es\/wp-json\/wp\/v2\/product"}],"about":[{"href":"https:\/\/petskinacademy.com\/es\/wp-json\/wp\/v2\/types\/product"}],"wp:featuredmedia":[{"embeddable":true,"href":"https:\/\/petskinacademy.com\/es\/wp-json\/wp\/v2\/media\/9929"}],"wp:attachment":[{"href":"https:\/\/petskinacademy.com\/es\/wp-json\/wp\/v2\/media?parent=10246"}],"wp:term":[{"taxonomy":"product_brand","embeddable":true,"href":"https:\/\/petskinacademy.com\/es\/wp-json\/wp\/v2\/product_brand?post=10246"},{"taxonomy":"product_cat","embeddable":true,"href":"https:\/\/petskinacademy.com\/es\/wp-json\/wp\/v2\/product_cat?post=10246"},{"taxonomy":"product_tag","embeddable":true,"href":"https:\/\/petskinacademy.com\/es\/wp-json\/wp\/v2\/product_tag?post=10246"}],"curies":[{"name":"wp","href":"https:\/\/api.w.org\/{rel}","templated":true}]}}