{"id":10277,"date":"2023-03-16T03:02:59","date_gmt":"2023-03-16T08:02:59","guid":{"rendered":"https:\/\/petskinacademy.com\/product\/plan-gratuito-acceso-de-por-vida\/"},"modified":"2024-07-11T02:25:58","modified_gmt":"2024-07-11T07:25:58","slug":"plan-de-acceso-gratuito-de-por-vida","status":"publish","type":"product","link":"https:\/\/petskinacademy.com\/es\/producto\/plan-de-acceso-gratuito-de-por-vida\/","title":{"rendered":"Plan gratuito (acceso de por vida)"},"content":{"rendered":"<p><span style=\"font-weight: 400;\">Al comprar este producto, tendr\u00e1s derecho a acceder a la Afiliaci\u00f3n &#8220;Plan gratuito&#8221;.<br \/>\n<\/span><b><\/b><\/p>\n","protected":false},"excerpt":{"rendered":"<p>Haga clic aqu\u00ed para acceder a contenidos gratuitos como entradas de blog, art\u00edculos educativos y v\u00eddeos cortos.<br \/>\nPeri\u00f3dicamente se a\u00f1adir\u00e1n nuevos contenidos sobre una amplia gama de temas, como informaci\u00f3n para sacar el m\u00e1ximo partido al champ\u00fa, informaci\u00f3n sobre dolencias comunes de la piel, cuidados de mantenimiento, cuidados del caballo, \u00a1y mucho m\u00e1s!<\/p>\n","protected":false},"featured_media":13586,"template":"","meta":{"content-type":"","pmpro_default_level":"","_ppp_document_settings_meta":""},"product_brand":[],"product_cat":[112],"product_tag":[],"class_list":{"0":"post-10277","1":"product","2":"type-product","3":"status-publish","4":"has-post-thumbnail","6":"product_cat-programa","7":"pmpro-has-access","9":"first","10":"instock","11":"virtual","12":"sold-individually","13":"purchasable","14":"product-type-simple"},"_links":{"self":[{"href":"https:\/\/petskinacademy.com\/es\/wp-json\/wp\/v2\/product\/10277","targetHints":{"allow":["GET"]}}],"collection":[{"href":"https:\/\/petskinacademy.com\/es\/wp-json\/wp\/v2\/product"}],"about":[{"href":"https:\/\/petskinacademy.com\/es\/wp-json\/wp\/v2\/types\/product"}],"wp:featuredmedia":[{"embeddable":true,"href":"https:\/\/petskinacademy.com\/es\/wp-json\/wp\/v2\/media\/13586"}],"wp:attachment":[{"href":"https:\/\/petskinacademy.com\/es\/wp-json\/wp\/v2\/media?parent=10277"}],"wp:term":[{"taxonomy":"product_brand","embeddable":true,"href":"https:\/\/petskinacademy.com\/es\/wp-json\/wp\/v2\/product_brand?post=10277"},{"taxonomy":"product_cat","embeddable":true,"href":"https:\/\/petskinacademy.com\/es\/wp-json\/wp\/v2\/product_cat?post=10277"},{"taxonomy":"product_tag","embeddable":true,"href":"https:\/\/petskinacademy.com\/es\/wp-json\/wp\/v2\/product_tag?post=10277"}],"curies":[{"name":"wp","href":"https:\/\/api.w.org\/{rel}","templated":true}]}}