{"id":10278,"date":"2023-03-16T02:54:45","date_gmt":"2023-03-16T07:54:45","guid":{"rendered":"https:\/\/petskinacademy.com\/product\/modulo-uno-3a-edicion-acceso-de-por-vida\/"},"modified":"2024-05-20T05:27:21","modified_gmt":"2024-05-20T10:27:21","slug":"modulo-uno-3a-edicion-lifetime-access","status":"publish","type":"product","link":"https:\/\/petskinacademy.com\/es\/producto\/modulo-uno-3a-edicion-lifetime-access\/","title":{"rendered":"M\u00f3dulo UNO &#8211; 3\u00aa Edici\u00f3n (acceso de por vida)"},"content":{"rendered":"<p><span style=\"font-weight: 400;\">Al comprar este producto, tendr\u00e1s derecho a acceder a la Membres\u00eda &#8220;M\u00f3dulo UNO &#8211; 3\u00aa Edici\u00f3n&#8221;.<br \/>\n<\/span><b><\/b><\/p>\n","protected":false},"excerpt":{"rendered":"<p>El m\u00f3dulo 1 es una serie de v\u00eddeos de aprendizaje para profundizar en los fundamentos de la ciencia del pelaje, las necesidades de los pelajes cortos, medios y largos, las terapias y mucho m\u00e1s.<br \/>\nUna vez que hayas terminado cada v\u00eddeo, haz un peque\u00f1o test para ayudarte a retener lo que has aprendido y luego pasa al siguiente m\u00f3dulo.<\/p>\n<p>Estos videos son beneficiosos para TODOS, incluso si usted no est\u00e1 interesado en el programa CPAe en su totalidad.<\/p>\n","protected":false},"featured_media":9929,"template":"","meta":{"content-type":"","pmpro_default_level":"","_ppp_document_settings_meta":""},"product_brand":[],"product_cat":[112],"product_tag":[],"class_list":{"0":"post-10278","1":"product","2":"type-product","3":"status-publish","4":"has-post-thumbnail","6":"product_cat-programa","7":"pmpro-has-access","9":"first","10":"instock","11":"virtual","12":"sold-individually","13":"purchasable","14":"product-type-simple"},"_links":{"self":[{"href":"https:\/\/petskinacademy.com\/es\/wp-json\/wp\/v2\/product\/10278","targetHints":{"allow":["GET"]}}],"collection":[{"href":"https:\/\/petskinacademy.com\/es\/wp-json\/wp\/v2\/product"}],"about":[{"href":"https:\/\/petskinacademy.com\/es\/wp-json\/wp\/v2\/types\/product"}],"wp:featuredmedia":[{"embeddable":true,"href":"https:\/\/petskinacademy.com\/es\/wp-json\/wp\/v2\/media\/9929"}],"wp:attachment":[{"href":"https:\/\/petskinacademy.com\/es\/wp-json\/wp\/v2\/media?parent=10278"}],"wp:term":[{"taxonomy":"product_brand","embeddable":true,"href":"https:\/\/petskinacademy.com\/es\/wp-json\/wp\/v2\/product_brand?post=10278"},{"taxonomy":"product_cat","embeddable":true,"href":"https:\/\/petskinacademy.com\/es\/wp-json\/wp\/v2\/product_cat?post=10278"},{"taxonomy":"product_tag","embeddable":true,"href":"https:\/\/petskinacademy.com\/es\/wp-json\/wp\/v2\/product_tag?post=10278"}],"curies":[{"name":"wp","href":"https:\/\/api.w.org\/{rel}","templated":true}]}}