{"id":11340,"date":"2024-04-19T02:16:03","date_gmt":"2024-04-19T07:16:03","guid":{"rendered":"https:\/\/petskinacademy.com\/product\/lo-basico\/"},"modified":"2024-04-30T09:25:52","modified_gmt":"2024-04-30T14:25:52","slug":"lo-basico","status":"publish","type":"product","link":"https:\/\/petskinacademy.com\/es\/producto\/lo-basico\/","title":{"rendered":"Lo b\u00e1sico"},"content":{"rendered":"<p>Estudia la estructura b\u00e1sica y la funci\u00f3n del \u00f3rgano m\u00e1s grande del cuerpo, la piel. Aprende el importante papel que desempe\u00f1a el sebo en la salud general de la piel.<\/p>\n","protected":false},"excerpt":{"rendered":"<p>Estudia la estructura b\u00e1sica y la funci\u00f3n del \u00f3rgano m\u00e1s grande del cuerpo, la piel. Aprende el importante papel que desempe\u00f1a el sebo en la salud general de la piel.<\/p>\n","protected":false},"featured_media":11450,"template":"","meta":{"content-type":"","pmpro_default_level":"","_ppp_document_settings_meta":""},"product_brand":[],"product_cat":[138,141],"product_tag":[],"class_list":{"0":"post-11340","1":"product","2":"type-product","3":"status-publish","4":"has-post-thumbnail","6":"product_cat-introduccion-a-la-ciencia","7":"product_cat-videos-educativos","8":"pmpro-has-access","10":"first","11":"instock","12":"virtual","13":"sold-individually","14":"purchasable","15":"product-type-simple"},"_links":{"self":[{"href":"https:\/\/petskinacademy.com\/es\/wp-json\/wp\/v2\/product\/11340","targetHints":{"allow":["GET"]}}],"collection":[{"href":"https:\/\/petskinacademy.com\/es\/wp-json\/wp\/v2\/product"}],"about":[{"href":"https:\/\/petskinacademy.com\/es\/wp-json\/wp\/v2\/types\/product"}],"wp:featuredmedia":[{"embeddable":true,"href":"https:\/\/petskinacademy.com\/es\/wp-json\/wp\/v2\/media\/11450"}],"wp:attachment":[{"href":"https:\/\/petskinacademy.com\/es\/wp-json\/wp\/v2\/media?parent=11340"}],"wp:term":[{"taxonomy":"product_brand","embeddable":true,"href":"https:\/\/petskinacademy.com\/es\/wp-json\/wp\/v2\/product_brand?post=11340"},{"taxonomy":"product_cat","embeddable":true,"href":"https:\/\/petskinacademy.com\/es\/wp-json\/wp\/v2\/product_cat?post=11340"},{"taxonomy":"product_tag","embeddable":true,"href":"https:\/\/petskinacademy.com\/es\/wp-json\/wp\/v2\/product_tag?post=11340"}],"curies":[{"name":"wp","href":"https:\/\/api.w.org\/{rel}","templated":true}]}}