{"id":11351,"date":"2024-04-19T02:29:48","date_gmt":"2024-04-19T07:29:48","guid":{"rendered":"https:\/\/petskinacademy.com\/product\/leccion-pelo\/"},"modified":"2024-07-11T02:26:09","modified_gmt":"2024-07-11T07:26:09","slug":"leccion-pelo","status":"publish","type":"product","link":"https:\/\/petskinacademy.com\/es\/producto\/leccion-pelo\/","title":{"rendered":"Pelo"},"content":{"rendered":"","protected":false},"excerpt":{"rendered":"<p>El pelo es la primera l\u00ednea de defensa. Conoce las distintas categor\u00edas y sus necesidades espec\u00edficas.<\/p>\n","protected":false},"featured_media":11452,"template":"","meta":{"content-type":"","pmpro_default_level":"","_ppp_document_settings_meta":""},"product_brand":[],"product_cat":[138,141],"product_tag":[],"class_list":{"0":"post-11351","1":"product","2":"type-product","3":"status-publish","4":"has-post-thumbnail","6":"product_cat-introduccion-a-la-ciencia","7":"product_cat-videos-educativos","8":"pmpro-has-access","10":"first","11":"instock","12":"virtual","13":"purchasable","14":"product-type-simple"},"_links":{"self":[{"href":"https:\/\/petskinacademy.com\/es\/wp-json\/wp\/v2\/product\/11351","targetHints":{"allow":["GET"]}}],"collection":[{"href":"https:\/\/petskinacademy.com\/es\/wp-json\/wp\/v2\/product"}],"about":[{"href":"https:\/\/petskinacademy.com\/es\/wp-json\/wp\/v2\/types\/product"}],"wp:featuredmedia":[{"embeddable":true,"href":"https:\/\/petskinacademy.com\/es\/wp-json\/wp\/v2\/media\/11452"}],"wp:attachment":[{"href":"https:\/\/petskinacademy.com\/es\/wp-json\/wp\/v2\/media?parent=11351"}],"wp:term":[{"taxonomy":"product_brand","embeddable":true,"href":"https:\/\/petskinacademy.com\/es\/wp-json\/wp\/v2\/product_brand?post=11351"},{"taxonomy":"product_cat","embeddable":true,"href":"https:\/\/petskinacademy.com\/es\/wp-json\/wp\/v2\/product_cat?post=11351"},{"taxonomy":"product_tag","embeddable":true,"href":"https:\/\/petskinacademy.com\/es\/wp-json\/wp\/v2\/product_tag?post=11351"}],"curies":[{"name":"wp","href":"https:\/\/api.w.org\/{rel}","templated":true}]}}