{"id":11376,"date":"2024-04-19T02:37:12","date_gmt":"2024-04-19T07:37:12","guid":{"rendered":"https:\/\/petskinacademy.com\/product\/quimica-basica\/"},"modified":"2024-04-30T09:25:49","modified_gmt":"2024-04-30T14:25:49","slug":"quimica-basica","status":"publish","type":"product","link":"https:\/\/petskinacademy.com\/es\/producto\/quimica-basica\/","title":{"rendered":"Qu\u00edmica b\u00e1sica"},"content":{"rendered":"","protected":false},"excerpt":{"rendered":"<p>La qu\u00edmica es importante para comprender la piel y los productos que utilizamos en ella. Aprende sobre los productos, la importancia del pH y la derivaci\u00f3n de los productos.<\/p>\n","protected":false},"featured_media":11454,"template":"","meta":{"content-type":"","pmpro_default_level":"","_ppp_document_settings_meta":""},"product_brand":[],"product_cat":[138,141],"product_tag":[],"class_list":{"0":"post-11376","1":"product","2":"type-product","3":"status-publish","4":"has-post-thumbnail","6":"product_cat-introduccion-a-la-ciencia","7":"product_cat-videos-educativos","8":"pmpro-has-access","10":"first","11":"instock","12":"virtual","13":"sold-individually","14":"purchasable","15":"product-type-simple"},"_links":{"self":[{"href":"https:\/\/petskinacademy.com\/es\/wp-json\/wp\/v2\/product\/11376","targetHints":{"allow":["GET"]}}],"collection":[{"href":"https:\/\/petskinacademy.com\/es\/wp-json\/wp\/v2\/product"}],"about":[{"href":"https:\/\/petskinacademy.com\/es\/wp-json\/wp\/v2\/types\/product"}],"wp:featuredmedia":[{"embeddable":true,"href":"https:\/\/petskinacademy.com\/es\/wp-json\/wp\/v2\/media\/11454"}],"wp:attachment":[{"href":"https:\/\/petskinacademy.com\/es\/wp-json\/wp\/v2\/media?parent=11376"}],"wp:term":[{"taxonomy":"product_brand","embeddable":true,"href":"https:\/\/petskinacademy.com\/es\/wp-json\/wp\/v2\/product_brand?post=11376"},{"taxonomy":"product_cat","embeddable":true,"href":"https:\/\/petskinacademy.com\/es\/wp-json\/wp\/v2\/product_cat?post=11376"},{"taxonomy":"product_tag","embeddable":true,"href":"https:\/\/petskinacademy.com\/es\/wp-json\/wp\/v2\/product_tag?post=11376"}],"curies":[{"name":"wp","href":"https:\/\/api.w.org\/{rel}","templated":true}]}}