{"id":11378,"date":"2024-04-19T02:38:27","date_gmt":"2024-04-19T07:38:27","guid":{"rendered":"https:\/\/petskinacademy.com\/product\/tecnicas\/"},"modified":"2024-04-30T09:25:50","modified_gmt":"2024-04-30T14:25:50","slug":"tecnicas","status":"publish","type":"product","link":"https:\/\/petskinacademy.com\/es\/producto\/tecnicas\/","title":{"rendered":"T\u00e9cnicas"},"content":{"rendered":"","protected":false},"excerpt":{"rendered":"<p>La t\u00e9cnica marca la diferencia en los resultados que obtenemos. Aprende los beneficios del ba\u00f1o b\u00e1sico, as\u00ed como de cerrar-abrir-cerrar.<\/p>\n","protected":false},"featured_media":11458,"template":"","meta":{"content-type":"","pmpro_default_level":"","_ppp_document_settings_meta":""},"product_brand":[],"product_cat":[138,141],"product_tag":[],"class_list":{"0":"post-11378","1":"product","2":"type-product","3":"status-publish","4":"has-post-thumbnail","6":"product_cat-introduccion-a-la-ciencia","7":"product_cat-videos-educativos","8":"pmpro-has-access","10":"first","11":"instock","12":"virtual","13":"sold-individually","14":"purchasable","15":"product-type-simple"},"_links":{"self":[{"href":"https:\/\/petskinacademy.com\/es\/wp-json\/wp\/v2\/product\/11378","targetHints":{"allow":["GET"]}}],"collection":[{"href":"https:\/\/petskinacademy.com\/es\/wp-json\/wp\/v2\/product"}],"about":[{"href":"https:\/\/petskinacademy.com\/es\/wp-json\/wp\/v2\/types\/product"}],"wp:featuredmedia":[{"embeddable":true,"href":"https:\/\/petskinacademy.com\/es\/wp-json\/wp\/v2\/media\/11458"}],"wp:attachment":[{"href":"https:\/\/petskinacademy.com\/es\/wp-json\/wp\/v2\/media?parent=11378"}],"wp:term":[{"taxonomy":"product_brand","embeddable":true,"href":"https:\/\/petskinacademy.com\/es\/wp-json\/wp\/v2\/product_brand?post=11378"},{"taxonomy":"product_cat","embeddable":true,"href":"https:\/\/petskinacademy.com\/es\/wp-json\/wp\/v2\/product_cat?post=11378"},{"taxonomy":"product_tag","embeddable":true,"href":"https:\/\/petskinacademy.com\/es\/wp-json\/wp\/v2\/product_tag?post=11378"}],"curies":[{"name":"wp","href":"https:\/\/api.w.org\/{rel}","templated":true}]}}