{"id":11409,"date":"2024-04-19T02:45:34","date_gmt":"2024-04-19T07:45:34","guid":{"rendered":"https:\/\/petskinacademy.com\/product\/reglas-de-la-restauracion-cutanea\/"},"modified":"2024-04-30T09:25:49","modified_gmt":"2024-04-30T14:25:49","slug":"reglas-de-la-restauracion-cutanea","status":"publish","type":"product","link":"https:\/\/petskinacademy.com\/es\/producto\/reglas-de-la-restauracion-cutanea\/","title":{"rendered":"Reglas de la restauraci\u00f3n cut\u00e1nea"},"content":{"rendered":"","protected":false},"excerpt":{"rendered":"<p>Aprende algunas reglas b\u00e1sicas que hay que seguir para obtener buenos resultados. Desv\u00edate de estas reglas y a menudo los resultados no ser\u00e1n \u00f3ptimos.<\/p>\n","protected":false},"featured_media":11464,"template":"","meta":{"content-type":"","pmpro_default_level":"","_ppp_document_settings_meta":""},"product_brand":[],"product_cat":[138,141],"product_tag":[],"class_list":{"0":"post-11409","1":"product","2":"type-product","3":"status-publish","4":"has-post-thumbnail","6":"product_cat-introduccion-a-la-ciencia","7":"product_cat-videos-educativos","8":"pmpro-has-access","10":"first","11":"instock","12":"virtual","13":"sold-individually","14":"purchasable","15":"product-type-simple"},"_links":{"self":[{"href":"https:\/\/petskinacademy.com\/es\/wp-json\/wp\/v2\/product\/11409","targetHints":{"allow":["GET"]}}],"collection":[{"href":"https:\/\/petskinacademy.com\/es\/wp-json\/wp\/v2\/product"}],"about":[{"href":"https:\/\/petskinacademy.com\/es\/wp-json\/wp\/v2\/types\/product"}],"wp:featuredmedia":[{"embeddable":true,"href":"https:\/\/petskinacademy.com\/es\/wp-json\/wp\/v2\/media\/11464"}],"wp:attachment":[{"href":"https:\/\/petskinacademy.com\/es\/wp-json\/wp\/v2\/media?parent=11409"}],"wp:term":[{"taxonomy":"product_brand","embeddable":true,"href":"https:\/\/petskinacademy.com\/es\/wp-json\/wp\/v2\/product_brand?post=11409"},{"taxonomy":"product_cat","embeddable":true,"href":"https:\/\/petskinacademy.com\/es\/wp-json\/wp\/v2\/product_cat?post=11409"},{"taxonomy":"product_tag","embeddable":true,"href":"https:\/\/petskinacademy.com\/es\/wp-json\/wp\/v2\/product_tag?post=11409"}],"curies":[{"name":"wp","href":"https:\/\/api.w.org\/{rel}","templated":true}]}}