{"id":11421,"date":"2024-04-19T02:49:30","date_gmt":"2024-04-19T07:49:30","guid":{"rendered":"https:\/\/petskinacademy.com\/product\/cuidado-de-unas-y-patas\/"},"modified":"2024-04-30T09:25:47","modified_gmt":"2024-04-30T14:25:47","slug":"cuidado-de-unas-y-patas","status":"publish","type":"product","link":"https:\/\/petskinacademy.com\/es\/producto\/cuidado-de-unas-y-patas\/","title":{"rendered":"Cuidado de u\u00f1as y patas"},"content":{"rendered":"","protected":false},"excerpt":{"rendered":"<p>Las u\u00f1as y las patas suelen ser zonas centinela de problemas m\u00e1s profundos. Aprende a evaluar y a cuidar esta zona del cuerpo.<\/p>\n","protected":false},"featured_media":11468,"template":"","meta":{"content-type":"","pmpro_default_level":"","_ppp_document_settings_meta":""},"product_brand":[],"product_cat":[138,141],"product_tag":[],"class_list":{"0":"post-11421","1":"product","2":"type-product","3":"status-publish","4":"has-post-thumbnail","6":"product_cat-introduccion-a-la-ciencia","7":"product_cat-videos-educativos","8":"pmpro-has-access","10":"first","11":"instock","12":"virtual","13":"sold-individually","14":"purchasable","15":"product-type-simple"},"_links":{"self":[{"href":"https:\/\/petskinacademy.com\/es\/wp-json\/wp\/v2\/product\/11421","targetHints":{"allow":["GET"]}}],"collection":[{"href":"https:\/\/petskinacademy.com\/es\/wp-json\/wp\/v2\/product"}],"about":[{"href":"https:\/\/petskinacademy.com\/es\/wp-json\/wp\/v2\/types\/product"}],"wp:featuredmedia":[{"embeddable":true,"href":"https:\/\/petskinacademy.com\/es\/wp-json\/wp\/v2\/media\/11468"}],"wp:attachment":[{"href":"https:\/\/petskinacademy.com\/es\/wp-json\/wp\/v2\/media?parent=11421"}],"wp:term":[{"taxonomy":"product_brand","embeddable":true,"href":"https:\/\/petskinacademy.com\/es\/wp-json\/wp\/v2\/product_brand?post=11421"},{"taxonomy":"product_cat","embeddable":true,"href":"https:\/\/petskinacademy.com\/es\/wp-json\/wp\/v2\/product_cat?post=11421"},{"taxonomy":"product_tag","embeddable":true,"href":"https:\/\/petskinacademy.com\/es\/wp-json\/wp\/v2\/product_tag?post=11421"}],"curies":[{"name":"wp","href":"https:\/\/api.w.org\/{rel}","templated":true}]}}