{"id":11434,"date":"2024-04-19T02:53:16","date_gmt":"2024-04-19T07:53:16","guid":{"rendered":"https:\/\/petskinacademy.com\/product\/glandulas-anales\/"},"modified":"2024-04-30T09:25:47","modified_gmt":"2024-04-30T14:25:47","slug":"glandulas-anales","status":"publish","type":"product","link":"https:\/\/petskinacademy.com\/es\/producto\/glandulas-anales\/","title":{"rendered":"Gl\u00e1ndulas anales"},"content":{"rendered":"","protected":false},"excerpt":{"rendered":"<p>Apretar o no apretar es una cuesti\u00f3n con la que luchan muchos peluqueros. Aprende la anatom\u00eda, la t\u00e9cnica correcta y discute la gesti\u00f3n de riesgos de la extracci\u00f3n de las gl\u00e1ndulas anales.<\/p>\n","protected":false},"featured_media":11472,"template":"","meta":{"content-type":"","pmpro_default_level":"","_ppp_document_settings_meta":""},"product_brand":[],"product_cat":[138,141],"product_tag":[],"class_list":{"0":"post-11434","1":"product","2":"type-product","3":"status-publish","4":"has-post-thumbnail","6":"product_cat-introduccion-a-la-ciencia","7":"product_cat-videos-educativos","8":"pmpro-has-access","10":"first","11":"instock","12":"virtual","13":"sold-individually","14":"purchasable","15":"product-type-simple"},"_links":{"self":[{"href":"https:\/\/petskinacademy.com\/es\/wp-json\/wp\/v2\/product\/11434","targetHints":{"allow":["GET"]}}],"collection":[{"href":"https:\/\/petskinacademy.com\/es\/wp-json\/wp\/v2\/product"}],"about":[{"href":"https:\/\/petskinacademy.com\/es\/wp-json\/wp\/v2\/types\/product"}],"wp:featuredmedia":[{"embeddable":true,"href":"https:\/\/petskinacademy.com\/es\/wp-json\/wp\/v2\/media\/11472"}],"wp:attachment":[{"href":"https:\/\/petskinacademy.com\/es\/wp-json\/wp\/v2\/media?parent=11434"}],"wp:term":[{"taxonomy":"product_brand","embeddable":true,"href":"https:\/\/petskinacademy.com\/es\/wp-json\/wp\/v2\/product_brand?post=11434"},{"taxonomy":"product_cat","embeddable":true,"href":"https:\/\/petskinacademy.com\/es\/wp-json\/wp\/v2\/product_cat?post=11434"},{"taxonomy":"product_tag","embeddable":true,"href":"https:\/\/petskinacademy.com\/es\/wp-json\/wp\/v2\/product_tag?post=11434"}],"curies":[{"name":"wp","href":"https:\/\/api.w.org\/{rel}","templated":true}]}}