{"id":11545,"date":"2024-04-22T07:46:13","date_gmt":"2024-04-22T12:46:13","guid":{"rendered":"https:\/\/petskinacademy.com\/product\/paquete-completo-de-cursos-de-certificacion-de-esteticista-de-mascotas-los-3-cursos\/"},"modified":"2025-03-28T09:47:54","modified_gmt":"2025-03-28T14:47:54","slug":"paquete-completo-de-cursos-de-certificacion-de-esteticista-de-mascotas-los-3-cursos","status":"publish","type":"product","link":"https:\/\/petskinacademy.com\/es\/producto\/paquete-completo-de-cursos-de-certificacion-de-esteticista-de-mascotas-los-3-cursos\/","title":{"rendered":"Paquete completo de cursos de certificaci\u00f3n de esteticista de mascotas (los 3 cursos)"},"content":{"rendered":"","protected":false},"excerpt":{"rendered":"<p><strong>Incluye<\/strong>: Curso Introductorio de Ciencia, Taller Avanzado de Ciencia y Tutor\u00eda Avanzada de Casos Pr\u00e1cticos<\/p>\n<p>\u00a1CONS\u00cdGUELO TODO! Ahorra a lo grande con este impresionante paquete que te ofrece los tres cursos para obtener tu certificaci\u00f3n de Esteticista Canino Certificado. Este paquete te da acceso a los 3 cursos, incluidos el curso de Introducci\u00f3n a la Ciencia, el Taller de Ciencia Avanzada y el curso Avanzado de Mentor de Casos Pr\u00e1cticos. Con este paquete, estar\u00e1s en camino de unirte a una incre\u00edble comunidad de Esteticistas Caninos Certificados.<\/p>\n","protected":false},"featured_media":13632,"template":"","meta":{"content-type":"","pmpro_default_level":"","_ppp_document_settings_meta":""},"product_brand":[],"product_cat":[112],"product_tag":[],"class_list":{"0":"post-11545","1":"product","2":"type-product","3":"status-publish","4":"has-post-thumbnail","6":"product_cat-programa","7":"pmpro-has-access","9":"first","10":"instock","11":"sold-individually","12":"purchasable","13":"product-type-woosb"},"_links":{"self":[{"href":"https:\/\/petskinacademy.com\/es\/wp-json\/wp\/v2\/product\/11545","targetHints":{"allow":["GET"]}}],"collection":[{"href":"https:\/\/petskinacademy.com\/es\/wp-json\/wp\/v2\/product"}],"about":[{"href":"https:\/\/petskinacademy.com\/es\/wp-json\/wp\/v2\/types\/product"}],"wp:featuredmedia":[{"embeddable":true,"href":"https:\/\/petskinacademy.com\/es\/wp-json\/wp\/v2\/media\/13632"}],"wp:attachment":[{"href":"https:\/\/petskinacademy.com\/es\/wp-json\/wp\/v2\/media?parent=11545"}],"wp:term":[{"taxonomy":"product_brand","embeddable":true,"href":"https:\/\/petskinacademy.com\/es\/wp-json\/wp\/v2\/product_brand?post=11545"},{"taxonomy":"product_cat","embeddable":true,"href":"https:\/\/petskinacademy.com\/es\/wp-json\/wp\/v2\/product_cat?post=11545"},{"taxonomy":"product_tag","embeddable":true,"href":"https:\/\/petskinacademy.com\/es\/wp-json\/wp\/v2\/product_tag?post=11545"}],"curies":[{"name":"wp","href":"https:\/\/api.w.org\/{rel}","templated":true}]}}