{"id":11546,"date":"2024-04-22T07:48:57","date_gmt":"2024-04-22T12:48:57","guid":{"rendered":"https:\/\/petskinacademy.com\/product\/paquete-de-casos-practicos-del-curso-de-esteticista-de-mascotas\/"},"modified":"2025-03-28T09:47:53","modified_gmt":"2025-03-28T14:47:53","slug":"paquete-de-casos-practicos-del-curso-de-esteticista-de-mascotas","status":"publish","type":"product","link":"https:\/\/petskinacademy.com\/es\/producto\/paquete-de-casos-practicos-del-curso-de-esteticista-de-mascotas\/","title":{"rendered":"Paquete de Casos Pr\u00e1cticos del Curso de Esteticista de Mascotas"},"content":{"rendered":"","protected":false},"excerpt":{"rendered":"<p><strong>Incluye<\/strong>: Curso de Introducci\u00f3n a la Ciencia y Curso Avanzado de Tutor\u00eda de Casos Pr\u00e1cticos<\/p>\n<p>Este paquete incluye el Curso de Introducci\u00f3n a la Ciencia y el Curso Avanzado de Tutor\u00eda de Casos Pr\u00e1cticos. Con este paquete obtendr\u00e1s nuestros dos cursos virtuales para ayudarte a ahorrar dinero y estar un paso m\u00e1s cerca de convertirte en un Esteticista Canino Certificado. Este paquete te da acceso a m\u00e1s de 14 horas de aprendizaje en v\u00eddeo, as\u00ed como a tutor\u00edas individuales sobre casos reales de piel y pelo en tu sal\u00f3n.<\/p>\n","protected":false},"featured_media":13634,"template":"","meta":{"content-type":"","pmpro_default_level":"","_ppp_document_settings_meta":""},"product_brand":[],"product_cat":[112],"product_tag":[],"class_list":{"0":"post-11546","1":"product","2":"type-product","3":"status-publish","4":"has-post-thumbnail","6":"product_cat-programa","7":"pmpro-has-access","9":"first","10":"instock","11":"sold-individually","12":"purchasable","13":"product-type-woosb"},"_links":{"self":[{"href":"https:\/\/petskinacademy.com\/es\/wp-json\/wp\/v2\/product\/11546","targetHints":{"allow":["GET"]}}],"collection":[{"href":"https:\/\/petskinacademy.com\/es\/wp-json\/wp\/v2\/product"}],"about":[{"href":"https:\/\/petskinacademy.com\/es\/wp-json\/wp\/v2\/types\/product"}],"wp:featuredmedia":[{"embeddable":true,"href":"https:\/\/petskinacademy.com\/es\/wp-json\/wp\/v2\/media\/13634"}],"wp:attachment":[{"href":"https:\/\/petskinacademy.com\/es\/wp-json\/wp\/v2\/media?parent=11546"}],"wp:term":[{"taxonomy":"product_brand","embeddable":true,"href":"https:\/\/petskinacademy.com\/es\/wp-json\/wp\/v2\/product_brand?post=11546"},{"taxonomy":"product_cat","embeddable":true,"href":"https:\/\/petskinacademy.com\/es\/wp-json\/wp\/v2\/product_cat?post=11546"},{"taxonomy":"product_tag","embeddable":true,"href":"https:\/\/petskinacademy.com\/es\/wp-json\/wp\/v2\/product_tag?post=11546"}],"curies":[{"name":"wp","href":"https:\/\/api.w.org\/{rel}","templated":true}]}}