{"id":11547,"date":"2024-04-22T07:50:13","date_gmt":"2024-04-22T12:50:13","guid":{"rendered":"https:\/\/petskinacademy.com\/product\/curso-de-estetica-para-mascotas-paquete-de-talleres\/"},"modified":"2025-03-28T09:47:52","modified_gmt":"2025-03-28T14:47:52","slug":"curso-de-estetica-para-mascotas-paquete-de-talleres","status":"publish","type":"product","link":"https:\/\/petskinacademy.com\/es\/producto\/curso-de-estetica-para-mascotas-paquete-de-talleres\/","title":{"rendered":"Curso de Est\u00e9tica para Mascotas Paquete de Talleres"},"content":{"rendered":"<p><span style=\"text-decoration: underline;\"><em>(excluye viaje y alojamiento)<\/em><\/span><\/p>\n<p><strong>Incluye<\/strong>: Curso de Introducci\u00f3n a la Ciencia y Taller de Ciencia Avanzada<\/p>\n<p>Este paquete incluye el curso de Introducci\u00f3n a la Ciencia y el Taller de Ciencia Avanzada. Con este paquete obtienes lo \u00faltimo en aprendizaje educativo sobre la ciencia de la piel y el pelaje impartido por el Dr. Faver, DVM. Tanto con el aprendizaje en v\u00eddeo, en el curso de Introducci\u00f3n a la Ciencia, como con el aprendizaje presencial, en el curso Taller de Ciencia Avanzada, tendr\u00e1s todos los conocimientos para salir ah\u00ed fuera y empezar a marcar la diferencia en la vida de las mascotas a tu cargo.<\/p>\n<p>*DEBES completar y aprobar el curso de Introducci\u00f3n a la Ciencia antes de asistir al Taller de Ciencia Avanzada<\/p>\n","protected":false},"excerpt":{"rendered":"<p><span style=\"text-decoration: underline;\"><em>(excluye viaje y alojamiento)<\/em><\/span><\/p>\n<p><strong>Incluye<\/strong>: Curso de Introducci\u00f3n a la Ciencia y Taller de Ciencia Avanzada<\/p>\n<p>Este paquete incluye el curso de Introducci\u00f3n a la Ciencia y el Taller de Ciencia Avanzada. Con este paquete obtienes lo \u00faltimo en aprendizaje educativo sobre la ciencia de la piel y el pelaje impartido por el Dr. Faver, DVM. Tanto con el aprendizaje en v\u00eddeo, en el curso de Introducci\u00f3n a la Ciencia, como con el aprendizaje presencial, en el curso Taller de Ciencia Avanzada, tendr\u00e1s todos los conocimientos para salir ah\u00ed fuera y empezar a marcar la diferencia en la vida de las mascotas a tu cargo.<\/p>\n<p><em>*DEBES completar y aprobar el curso de Introducci\u00f3n a la Ciencia antes de asistir al Taller de Ciencia Avanzada<\/em><\/p>\n","protected":false},"featured_media":13636,"template":"","meta":{"content-type":"","pmpro_default_level":"","_ppp_document_settings_meta":""},"product_brand":[],"product_cat":[112],"product_tag":[],"class_list":{"0":"post-11547","1":"product","2":"type-product","3":"status-publish","4":"has-post-thumbnail","6":"product_cat-programa","7":"pmpro-has-access","9":"first","10":"instock","11":"sold-individually","12":"purchasable","13":"product-type-woosb"},"_links":{"self":[{"href":"https:\/\/petskinacademy.com\/es\/wp-json\/wp\/v2\/product\/11547","targetHints":{"allow":["GET"]}}],"collection":[{"href":"https:\/\/petskinacademy.com\/es\/wp-json\/wp\/v2\/product"}],"about":[{"href":"https:\/\/petskinacademy.com\/es\/wp-json\/wp\/v2\/types\/product"}],"wp:featuredmedia":[{"embeddable":true,"href":"https:\/\/petskinacademy.com\/es\/wp-json\/wp\/v2\/media\/13636"}],"wp:attachment":[{"href":"https:\/\/petskinacademy.com\/es\/wp-json\/wp\/v2\/media?parent=11547"}],"wp:term":[{"taxonomy":"product_brand","embeddable":true,"href":"https:\/\/petskinacademy.com\/es\/wp-json\/wp\/v2\/product_brand?post=11547"},{"taxonomy":"product_cat","embeddable":true,"href":"https:\/\/petskinacademy.com\/es\/wp-json\/wp\/v2\/product_cat?post=11547"},{"taxonomy":"product_tag","embeddable":true,"href":"https:\/\/petskinacademy.com\/es\/wp-json\/wp\/v2\/product_tag?post=11547"}],"curies":[{"name":"wp","href":"https:\/\/api.w.org\/{rel}","templated":true}]}}