{"id":11583,"date":"2024-04-30T02:27:47","date_gmt":"2024-04-30T07:27:47","guid":{"rendered":"https:\/\/petskinacademy.com\/product\/curso-de-esteticista-de-mascotas-taller-de-ciencia-avanzada\/"},"modified":"2024-07-11T02:26:01","modified_gmt":"2024-07-11T07:26:01","slug":"curso-de-esteticista-de-mascotas-taller-de-ciencia-avanzada","status":"publish","type":"product","link":"https:\/\/petskinacademy.com\/es\/producto\/curso-de-esteticista-de-mascotas-taller-de-ciencia-avanzada\/","title":{"rendered":"Plan del Taller de Ciencia Avanzada"},"content":{"rendered":"<p><strong>Prerrequisito<\/strong>: Curso introductorio de ciencias<\/p>\n","protected":false},"excerpt":{"rendered":"<p><span style=\"text-decoration: underline;\"><em>(excluye viaje y alojamiento)<\/em><\/span><\/p>\n<p>El Taller de Ciencia Avanzada incluye formaci\u00f3n in situ con el Dr. Faver, DVM. Son 3 d\u00edas de seminarios educativos, aprendizaje pr\u00e1ctico con un CPAe experimentado y creaci\u00f3n de equipos con personas de ideas afines. El \u00faltimo d\u00eda, realiza un examen final en el que muestres todo lo que has aprendido hasta ahora. Aunque este curso es principalmente presencial, tambi\u00e9n recibir\u00e1s acceso a nuevos v\u00eddeos y hojas informativas para utilizar en tu sal\u00f3n. (Prerrequisito &#8211; Curso de Introducci\u00f3n a la Ciencia)<\/p>\n","protected":false},"featured_media":13584,"template":"","meta":{"content-type":"","pmpro_default_level":"","_ppp_document_settings_meta":""},"product_brand":[],"product_cat":[112],"product_tag":[],"class_list":{"0":"post-11583","1":"product","2":"type-product","3":"status-publish","4":"has-post-thumbnail","6":"product_cat-programa","7":"pmpro-has-access","9":"first","10":"instock","11":"virtual","12":"sold-individually","13":"purchasable","14":"product-type-simple"},"_links":{"self":[{"href":"https:\/\/petskinacademy.com\/es\/wp-json\/wp\/v2\/product\/11583","targetHints":{"allow":["GET"]}}],"collection":[{"href":"https:\/\/petskinacademy.com\/es\/wp-json\/wp\/v2\/product"}],"about":[{"href":"https:\/\/petskinacademy.com\/es\/wp-json\/wp\/v2\/types\/product"}],"wp:featuredmedia":[{"embeddable":true,"href":"https:\/\/petskinacademy.com\/es\/wp-json\/wp\/v2\/media\/13584"}],"wp:attachment":[{"href":"https:\/\/petskinacademy.com\/es\/wp-json\/wp\/v2\/media?parent=11583"}],"wp:term":[{"taxonomy":"product_brand","embeddable":true,"href":"https:\/\/petskinacademy.com\/es\/wp-json\/wp\/v2\/product_brand?post=11583"},{"taxonomy":"product_cat","embeddable":true,"href":"https:\/\/petskinacademy.com\/es\/wp-json\/wp\/v2\/product_cat?post=11583"},{"taxonomy":"product_tag","embeddable":true,"href":"https:\/\/petskinacademy.com\/es\/wp-json\/wp\/v2\/product_tag?post=11583"}],"curies":[{"name":"wp","href":"https:\/\/api.w.org\/{rel}","templated":true}]}}