{"id":11585,"date":"2024-04-30T02:30:02","date_gmt":"2024-04-30T07:30:02","guid":{"rendered":"https:\/\/petskinacademy.com\/product\/curso-de-esteticista-de-mascotas-tutoria-avanzada-de-casos-practicos\/"},"modified":"2024-07-11T02:25:59","modified_gmt":"2024-07-11T07:25:59","slug":"curso-de-esteticista-de-mascotas-tutoria-avanzada-de-casos-practicos","status":"publish","type":"product","link":"https:\/\/petskinacademy.com\/es\/producto\/curso-de-esteticista-de-mascotas-tutoria-avanzada-de-casos-practicos\/","title":{"rendered":"Plan Avanzado de Tutor\u00eda de Casos Pr\u00e1cticos"},"content":{"rendered":"<p><strong>Prerrequisito<\/strong>: Curso introductorio de ciencias<\/p>\n","protected":false},"excerpt":{"rendered":"<p>El curso Avanzado de Mentor de Casos Pr\u00e1cticos incluye formaci\u00f3n virtual individualizada y apoyo de uno de los miembros de nuestro equipo para ayudarte con tus propios casos pr\u00e1cticos. Estos casos pr\u00e1cticos incluir\u00e1n 1 caso pr\u00e1ctico de ba\u00f1o de mantenimiento para cada tipo de capa y 2 casos pr\u00e1cticos de restauraci\u00f3n en los que te ayudaremos en todo el proceso de hacer las preguntas adecuadas, elegir el mejor plan de restauraci\u00f3n para esa persona, revisar los historiales m\u00e9dicos y hacer los ajustes necesarios a lo largo del proceso. Este curso te ayudar\u00e1 a empezar a construir tu portafolio y a documentar tu progreso a medida que aplicas la ciencia que has aprendido a escenarios de la vida real. (Prerrequisito &#8211; Curso de Introducci\u00f3n a la Ciencia)<\/p>\n","protected":false},"featured_media":13582,"template":"","meta":{"content-type":"","pmpro_default_level":"","_ppp_document_settings_meta":""},"product_brand":[],"product_cat":[112],"product_tag":[],"class_list":{"0":"post-11585","1":"product","2":"type-product","3":"status-publish","4":"has-post-thumbnail","6":"product_cat-programa","7":"pmpro-has-access","9":"first","10":"instock","11":"virtual","12":"sold-individually","13":"purchasable","14":"product-type-simple"},"_links":{"self":[{"href":"https:\/\/petskinacademy.com\/es\/wp-json\/wp\/v2\/product\/11585","targetHints":{"allow":["GET"]}}],"collection":[{"href":"https:\/\/petskinacademy.com\/es\/wp-json\/wp\/v2\/product"}],"about":[{"href":"https:\/\/petskinacademy.com\/es\/wp-json\/wp\/v2\/types\/product"}],"wp:featuredmedia":[{"embeddable":true,"href":"https:\/\/petskinacademy.com\/es\/wp-json\/wp\/v2\/media\/13582"}],"wp:attachment":[{"href":"https:\/\/petskinacademy.com\/es\/wp-json\/wp\/v2\/media?parent=11585"}],"wp:term":[{"taxonomy":"product_brand","embeddable":true,"href":"https:\/\/petskinacademy.com\/es\/wp-json\/wp\/v2\/product_brand?post=11585"},{"taxonomy":"product_cat","embeddable":true,"href":"https:\/\/petskinacademy.com\/es\/wp-json\/wp\/v2\/product_cat?post=11585"},{"taxonomy":"product_tag","embeddable":true,"href":"https:\/\/petskinacademy.com\/es\/wp-json\/wp\/v2\/product_tag?post=11585"}],"curies":[{"name":"wp","href":"https:\/\/api.w.org\/{rel}","templated":true}]}}