{"id":12268,"date":"2024-05-16T10:34:55","date_gmt":"2024-05-16T15:34:55","guid":{"rendered":"https:\/\/petskinacademy.com\/product\/introduccion-a-la-ciencia\/"},"modified":"2025-06-10T04:35:43","modified_gmt":"2025-06-10T09:35:43","slug":"introduccion-a-la-ciencia","status":"publish","type":"product","link":"https:\/\/petskinacademy.com\/es\/producto\/introduccion-a-la-ciencia\/","title":{"rendered":"Plan de Iniciaci\u00f3n a la Ciencia"},"content":{"rendered":"","protected":false},"excerpt":{"rendered":"<p>El curso de Introducci\u00f3n a la Ciencia es una serie de aprendizaje en v\u00eddeo para una educaci\u00f3n en profundidad sobre los Fundamentos de la Ciencia del Pelaje, las necesidades de los Pelajes Corto, Medio y Largo, los problemas de la Piel y \u00a1mucho m\u00e1s! Este curso lo imparte el Dr. Faver, DVM, utilizando sus amplios conocimientos veterinarios, as\u00ed como su trabajo de muchos a\u00f1os con peluqueros. Una vez que hayas terminado cada v\u00eddeo, har\u00e1s un peque\u00f1o cuestionario para ayudarte a retener lo que has aprendido. Estos v\u00eddeos son beneficiosos para TODOS, incluso si no est\u00e1s interesado en completar el programa completo de CPAe.<\/p>\n","protected":false},"featured_media":13580,"template":"","meta":{"content-type":"","pmpro_default_level":"","_ppp_document_settings_meta":""},"product_brand":[],"product_cat":[112],"product_tag":[],"class_list":{"0":"post-12268","1":"product","2":"type-product","3":"status-publish","4":"has-post-thumbnail","6":"product_cat-programa","7":"pmpro-has-access","9":"first","10":"instock","11":"virtual","12":"sold-individually","13":"purchasable","14":"product-type-simple"},"_links":{"self":[{"href":"https:\/\/petskinacademy.com\/es\/wp-json\/wp\/v2\/product\/12268","targetHints":{"allow":["GET"]}}],"collection":[{"href":"https:\/\/petskinacademy.com\/es\/wp-json\/wp\/v2\/product"}],"about":[{"href":"https:\/\/petskinacademy.com\/es\/wp-json\/wp\/v2\/types\/product"}],"wp:featuredmedia":[{"embeddable":true,"href":"https:\/\/petskinacademy.com\/es\/wp-json\/wp\/v2\/media\/13580"}],"wp:attachment":[{"href":"https:\/\/petskinacademy.com\/es\/wp-json\/wp\/v2\/media?parent=12268"}],"wp:term":[{"taxonomy":"product_brand","embeddable":true,"href":"https:\/\/petskinacademy.com\/es\/wp-json\/wp\/v2\/product_brand?post=12268"},{"taxonomy":"product_cat","embeddable":true,"href":"https:\/\/petskinacademy.com\/es\/wp-json\/wp\/v2\/product_cat?post=12268"},{"taxonomy":"product_tag","embeddable":true,"href":"https:\/\/petskinacademy.com\/es\/wp-json\/wp\/v2\/product_tag?post=12268"}],"curies":[{"name":"wp","href":"https:\/\/api.w.org\/{rel}","templated":true}]}}