{"id":15159,"date":"2024-09-25T02:18:12","date_gmt":"2024-09-25T07:18:12","guid":{"rendered":"https:\/\/petskinacademy.com\/product\/es-un-proceso-no-un-producto\/"},"modified":"2024-09-26T01:50:26","modified_gmt":"2024-09-26T06:50:26","slug":"es-un-proceso-no-un-producto","status":"publish","type":"product","link":"https:\/\/petskinacademy.com\/es\/producto\/es-un-proceso-no-un-producto\/","title":{"rendered":"Es un Proceso, no un Producto"},"content":{"rendered":"<p>Incluidos en los <a href=\"https:\/\/petskinacademy.com\/es\/videos-educativos\/\">V\u00eddeos educativos<\/a> para titulares <strong>del Plan de tutor\u00eda de casos pr\u00e1cticos<\/strong><\/p>\n","protected":false},"excerpt":{"rendered":"<p>La comprensi\u00f3n del proceso y la importancia de todo lo que hacemos y c\u00f3mo nos ayuda a tener \u00e9xito. Lo m\u00e1s habitual con lo que nos encontramos cuando consultamos casos y que nos lleva de nuevo a la ciencia. <\/p>\n","protected":false},"featured_media":15122,"template":"","meta":{"content-type":"","pmpro_default_level":"","_ppp_document_settings_meta":""},"product_brand":[],"product_cat":[162,141],"product_tag":[],"class_list":{"0":"post-15159","1":"product","2":"type-product","3":"status-publish","4":"has-post-thumbnail","6":"product_cat-caso-practico-de-tutoria","7":"product_cat-videos-educativos","8":"pmpro-has-access","10":"first","11":"instock","12":"virtual","13":"sold-individually","14":"purchasable","15":"product-type-simple"},"_links":{"self":[{"href":"https:\/\/petskinacademy.com\/es\/wp-json\/wp\/v2\/product\/15159","targetHints":{"allow":["GET"]}}],"collection":[{"href":"https:\/\/petskinacademy.com\/es\/wp-json\/wp\/v2\/product"}],"about":[{"href":"https:\/\/petskinacademy.com\/es\/wp-json\/wp\/v2\/types\/product"}],"wp:featuredmedia":[{"embeddable":true,"href":"https:\/\/petskinacademy.com\/es\/wp-json\/wp\/v2\/media\/15122"}],"wp:attachment":[{"href":"https:\/\/petskinacademy.com\/es\/wp-json\/wp\/v2\/media?parent=15159"}],"wp:term":[{"taxonomy":"product_brand","embeddable":true,"href":"https:\/\/petskinacademy.com\/es\/wp-json\/wp\/v2\/product_brand?post=15159"},{"taxonomy":"product_cat","embeddable":true,"href":"https:\/\/petskinacademy.com\/es\/wp-json\/wp\/v2\/product_cat?post=15159"},{"taxonomy":"product_tag","embeddable":true,"href":"https:\/\/petskinacademy.com\/es\/wp-json\/wp\/v2\/product_tag?post=15159"}],"curies":[{"name":"wp","href":"https:\/\/api.w.org\/{rel}","templated":true}]}}