{"id":15160,"date":"2024-09-25T04:15:49","date_gmt":"2024-09-25T09:15:49","guid":{"rendered":"https:\/\/petskinacademy.com\/product\/orejas-ojos-culos-y-dientes\/"},"modified":"2024-09-26T01:48:23","modified_gmt":"2024-09-26T06:48:23","slug":"orejas-ojos-culos-y-dientes","status":"publish","type":"product","link":"https:\/\/petskinacademy.com\/es\/producto\/orejas-ojos-culos-y-dientes\/","title":{"rendered":"Orejas, ojos, culos y dientes"},"content":{"rendered":"","protected":false},"excerpt":{"rendered":"<p>Este v\u00eddeo es una sinopsis de algunos de nuestros otros v\u00eddeos (Los dientes y los problemas dentales, Los o\u00eddos y su cuidado, y Las gl\u00e1ndulas anales), as\u00ed como las adiciones de los ojos. Tambi\u00e9n es uno de los seminarios presenciales que imparte el Dr. Faver. <\/p>\n","protected":false},"featured_media":15129,"template":"","meta":{"content-type":"","pmpro_default_level":"","_ppp_document_settings_meta":""},"product_brand":[],"product_cat":[141],"product_tag":[],"class_list":{"0":"post-15160","1":"product","2":"type-product","3":"status-publish","4":"has-post-thumbnail","6":"product_cat-videos-educativos","7":"pmpro-has-access","9":"first","10":"instock","11":"virtual","12":"sold-individually","13":"purchasable","14":"product-type-simple"},"_links":{"self":[{"href":"https:\/\/petskinacademy.com\/es\/wp-json\/wp\/v2\/product\/15160","targetHints":{"allow":["GET"]}}],"collection":[{"href":"https:\/\/petskinacademy.com\/es\/wp-json\/wp\/v2\/product"}],"about":[{"href":"https:\/\/petskinacademy.com\/es\/wp-json\/wp\/v2\/types\/product"}],"wp:featuredmedia":[{"embeddable":true,"href":"https:\/\/petskinacademy.com\/es\/wp-json\/wp\/v2\/media\/15129"}],"wp:attachment":[{"href":"https:\/\/petskinacademy.com\/es\/wp-json\/wp\/v2\/media?parent=15160"}],"wp:term":[{"taxonomy":"product_brand","embeddable":true,"href":"https:\/\/petskinacademy.com\/es\/wp-json\/wp\/v2\/product_brand?post=15160"},{"taxonomy":"product_cat","embeddable":true,"href":"https:\/\/petskinacademy.com\/es\/wp-json\/wp\/v2\/product_cat?post=15160"},{"taxonomy":"product_tag","embeddable":true,"href":"https:\/\/petskinacademy.com\/es\/wp-json\/wp\/v2\/product_tag?post=15160"}],"curies":[{"name":"wp","href":"https:\/\/api.w.org\/{rel}","templated":true}]}}