{"id":15775,"date":"2024-12-13T03:41:40","date_gmt":"2024-12-13T08:41:40","guid":{"rendered":"https:\/\/petskinacademy.com\/?post_type=product&#038;p=15775"},"modified":"2025-03-28T09:38:33","modified_gmt":"2025-03-28T14:38:33","slug":"curso-de-estetica-para-mascotas-paquete-de-talleres-copy","status":"publish","type":"product","link":"https:\/\/petskinacademy.com\/es\/producto\/curso-de-estetica-para-mascotas-paquete-de-talleres-copy\/","title":{"rendered":"Paquete de Talleres del Curso de Esteticista de Mascotas (s\u00f3lo para estudiantes de EE.UU.)"},"content":{"rendered":"<p><span style=\"color: red;\"><strong>Este kit es s\u00f3lo para estudiantes de EE.UU.<\/strong><\/span><\/p>\n<p>Si no eres de Estados Unidos, te invitamos a que sigas adelante s\u00f3lo con la compra de la <a href=\"https:\/\/petskinacademy.com\/es\/producto\/curso-de-estetica-para-mascotas-paquete-de-talleres\/\">afiliaci\u00f3n<\/a> dedicada.<\/p>\n","protected":false},"excerpt":{"rendered":"<p><span style=\"text-decoration: underline;\"><em>(excluye viaje y alojamiento)<\/em><\/span><\/p>\n<p><strong>Incluye<\/strong>: Curso de Introducci\u00f3n a la Ciencia y Taller de Ciencia Avanzada<\/p>\n<hr \/>\n<p><span style=\"color: red;\"><strong>Este kit es s\u00f3lo para estudiantes de EE.UU.<\/strong><\/span><\/p>\n<p>Si no eres de Estados Unidos, te invitamos a que procedas \u00fanicamente a la compra de la <a href=\"https:\/\/petskinacademy.com\/es\/producto\/curso-de-estetica-para-mascotas-paquete-de-talleres\/\">afiliaci\u00f3n<\/a> dedicada.<\/p>\n<hr \/>\n<p>Este paquete incluye el curso de Introducci\u00f3n a la Ciencia y el Taller de Ciencia Avanzada. Con este paquete obtienes lo \u00faltimo en aprendizaje educativo sobre la ciencia de la piel y el pelaje impartido por el Dr. Faver, DVM. Tanto con el aprendizaje en v\u00eddeo, en el curso de Introducci\u00f3n a la Ciencia, como con el aprendizaje presencial, en el curso Taller de Ciencia Avanzada, tendr\u00e1s todos los conocimientos para salir ah\u00ed fuera y empezar a marcar la diferencia en la vida de las mascotas a tu cargo.<\/p>\n<p><em>*DEBES completar y aprobar el curso de Introducci\u00f3n a la Ciencia antes de asistir al Taller de Ciencia Avanzada<\/em><\/p>\n","protected":false},"featured_media":13636,"template":"","meta":{"content-type":"","pmpro_default_level":"","_ppp_document_settings_meta":""},"product_brand":[],"product_cat":[112],"product_tag":[],"class_list":{"0":"post-15775","1":"product","2":"type-product","3":"status-publish","4":"has-post-thumbnail","6":"product_cat-programa","7":"pmpro-has-access","9":"first","10":"instock","11":"sale","12":"sold-individually","13":"purchasable","14":"product-type-woosb"},"_links":{"self":[{"href":"https:\/\/petskinacademy.com\/es\/wp-json\/wp\/v2\/product\/15775","targetHints":{"allow":["GET"]}}],"collection":[{"href":"https:\/\/petskinacademy.com\/es\/wp-json\/wp\/v2\/product"}],"about":[{"href":"https:\/\/petskinacademy.com\/es\/wp-json\/wp\/v2\/types\/product"}],"wp:featuredmedia":[{"embeddable":true,"href":"https:\/\/petskinacademy.com\/es\/wp-json\/wp\/v2\/media\/13636"}],"wp:attachment":[{"href":"https:\/\/petskinacademy.com\/es\/wp-json\/wp\/v2\/media?parent=15775"}],"wp:term":[{"taxonomy":"product_brand","embeddable":true,"href":"https:\/\/petskinacademy.com\/es\/wp-json\/wp\/v2\/product_brand?post=15775"},{"taxonomy":"product_cat","embeddable":true,"href":"https:\/\/petskinacademy.com\/es\/wp-json\/wp\/v2\/product_cat?post=15775"},{"taxonomy":"product_tag","embeddable":true,"href":"https:\/\/petskinacademy.com\/es\/wp-json\/wp\/v2\/product_tag?post=15775"}],"curies":[{"name":"wp","href":"https:\/\/api.w.org\/{rel}","templated":true}]}}