{"id":15779,"date":"2024-12-13T03:41:44","date_gmt":"2024-12-13T08:41:44","guid":{"rendered":"https:\/\/petskinacademy.com\/?post_type=product&#038;p=15779"},"modified":"2025-03-28T09:38:11","modified_gmt":"2025-03-28T14:38:11","slug":"paquete-completo-de-cursos-de-certificacion-de-esteticista-de-mascotas-los-3-cursos-copy","status":"publish","type":"product","link":"https:\/\/petskinacademy.com\/es\/producto\/paquete-completo-de-cursos-de-certificacion-de-esteticista-de-mascotas-los-3-cursos-copy\/","title":{"rendered":"Paquete completo de cursos de certificaci\u00f3n de esteticista de mascotas (los 3 cursos &#8211; s\u00f3lo para estudiantes de EE.UU.)"},"content":{"rendered":"<p><span style=\"color: red;\"><strong>Este kit es s\u00f3lo para estudiantes de EE.UU.<\/strong><\/span><\/p>\n<p>Si no eres de Estados Unidos, te invitamos a que sigas adelante s\u00f3lo con la compra de la <a href=\"https:\/\/petskinacademy.com\/es\/producto\/paquete-completo-de-cursos-de-certificacion-de-esteticista-de-mascotas-los-3-cursos\/\">afiliaci\u00f3n<\/a> dedicada.<\/p>\n","protected":false},"excerpt":{"rendered":"<p><strong>Incluye<\/strong>: Curso Introductorio de Ciencia, Taller Avanzado de Ciencia y Tutor\u00eda Avanzada de Casos Pr\u00e1cticos<\/p>\n<hr \/>\n<p><span style=\"color: red;\"><strong>Este kit es s\u00f3lo para estudiantes de EE.UU.<\/strong><\/span><\/p>\n<p>Si no eres de Estados Unidos, te invitamos a que procedas \u00fanicamente a la compra de la <a href=\"https:\/\/petskinacademy.com\/es\/producto\/paquete-completo-de-cursos-de-certificacion-de-esteticista-de-mascotas-los-3-cursos\/\">afiliaci\u00f3n<\/a> dedicada.<\/p>\n<hr \/>\n<p>\u00a1CONS\u00cdGUELO TODO! Ahorra a lo grande con este impresionante paquete que te ofrece los tres cursos para obtener tu certificaci\u00f3n de Esteticista Canino Certificado. Este paquete te da acceso a los 3 cursos, incluidos el curso de Introducci\u00f3n a la Ciencia, el Taller de Ciencia Avanzada y el curso Avanzado de Mentor de Casos Pr\u00e1cticos. Con este paquete, estar\u00e1s en camino de unirte a una incre\u00edble comunidad de Esteticistas Caninos Certificados.<\/p>\n","protected":false},"featured_media":13632,"template":"","meta":{"content-type":"","pmpro_default_level":"","_ppp_document_settings_meta":""},"product_brand":[],"product_cat":[112],"product_tag":[],"class_list":{"0":"post-15779","1":"product","2":"type-product","3":"status-publish","4":"has-post-thumbnail","6":"product_cat-programa","7":"pmpro-has-access","9":"first","10":"outofstock","11":"sale","12":"sold-individually","13":"purchasable","14":"product-type-woosb"},"_links":{"self":[{"href":"https:\/\/petskinacademy.com\/es\/wp-json\/wp\/v2\/product\/15779","targetHints":{"allow":["GET"]}}],"collection":[{"href":"https:\/\/petskinacademy.com\/es\/wp-json\/wp\/v2\/product"}],"about":[{"href":"https:\/\/petskinacademy.com\/es\/wp-json\/wp\/v2\/types\/product"}],"wp:featuredmedia":[{"embeddable":true,"href":"https:\/\/petskinacademy.com\/es\/wp-json\/wp\/v2\/media\/13632"}],"wp:attachment":[{"href":"https:\/\/petskinacademy.com\/es\/wp-json\/wp\/v2\/media?parent=15779"}],"wp:term":[{"taxonomy":"product_brand","embeddable":true,"href":"https:\/\/petskinacademy.com\/es\/wp-json\/wp\/v2\/product_brand?post=15779"},{"taxonomy":"product_cat","embeddable":true,"href":"https:\/\/petskinacademy.com\/es\/wp-json\/wp\/v2\/product_cat?post=15779"},{"taxonomy":"product_tag","embeddable":true,"href":"https:\/\/petskinacademy.com\/es\/wp-json\/wp\/v2\/product_tag?post=15779"}],"curies":[{"name":"wp","href":"https:\/\/api.w.org\/{rel}","templated":true}]}}